{"id":11302,"date":"2022-06-21T13:59:46","date_gmt":"2022-06-21T13:59:46","guid":{"rendered":"https:\/\/woolskins.eu\/?post_type=product&#038;p=11302"},"modified":"2026-05-03T20:00:35","modified_gmt":"2026-05-03T20:00:35","slug":"rippenstrampler-naturweis","status":"publish","type":"product","link":"https:\/\/woolskins.eu\/de\/rib-romper-natural-white\/","title":{"rendered":"A Basic Brand - Babyanzug Rippe | Naturwei\u00df"},"content":{"rendered":"<h6>Eine Babymarke<\/h6>\n<p>Der ultimative Strampler f\u00fcr den ganzen Tag und die ganze Nacht. Unisex-Strampler ohne Fu\u00df aus unserer Lieblings-Rippbaumwolle mit verspieltem Roh-Finish. \u00d6ffnet sich mit kleinen Druckkn\u00f6pfen an der Vorderseite f\u00fcr schnellen und einfachen Zugriff. Das einfachste Design in Grundfarben.<\/p>\n<p>97% Baumwolle 3% Elasthan. STANDARD 100 von OEKO-TEX\u00ae<\/p>\n<p>Gr\u00f6\u00dfen:<\/p>\n<p>Schrittl\u00e4nge cm \/ Gesamtl\u00e4nge cm \/ \u00c4rmell\u00e4nge cm<\/p>\n<p>0m \u2013 13 \/ 41 \/ 18<br \/>\n3m \u2013 16 \/ 51 \/ 20<br \/>\n6m \u2013 19 \/ 58 \/ 24<\/p>\n<h5>Eine Babymarke<\/h5>\n<p>Entdecken Sie eine wirklich minimalistische Garderobe voller praktischer Essentials. Kombinieren Sie unsere Unisex-Modelle und -Farben. Kein Logo, kein Aufdruck, kein Schnickschnack.<\/p>\n<p>Unsere Mission ist es, Ihr Leben einfacher zu machen. Eine der Hauptideen unserer Philosophie ist daher PRAXIS. Uns liegt auch unser Planet sehr am Herzen und wir w\u00fcnschen uns, dass jeder ein minimalistischeres Leben f\u00fchrt und daher weniger Kleidung verwendet (#VERBRAUCH).<\/p>\n<p>Deshalb ist die Qualit\u00e4t unserer Produkte h\u00f6chstm\u00f6glich. Sie k\u00f6nnen sie jahrelang verwenden und weitergeben, wenn Sie fertig sind. Wir verwenden hochwertige Stoffe mit dem GOTS-Zertifikat f\u00fcr Bio-Baumwolle und dem STANDARD 100 von OEKO-TEX\u00ae. Alle unsere Produkte k\u00f6nnen beliebig oft in der Maschine gewaschen und im Trockner getrocknet werden. Sie werden feststellen, dass unser Baumwollvlies nicht einmal geb\u00fcgelt werden muss, um gut auszusehen.<\/p>","protected":false},"excerpt":{"rendered":"<h6>Eine Babymarke<\/h6>\n<p>Der ultimative Strampler f\u00fcr den ganzen Tag und die ganze Nacht. Unisex-Strampler ohne Fu\u00df, hergestellt aus unserer Lieblings-Rippbaumwolle mit perfekter Rohverarbeitung. \u00d6ffnet sich mit kleinen Druckkn\u00f6pfen an der Vorderseite f\u00fcr schnellen und einfachen Zugriff. Das einfachste Design in Grundfarben.<\/p>","protected":false},"featured_media":11310,"comment_status":"closed","ping_status":"closed","template":"","meta":{"_acf_changed":false},"product_brand":[],"product_cat":[335,361,360,363,529,534],"product_tag":[],"class_list":{"0":"post-11302","1":"product","2":"type-product","3":"status-publish","4":"has-post-thumbnail","6":"product_cat-a_baby_brand","7":"product_cat-babyshower","8":"product_cat-cadeautips","9":"product_cat-cadeaus-e25-e50","10":"product_cat-katoenen-babykleertjes","11":"product_cat-katoenen-babypak","12":"pa_maat-0-maanden","13":"pa_maat-3-maanden","14":"pa_maat-6-maanden","16":"first","17":"outofstock","18":"taxable","19":"shipping-taxable","20":"purchasable","21":"product-type-variable"},"acf":[],"_links":{"self":[{"href":"https:\/\/woolskins.eu\/de\/wp-json\/wp\/v2\/product\/11302","targetHints":{"allow":["GET"]}}],"collection":[{"href":"https:\/\/woolskins.eu\/de\/wp-json\/wp\/v2\/product"}],"about":[{"href":"https:\/\/woolskins.eu\/de\/wp-json\/wp\/v2\/types\/product"}],"replies":[{"embeddable":true,"href":"https:\/\/woolskins.eu\/de\/wp-json\/wp\/v2\/comments?post=11302"}],"wp:featuredmedia":[{"embeddable":true,"href":"https:\/\/woolskins.eu\/de\/wp-json\/wp\/v2\/media\/11310"}],"wp:attachment":[{"href":"https:\/\/woolskins.eu\/de\/wp-json\/wp\/v2\/media?parent=11302"}],"wp:term":[{"taxonomy":"product_brand","embeddable":true,"href":"https:\/\/woolskins.eu\/de\/wp-json\/wp\/v2\/product_brand?post=11302"},{"taxonomy":"product_cat","embeddable":true,"href":"https:\/\/woolskins.eu\/de\/wp-json\/wp\/v2\/product_cat?post=11302"},{"taxonomy":"product_tag","embeddable":true,"href":"https:\/\/woolskins.eu\/de\/wp-json\/wp\/v2\/product_tag?post=11302"}],"curies":[{"name":"wp","href":"https:\/\/api.w.org\/{rel}","templated":true}]}}