{"id":11237,"date":"2022-06-20T13:38:31","date_gmt":"2022-06-20T13:38:31","guid":{"rendered":"https:\/\/woolskins.eu\/?post_type=product&#038;p=11237"},"modified":"2026-05-07T11:54:31","modified_gmt":"2026-05-07T11:54:31","slug":"eimer-hut-schwarz","status":"publish","type":"product","link":"https:\/\/woolskins.eu\/de\/bucket-hat-black\/","title":{"rendered":"Eine Basic-Marke \u2013 Baby-Eimerhut | Schwarz"},"content":{"rendered":"<h6>Eine Babymarke<\/h6>\n<p>Ein echtes Sommer-Must-have ist dieser Canvas-Fischerhut mit ausgefransten R\u00e4ndern. Erh\u00e4ltlich in 4 Farben f\u00fcr ein echtes Mix-and-Match-Erlebnis. Der gro\u00dfe Gr\u00f6\u00dfenbereich \u2013 3 Gr\u00f6\u00dfen vom Neugeborenen bis zum Erwachsenen \u2013 macht diese M\u00fctze zu einem weiteren A BABY BRAND passenden Produkt f\u00fcr Kinder und Eltern.<\/p>\n<p>Gr\u00f6\u00dfen:<\/p>\n<p>S \u2013 0\/12 m \u2013 46 cm<br \/>\nM \u2013 1\/4J \u2013 53 cm<br \/>\nL \u2013 4 Jahre\/Erwachsener \u2013 60 cm<\/p>\n<h5>Eine Babymarke<\/h5>\n<p>Entdecken Sie eine wirklich minimalistische Garderobe voller praktischer Essentials. Kombinieren Sie unsere Unisex-Modelle und -Farben. Kein Logo, kein Aufdruck, kein Schnickschnack.<\/p>\n<p>Unsere Mission ist es, Ihr Leben einfacher zu machen. Eine der Hauptideen unserer Philosophie ist daher PRAXIS. Uns liegt auch unser Planet sehr am Herzen und wir w\u00fcnschen uns, dass jeder ein minimalistischeres Leben f\u00fchrt und daher weniger Kleidung verwendet (#VERBRAUCH).<\/p>\n<p>Deshalb ist die Qualit\u00e4t unserer Produkte h\u00f6chstm\u00f6glich. Sie k\u00f6nnen sie jahrelang verwenden und weitergeben, wenn Sie fertig sind. Wir verwenden hochwertige Stoffe mit dem GOTS-Zertifikat f\u00fcr Bio-Baumwolle und dem STANDARD 100 von OEKO-TEX\u00ae. Alle unsere Produkte k\u00f6nnen beliebig oft in der Maschine gewaschen und im Trockner getrocknet werden. Sie werden feststellen, dass unser Baumwollvlies nicht einmal geb\u00fcgelt werden muss, um gut auszusehen.<\/p>","protected":false},"excerpt":{"rendered":"<h6>Eine Babymarke<\/h6>\n<p>Ein echtes Sommer-Must-have ist dieser Canvas-Fischerhut mit ausgefransten R\u00e4ndern.<\/p>","protected":false},"featured_media":11243,"comment_status":"closed","ping_status":"closed","template":"","meta":{"_acf_changed":false},"product_brand":[],"product_cat":[335,351,361,360,362,350,529,535,31],"product_tag":[],"class_list":{"0":"post-11237","1":"product","2":"type-product","3":"status-publish","4":"has-post-thumbnail","6":"product_cat-a_baby_brand","7":"product_cat-accessoiresvoormama","8":"product_cat-babyshower","9":"product_cat-cadeautips","10":"product_cat-cadeaus-tot-e-25","11":"product_cat-fashion","12":"product_cat-katoenen-babykleertjes","13":"product_cat-katoenen-babymuts-babysjaaltjes","14":"product_cat-yogamat-wol","15":"pa_maat-l","16":"pa_maat-m","17":"pa_maat-s","19":"first","20":"instock","21":"taxable","22":"shipping-taxable","23":"purchasable","24":"product-type-variable"},"acf":[],"_links":{"self":[{"href":"https:\/\/woolskins.eu\/de\/wp-json\/wp\/v2\/product\/11237","targetHints":{"allow":["GET"]}}],"collection":[{"href":"https:\/\/woolskins.eu\/de\/wp-json\/wp\/v2\/product"}],"about":[{"href":"https:\/\/woolskins.eu\/de\/wp-json\/wp\/v2\/types\/product"}],"replies":[{"embeddable":true,"href":"https:\/\/woolskins.eu\/de\/wp-json\/wp\/v2\/comments?post=11237"}],"wp:featuredmedia":[{"embeddable":true,"href":"https:\/\/woolskins.eu\/de\/wp-json\/wp\/v2\/media\/11243"}],"wp:attachment":[{"href":"https:\/\/woolskins.eu\/de\/wp-json\/wp\/v2\/media?parent=11237"}],"wp:term":[{"taxonomy":"product_brand","embeddable":true,"href":"https:\/\/woolskins.eu\/de\/wp-json\/wp\/v2\/product_brand?post=11237"},{"taxonomy":"product_cat","embeddable":true,"href":"https:\/\/woolskins.eu\/de\/wp-json\/wp\/v2\/product_cat?post=11237"},{"taxonomy":"product_tag","embeddable":true,"href":"https:\/\/woolskins.eu\/de\/wp-json\/wp\/v2\/product_tag?post=11237"}],"curies":[{"name":"wp","href":"https:\/\/api.w.org\/{rel}","templated":true}]}}