{"id":7910,"date":"2022-03-03T15:16:22","date_gmt":"2022-03-03T15:16:22","guid":{"rendered":"https:\/\/woolskins.eu\/?post_type=product&#038;p=7910"},"modified":"2026-01-30T13:19:53","modified_gmt":"2026-01-30T13:19:53","slug":"vedligeholdelsesborste-2","status":"publish","type":"product","link":"https:\/\/woolskins.eu\/da\/onderhoudsborstel-2\/","title":{"rendered":"Vedligeholdelsesb\u00f8rste"},"content":{"rendered":"<p>Den bedste m\u00e5de at vedligeholde din pels p\u00e5 er regelm\u00e6ssigt at lufte den udenfor, klappe den ud og b\u00f8rste den kort. P\u00e5 denne m\u00e5de holder du din pels smuk i lang tid, uden at den bliver filtet.<\/p>\n<p>\u2013 Vedligeholdelsesb\u00f8rste 14 cm.<\/p>\n<p>Hvis du har en vaskbar frakke (medicinsk kvalitet, gyldengul frakke), anbefaler vi at vente s\u00e5 l\u00e6nge som muligt, f\u00f8r du vasker den. Normalt er det i tilf\u00e6lde af et mindre uheld tilstr\u00e6kkeligt at t\u00f8rre det af med en fugtig vaskeklud, derefter lade det t\u00f8rre\/lufte og b\u00f8rste det kort.<\/p>","protected":false},"excerpt":{"rendered":"<p>Dette vedligeholdelsess\u00e6t er specielt til vedligeholdelse af (vaskbare) f\u00e5reskind. Det \u00f8kologiske reng\u00f8ringsmiddel, baseret p\u00e5 olivenolie, har en fedtbevarende effekt og indeholder lanolin for at bevare pelsens sunde egenskaber og smidighed. 250 ml = vask 5 gange.<\/p>","protected":false},"featured_media":7906,"comment_status":"closed","ping_status":"closed","template":"","meta":{"_acf_changed":false},"product_brand":[],"product_cat":[357,216,222,354],"product_tag":[],"class_list":{"0":"post-7910","1":"product","2":"type-product","3":"status-publish","4":"has-post-thumbnail","6":"product_cat-onderhoud","7":"product_cat-schapenvacht-voor-baby","8":"product_cat-buggy-schapenvachtjes","9":"product_cat-woolskins","11":"first","12":"instock","13":"taxable","14":"shipping-taxable","15":"purchasable","16":"product-type-simple"},"acf":[],"_links":{"self":[{"href":"https:\/\/woolskins.eu\/da\/wp-json\/wp\/v2\/product\/7910","targetHints":{"allow":["GET"]}}],"collection":[{"href":"https:\/\/woolskins.eu\/da\/wp-json\/wp\/v2\/product"}],"about":[{"href":"https:\/\/woolskins.eu\/da\/wp-json\/wp\/v2\/types\/product"}],"replies":[{"embeddable":true,"href":"https:\/\/woolskins.eu\/da\/wp-json\/wp\/v2\/comments?post=7910"}],"wp:featuredmedia":[{"embeddable":true,"href":"https:\/\/woolskins.eu\/da\/wp-json\/wp\/v2\/media\/7906"}],"wp:attachment":[{"href":"https:\/\/woolskins.eu\/da\/wp-json\/wp\/v2\/media?parent=7910"}],"wp:term":[{"taxonomy":"product_brand","embeddable":true,"href":"https:\/\/woolskins.eu\/da\/wp-json\/wp\/v2\/product_brand?post=7910"},{"taxonomy":"product_cat","embeddable":true,"href":"https:\/\/woolskins.eu\/da\/wp-json\/wp\/v2\/product_cat?post=7910"},{"taxonomy":"product_tag","embeddable":true,"href":"https:\/\/woolskins.eu\/da\/wp-json\/wp\/v2\/product_tag?post=7910"}],"curies":[{"name":"wp","href":"https:\/\/api.w.org\/{rel}","templated":true}]}}