{"id":7909,"date":"2022-03-03T15:02:21","date_gmt":"2022-03-03T15:02:21","guid":{"rendered":"https:\/\/woolskins.eu\/?post_type=product&#038;p=7909"},"modified":"2024-12-05T11:12:27","modified_gmt":"2024-12-05T11:12:27","slug":"okologisk-uldvaskemiddel-med-lanolin","status":"publish","type":"product","link":"https:\/\/woolskins.eu\/da\/ecologisch-wolwasmiddel-met-lanoline\/","title":{"rendered":"\u00d8kologisk uldvaskemiddel med lanolin"},"content":{"rendered":"<p>Dette uldvaskemiddel renser uldt\u00f8j og sarte stoffer effektivt men sk\u00e5nsomt. Velegnet til h\u00e5ndvask eller finvask i vaskemaskinen. Der er tilf\u00f8jet ekstra lanolin, s\u00e5 dit uldprodukt restituerer og bliver vidunderligt bl\u00f8dt.<\/p>\n<p>\u2013 Uden optiske blegemidler.<br \/>\n- 250 ml (nok til 5x vask af dit vaskbare f\u00e5reskind).<br \/>\n\u2013 Til vaskemaskine og h\u00e5ndvask op til 40 \u00b0C.<br \/>\n&#8211; <i class=\"sui sui-leaf\"><\/i>Vegetabilsk base, uden palmeolie.<\/p>\n<p>Leder du efter et godt \u00f8kologisk vaskemiddel til uld &amp; silke? S\u00e5 pr\u00f8v vores uldvaskemiddel og sarte vaskemiddel baseret p\u00e5 olivenolies\u00e6be. Den renser naturligt effektivt og fjerner pletter, selv ved lave temperaturer. Dette uldvaskemiddel er formuleret p\u00e5 en s\u00e5dan m\u00e5de, at det renser effektivt og ikke indeholder optiske blegemidler.<\/p>\n<p>Det naturlige uldfedt i uldt\u00f8j beskadiges ikke, hvilket sikrer, at det bevarer sin bl\u00f8dhed, tekstur og udseende. Dette \u00f8kologiske uldvaskemiddel indeholder ikke palmeolie, optiske farveforst\u00e6rkere eller silikone.<\/p>\n<p>Hvis du \u00f8nsker at vaske din vaskbare frakke (medicinsk kvalitet, gyldengule frakker), kan du ogs\u00e5 g\u00f8re det med dette vaskemiddel.<\/p>","protected":false},"excerpt":{"rendered":"<p>Leder du efter et godt \u00f8kologisk vaskemiddel til uld og silke? S\u00e5 pr\u00f8v vores uldvaskemiddel og finvaskemiddel baseret p\u00e5 olivenolies\u00e6be. Det vasker effektivt og naturligt og fjerner pletter, selv ved lave temperaturer. Indhold: 250 ml.<\/p>","protected":false},"featured_media":7908,"comment_status":"closed","ping_status":"closed","template":"","meta":{"_acf_changed":false},"product_brand":[],"product_cat":[357,216,354],"product_tag":[],"class_list":{"0":"post-7909","1":"product","2":"type-product","3":"status-publish","4":"has-post-thumbnail","6":"product_cat-onderhoud","7":"product_cat-schapenvacht-voor-baby","8":"product_cat-woolskins","10":"first","11":"instock","12":"taxable","13":"shipping-taxable","14":"purchasable","15":"product-type-simple"},"acf":[],"_links":{"self":[{"href":"https:\/\/woolskins.eu\/da\/wp-json\/wp\/v2\/product\/7909","targetHints":{"allow":["GET"]}}],"collection":[{"href":"https:\/\/woolskins.eu\/da\/wp-json\/wp\/v2\/product"}],"about":[{"href":"https:\/\/woolskins.eu\/da\/wp-json\/wp\/v2\/types\/product"}],"replies":[{"embeddable":true,"href":"https:\/\/woolskins.eu\/da\/wp-json\/wp\/v2\/comments?post=7909"}],"wp:featuredmedia":[{"embeddable":true,"href":"https:\/\/woolskins.eu\/da\/wp-json\/wp\/v2\/media\/7908"}],"wp:attachment":[{"href":"https:\/\/woolskins.eu\/da\/wp-json\/wp\/v2\/media?parent=7909"}],"wp:term":[{"taxonomy":"product_brand","embeddable":true,"href":"https:\/\/woolskins.eu\/da\/wp-json\/wp\/v2\/product_brand?post=7909"},{"taxonomy":"product_cat","embeddable":true,"href":"https:\/\/woolskins.eu\/da\/wp-json\/wp\/v2\/product_cat?post=7909"},{"taxonomy":"product_tag","embeddable":true,"href":"https:\/\/woolskins.eu\/da\/wp-json\/wp\/v2\/product_tag?post=7909"}],"curies":[{"name":"wp","href":"https:\/\/api.w.org\/{rel}","templated":true}]}}