{"id":7616,"date":"2022-02-14T11:54:32","date_gmt":"2022-02-14T11:54:32","guid":{"rendered":"https:\/\/woolskins.eu\/?post_type=product&#038;p=7616"},"modified":"2026-01-02T11:33:06","modified_gmt":"2026-01-02T11:33:06","slug":"uldsko-lysegra","status":"publish","type":"product","link":"https:\/\/woolskins.eu\/da\/wool-shoes-light-grey\/","title":{"rendered":"A Basic Brand \u2013 uldne babysko | Lysegr\u00e5"},"content":{"rendered":"<p>Disse s\u00f8de sm\u00e5 uldne sko er luftige og bl\u00f8de. Skoene holder dit barns f\u00f8dder dejlig varme og behagelige og er lavet af 100% uld. De har bomuldssn\u00f8reb\u00e5nd for at holde dem p\u00e5 din babys f\u00f8dder.<\/p>\n<p>Disse \u00e5ndbare uldsko f\u00e5s i to st\u00f8rrelser: nyf\u00f8dt og baby.<\/p>\n<p>St\u00f8rrelser:<\/p>\n<p>S \u2013 0\/12m \u2013 10cm<br \/>\nL \u2013 12\/24m \u2013 12 cm<\/p>\n<p>Bem\u00e6rk venligst: ikke beregnet til at g\u00e5<\/p>\n<h5>Et babym\u00e6rke<\/h5>\n<p>Oplev en virkelig minimalistisk garderobe fuld af praktiske ting. Mix og match vores unisex modeller og farver. Intet logo, intet tryk, ingen ballade.<\/p>\n<p>Vores mission er at g\u00f8re dit liv lettere, s\u00e5 en af hovedideerne bag vores filosofi er PRAKSIS. Vi bekymrer os ogs\u00e5 dybt om vores planet og \u00f8nsker, at alle ville leve et mere minimalistisk liv og derfor bruge mindre t\u00f8j (# FORBRUGT).<\/p>\n<p>Derfor er kvaliteten af vores produkter den h\u00f8jest mulige. Du kan bruge dem i \u00e5revis og give dem videre, n\u00e5r du er f\u00e6rdig. Vi bruger topstoffer med b\u00e5de GOTS Organic Cotton Certificate &amp; STANDARD 100 by OEKO-TEX\u00ae. Alle vores produkter kan maskinvaskes og t\u00f8rretumbles s\u00e5 ofte du har lyst. Du vil opdage, at vores bomuldsfleece ikke engang skal stryges for at se godt ud.<\/p>","protected":false},"excerpt":{"rendered":"<p>Skoene holder dit barns f\u00f8dder dejlig varme og behagelige og er lavet af 100% uld.<\/p>","protected":false},"featured_media":7621,"comment_status":"closed","ping_status":"closed","template":"","meta":{"_acf_changed":false},"product_brand":[],"product_cat":[335,345,361,360,363,200,323,459],"product_tag":[],"class_list":{"0":"post-7616","1":"product","2":"type-product","3":"status-publish","4":"has-post-thumbnail","6":"product_cat-a_baby_brand","7":"product_cat-accessoires","8":"product_cat-babyshower","9":"product_cat-cadeautips","10":"product_cat-cadeaus-e25-e50","11":"product_cat-wollen-babykleding","12":"product_cat-slofjes","13":"product_cat-sale","14":"pa_maat-l","15":"pa_maat-s","17":"first","18":"instock","19":"taxable","20":"shipping-taxable","21":"purchasable","22":"product-type-variable"},"acf":[],"_links":{"self":[{"href":"https:\/\/woolskins.eu\/da\/wp-json\/wp\/v2\/product\/7616","targetHints":{"allow":["GET"]}}],"collection":[{"href":"https:\/\/woolskins.eu\/da\/wp-json\/wp\/v2\/product"}],"about":[{"href":"https:\/\/woolskins.eu\/da\/wp-json\/wp\/v2\/types\/product"}],"replies":[{"embeddable":true,"href":"https:\/\/woolskins.eu\/da\/wp-json\/wp\/v2\/comments?post=7616"}],"wp:featuredmedia":[{"embeddable":true,"href":"https:\/\/woolskins.eu\/da\/wp-json\/wp\/v2\/media\/7621"}],"wp:attachment":[{"href":"https:\/\/woolskins.eu\/da\/wp-json\/wp\/v2\/media?parent=7616"}],"wp:term":[{"taxonomy":"product_brand","embeddable":true,"href":"https:\/\/woolskins.eu\/da\/wp-json\/wp\/v2\/product_brand?post=7616"},{"taxonomy":"product_cat","embeddable":true,"href":"https:\/\/woolskins.eu\/da\/wp-json\/wp\/v2\/product_cat?post=7616"},{"taxonomy":"product_tag","embeddable":true,"href":"https:\/\/woolskins.eu\/da\/wp-json\/wp\/v2\/product_tag?post=7616"}],"curies":[{"name":"wp","href":"https:\/\/api.w.org\/{rel}","templated":true}]}}