{"id":7505,"date":"2022-02-11T11:58:48","date_gmt":"2022-02-11T11:58:48","guid":{"rendered":"https:\/\/woolskins.eu\/?post_type=product&#038;p=7505"},"modified":"2026-03-31T12:28:19","modified_gmt":"2026-03-31T12:28:19","slug":"rib-leggings-nude","status":"publish","type":"product","link":"https:\/\/woolskins.eu\/da\/rib-legging-nude\/","title":{"rendered":"A Basic Brand \u2013 Baby Legging Rib | N\u00f8gen"},"content":{"rendered":"<p>Unisex leggings lavet af ribbet bomuldsstof, med en legende ru finish. De tilpasser sig perfekt til din lilles form. Kombiner med en rib sweatshirt for et helt afslappet look.<\/p>\n<p>97% bomuld 3% elastan.<\/p>\n<p>STANDARD 100 fra OEKO-TEX\u00ae<\/p>\n<p>St\u00f8rrelser:<\/p>\n<p>0m \u2013 56 cm<br \/>\n3m \u2013 62 cm<br \/>\n6m \u2013 68cm<br \/>\n1 \u00e5r \u2013 80 cm<\/p>\n<h5>Et babym\u00e6rke<\/h5>\n<p>Oplev en virkelig minimalistisk garderobe fuld af praktiske ting. Mix og match vores unisex modeller og farver. Intet logo, intet tryk, ingen ballade.<\/p>\n<p>Vores mission er at g\u00f8re dit liv lettere, s\u00e5 en af hovedideerne bag vores filosofi er PRAKSIS. Vi bekymrer os ogs\u00e5 dybt om vores planet og \u00f8nsker, at alle ville leve et mere minimalistisk liv og derfor bruge mindre t\u00f8j (# FORBRUGT).<\/p>\n<p>Derfor er kvaliteten af vores produkter den h\u00f8jest mulige. Du kan bruge dem i \u00e5revis og give dem videre, n\u00e5r du er f\u00e6rdig. Vi bruger topstoffer med b\u00e5de GOTS Organic Cotton Certificate &amp; STANDARD 100 by OEKO-TEX\u00ae. Alle vores produkter kan maskinvaskes og t\u00f8rretumbles s\u00e5 ofte du har lyst. Du vil opdage, at vores bomuldsfleece ikke engang skal stryges for at se godt ud.<\/p>","protected":false},"excerpt":{"rendered":"<p>Disse ribbede leggings tilpasser sig perfekt til din lilles form. Kombiner med en rib sweatshirt for et afslappet look.<\/p>","protected":false},"featured_media":7510,"comment_status":"closed","ping_status":"closed","template":"","meta":{"_acf_changed":false},"product_brand":[],"product_cat":[360,335,361,363,529,532],"product_tag":[],"class_list":{"0":"post-7505","1":"product","2":"type-product","3":"status-publish","4":"has-post-thumbnail","6":"product_cat-cadeautips","7":"product_cat-a_baby_brand","8":"product_cat-babyshower","9":"product_cat-cadeaus-e25-e50","10":"product_cat-katoenen-babykleertjes","11":"product_cat-katoenen-babybroekjes","12":"pa_maat-0-maanden","13":"pa_maat-1-jaar","14":"pa_maat-3-maanden","15":"pa_maat-6-maanden","17":"first","18":"instock","19":"taxable","20":"shipping-taxable","21":"purchasable","22":"product-type-variable"},"acf":[],"_links":{"self":[{"href":"https:\/\/woolskins.eu\/da\/wp-json\/wp\/v2\/product\/7505","targetHints":{"allow":["GET"]}}],"collection":[{"href":"https:\/\/woolskins.eu\/da\/wp-json\/wp\/v2\/product"}],"about":[{"href":"https:\/\/woolskins.eu\/da\/wp-json\/wp\/v2\/types\/product"}],"replies":[{"embeddable":true,"href":"https:\/\/woolskins.eu\/da\/wp-json\/wp\/v2\/comments?post=7505"}],"wp:featuredmedia":[{"embeddable":true,"href":"https:\/\/woolskins.eu\/da\/wp-json\/wp\/v2\/media\/7510"}],"wp:attachment":[{"href":"https:\/\/woolskins.eu\/da\/wp-json\/wp\/v2\/media?parent=7505"}],"wp:term":[{"taxonomy":"product_brand","embeddable":true,"href":"https:\/\/woolskins.eu\/da\/wp-json\/wp\/v2\/product_brand?post=7505"},{"taxonomy":"product_cat","embeddable":true,"href":"https:\/\/woolskins.eu\/da\/wp-json\/wp\/v2\/product_cat?post=7505"},{"taxonomy":"product_tag","embeddable":true,"href":"https:\/\/woolskins.eu\/da\/wp-json\/wp\/v2\/product_tag?post=7505"}],"curies":[{"name":"wp","href":"https:\/\/api.w.org\/{rel}","templated":true}]}}