{"id":7318,"date":"2022-02-09T12:54:40","date_gmt":"2022-02-09T12:54:40","guid":{"rendered":"https:\/\/woolskins.eu\/?post_type=product&#038;p=7318"},"modified":"2026-05-11T13:52:39","modified_gmt":"2026-05-11T13:52:39","slug":"ribhue-naturhvid","status":"publish","type":"product","link":"https:\/\/woolskins.eu\/da\/rib-beanie-naturel-white\/","title":{"rendered":"A Basic Brand \u2013 Baby Hat Rib Beanie | Naturlig hvid"},"content":{"rendered":"<p>Ribbet hue i bomuld. En afslappet hat og en perfekt tilf\u00f8jelse til din lilles garderobe. F\u00e5s i tre st\u00f8rrelser - fra nyf\u00f8dt til voksen. Dette brede st\u00f8rrelsesomr\u00e5de g\u00f8r et perfekt A BABY-M\u00c6RKE-produkt til match mellem b\u00f8rn og for\u00e6ldre.<\/p>\n<p>97% bomuld<br \/>\n3% elastan<\/p>\n<p>STANDARD 100 fra OEKO-TEX\u00ae<\/p>\n<p>St\u00f8rrelser<\/p>\n<p>S \u2013 0\/6m<br \/>\nM \u2013 6m\/2\u00e5r<br \/>\nL \u2013 2 \u00e5r +<\/p>\n<h5>Et babym\u00e6rke<\/h5>\n<p>Oplev en virkelig minimalistisk garderobe fuld af praktiske ting. Mix og match vores unisex modeller og farver. Intet logo, intet tryk, ingen ballade.<\/p>\n<p>Vores mission er at g\u00f8re dit liv lettere, s\u00e5 en af hovedideerne bag vores filosofi er PRAKSIS. Vi bekymrer os ogs\u00e5 dybt om vores planet og \u00f8nsker, at alle ville leve et mere minimalistisk liv og derfor bruge mindre t\u00f8j (# FORBRUGT).<\/p>\n<p>Derfor er kvaliteten af vores produkter den h\u00f8jest mulige. Du kan bruge dem i \u00e5revis og give dem videre, n\u00e5r du er f\u00e6rdig. Vi bruger topstoffer med b\u00e5de GOTS Organic Cotton Certificate &amp; STANDARD 100 by OEKO-TEX\u00ae. Alle vores produkter kan maskinvaskes og t\u00f8rretumbles s\u00e5 ofte du har lyst. Du vil opdage, at vores bomuldsfleece ikke engang skal stryges for at se godt ud.<\/p>","protected":false},"excerpt":{"rendered":"<p>Bomuldshat lavet af ribbet bomuld. En afslappet hat og en perfekt tilf\u00f8jelse til din lilles garderobe.<\/p>","protected":false},"featured_media":7407,"comment_status":"closed","ping_status":"closed","template":"","meta":{"_acf_changed":false},"product_brand":[],"product_cat":[335,361,360,362,529,535],"product_tag":[],"class_list":{"0":"post-7318","1":"product","2":"type-product","3":"status-publish","4":"has-post-thumbnail","6":"product_cat-a_baby_brand","7":"product_cat-babyshower","8":"product_cat-cadeautips","9":"product_cat-cadeaus-tot-e-25","10":"product_cat-katoenen-babykleertjes","11":"product_cat-katoenen-babymuts-babysjaaltjes","12":"pa_maat-l","13":"pa_maat-m","14":"pa_maat-s","16":"first","17":"instock","18":"taxable","19":"shipping-taxable","20":"purchasable","21":"product-type-variable"},"acf":[],"_links":{"self":[{"href":"https:\/\/woolskins.eu\/da\/wp-json\/wp\/v2\/product\/7318","targetHints":{"allow":["GET"]}}],"collection":[{"href":"https:\/\/woolskins.eu\/da\/wp-json\/wp\/v2\/product"}],"about":[{"href":"https:\/\/woolskins.eu\/da\/wp-json\/wp\/v2\/types\/product"}],"replies":[{"embeddable":true,"href":"https:\/\/woolskins.eu\/da\/wp-json\/wp\/v2\/comments?post=7318"}],"wp:featuredmedia":[{"embeddable":true,"href":"https:\/\/woolskins.eu\/da\/wp-json\/wp\/v2\/media\/7407"}],"wp:attachment":[{"href":"https:\/\/woolskins.eu\/da\/wp-json\/wp\/v2\/media?parent=7318"}],"wp:term":[{"taxonomy":"product_brand","embeddable":true,"href":"https:\/\/woolskins.eu\/da\/wp-json\/wp\/v2\/product_brand?post=7318"},{"taxonomy":"product_cat","embeddable":true,"href":"https:\/\/woolskins.eu\/da\/wp-json\/wp\/v2\/product_cat?post=7318"},{"taxonomy":"product_tag","embeddable":true,"href":"https:\/\/woolskins.eu\/da\/wp-json\/wp\/v2\/product_tag?post=7318"}],"curies":[{"name":"wp","href":"https:\/\/api.w.org\/{rel}","templated":true}]}}