{"id":7271,"date":"2022-02-09T11:44:46","date_gmt":"2022-02-09T11:44:46","guid":{"rendered":"https:\/\/woolskins.eu\/?post_type=product&#038;p=7271"},"modified":"2025-12-12T15:05:40","modified_gmt":"2025-12-12T15:05:40","slug":"a-baby-brand-sweatshirt-naturhvid","status":"publish","type":"product","link":"https:\/\/woolskins.eu\/da\/a-baby-brand-sweatshirt-naturel-white\/","title":{"rendered":"A Basic Brand \u2013 Baby Sweatshirt | Naturlig hvid"},"content":{"rendered":"<p>En afslappet l\u00f8s sweatshirt lavet af vores velkendte smidige bomuldsfleece. Denne ultrakomfortable bomuldsblanding f\u00f8les utrolig bl\u00f8d, og fleece-interi\u00f8ret vil \u00f8jeblikkeligt blive din favorit. Sweatshirten med rund hals har den mest minimalistiske perfekte r\u00e5 finish, som f\u00e5r karakter efter hver vask. For et oversized look, tag en st\u00f8rrelse st\u00f8rre.<\/p>\n<p>97% bomuld 3% elastan. STANDARD 100 fra OEKO-TEX\u00ae<\/p>\n<p>St\u00f8rrelser:<\/p>\n<p>total l\u00e6ngde cm \/ \u00e6rmel\u00e6ngde cm \/ total bredde cm<\/p>\n<p>6m \u2013 30\/23\/29<br \/>\n1\u00e5r \u2013 33\/27\/31<\/p>\n<h5>Et babym\u00e6rke<\/h5>\n<p>Oplev en virkelig minimalistisk garderobe fuld af praktiske ting. Mix og match vores unisex modeller og farver. Intet logo, intet tryk, ingen ballade.<\/p>\n<p>Vores mission er at g\u00f8re dit liv lettere, s\u00e5 en af hovedideerne bag vores filosofi er PRAKSIS. Vi bekymrer os ogs\u00e5 dybt om vores planet og \u00f8nsker, at alle ville leve et mere minimalistisk liv og derfor bruge mindre t\u00f8j (# FORBRUGT).<\/p>\n<p>Derfor er kvaliteten af vores produkter den h\u00f8jest mulige. Du kan bruge dem i \u00e5revis og give dem videre, n\u00e5r du er f\u00e6rdig. Vi bruger topstoffer med b\u00e5de GOTS Organic Cotton Certificate &amp; STANDARD 100 by OEKO-TEX\u00ae. Alle vores produkter kan maskinvaskes og t\u00f8rretumbles s\u00e5 ofte du har lyst. Du vil opdage, at vores bomuldsfleece ikke engang skal stryges for at se godt ud.<\/p>","protected":false},"excerpt":{"rendered":"<p>En afslappet l\u00f8s sweatshirt lavet af vores velkendte smidige bomuldsfleece. Denne ultrakomfortable bomuldsblanding f\u00f8les utrolig bl\u00f8d, og fleece-interi\u00f8ret vil \u00f8jeblikkeligt blive din favorit.<\/p>","protected":false},"featured_media":7335,"comment_status":"closed","ping_status":"closed","template":"","meta":{"_acf_changed":false},"product_brand":[],"product_cat":[335,360,363,529,530],"product_tag":[],"class_list":{"0":"post-7271","1":"product","2":"type-product","3":"status-publish","4":"has-post-thumbnail","6":"product_cat-a_baby_brand","7":"product_cat-cadeautips","8":"product_cat-cadeaus-e25-e50","9":"product_cat-katoenen-babykleertjes","10":"product_cat-katoenen-babyshirt","11":"pa_maat-1-jaar","12":"pa_maat-6-maanden","14":"first","15":"instock","16":"taxable","17":"shipping-taxable","18":"purchasable","19":"product-type-variable"},"acf":[],"_links":{"self":[{"href":"https:\/\/woolskins.eu\/da\/wp-json\/wp\/v2\/product\/7271","targetHints":{"allow":["GET"]}}],"collection":[{"href":"https:\/\/woolskins.eu\/da\/wp-json\/wp\/v2\/product"}],"about":[{"href":"https:\/\/woolskins.eu\/da\/wp-json\/wp\/v2\/types\/product"}],"replies":[{"embeddable":true,"href":"https:\/\/woolskins.eu\/da\/wp-json\/wp\/v2\/comments?post=7271"}],"wp:featuredmedia":[{"embeddable":true,"href":"https:\/\/woolskins.eu\/da\/wp-json\/wp\/v2\/media\/7335"}],"wp:attachment":[{"href":"https:\/\/woolskins.eu\/da\/wp-json\/wp\/v2\/media?parent=7271"}],"wp:term":[{"taxonomy":"product_brand","embeddable":true,"href":"https:\/\/woolskins.eu\/da\/wp-json\/wp\/v2\/product_brand?post=7271"},{"taxonomy":"product_cat","embeddable":true,"href":"https:\/\/woolskins.eu\/da\/wp-json\/wp\/v2\/product_cat?post=7271"},{"taxonomy":"product_tag","embeddable":true,"href":"https:\/\/woolskins.eu\/da\/wp-json\/wp\/v2\/product_tag?post=7271"}],"curies":[{"name":"wp","href":"https:\/\/api.w.org\/{rel}","templated":true}]}}