{"id":7242,"date":"2022-02-04T14:31:12","date_gmt":"2022-02-04T14:31:12","guid":{"rendered":"https:\/\/woolskins.eu\/?post_type=product&#038;p=7242"},"modified":"2026-03-04T13:32:25","modified_gmt":"2026-03-04T13:32:25","slug":"nusseklud-pude-mane-beige","status":"publish","type":"product","link":"https:\/\/woolskins.eu\/da\/knuffelkussen-maan-beige\/","title":{"rendered":"Uld babypude M\u00e5ne \u2013 Tommelfinger | Beige"},"content":{"rendered":"<p>En vidunderlig bl\u00f8d uldpude i form af M\u00e5nen. Denne fine pude passer perfekt i det trendy babyv\u00e6relse og b\u00f8rnev\u00e6relse. Kombiner denne pude med de andre smukke uldprodukter fra Woolskins!<\/p>\n<p>M\u00e5l: 50 x 35 cm.<\/p>\n<p>Dette produkt har Safe for Children og Woolmark kvalitetsm\u00e6rket<\/p>\n<h5>Etiket af uldskind<\/h5>\n<p>Efter mange \u00e5rs succesfuldt samarbejde med Alwero, kan vi stolt meddele, at vi nu f\u00f8rer vores produkter under vores eget Woolskins-m\u00e6rke.<\/p>\n<p>P\u00e5 denne m\u00e5de f\u00e5r du stadig den bedste kvalitet, men kombineret med de flotteste og unikke produkter og designs.<\/p>\n<p>Kvaliteten af stofferne og farverne forbliver, som de altid har v\u00e6ret, men der er nu et st\u00f8rre udvalg, som Woolskins mener kan udm\u00e6rke sig.<\/p>\n<p>Vores brede kollektion er sammensat p\u00e5 en s\u00e5dan m\u00e5de, at de er et godt supplement til ethvert babys\u00e6t, lavet af 100% europ\u00e6isk uld, der \u00e5nder og passer til enhver s\u00e6son.<\/p>\n<p>Vi g\u00e5r entusiastisk sammen om at skabe et b\u00e6redygtigt, naturligt og mest behageligt produkt til dit barn.<\/p>","protected":false},"excerpt":{"rendered":"<p>Pyntepuder i uld er en sjov og hyggelig m\u00e5de at pifte b\u00f8rnev\u00e6relset op. De er bl\u00f8de, varme og behagelige at putte med. Derudover kommer de i forskellige farver og former, s\u00e5 du kan matche dem til rummets stil og tema. Kombiner denne pude med de andre smukke uldprodukter fra Thumbled-serien fra Woolskins. Pyntepuder i uld er et fantastisk tilbeh\u00f8r til b\u00f8rnev\u00e6relset, ikke kun smukke at se p\u00e5, men ogs\u00e5 sjove at lege med!<\/p>\n<p><strong>M\u00e6rke: Woolskins<\/strong><br \/>\n<strong>Produktion: Polen<\/strong><\/p>","protected":false},"featured_media":7236,"comment_status":"closed","ping_status":"closed","template":"","meta":{"_acf_changed":false},"product_brand":[],"product_cat":[361,360,363,196,348,194],"product_tag":[],"class_list":{"0":"post-7242","1":"product","2":"type-product","3":"status-publish","4":"has-post-thumbnail","6":"product_cat-babyshower","7":"product_cat-cadeautips","8":"product_cat-cadeaus-e25-e50","9":"product_cat-slaapkleding-baby","10":"product_cat-kussens","11":"product_cat-wollen-babyproducten","12":"pa_maat-m","13":"pa_maat-s","15":"first","16":"instock","17":"taxable","18":"shipping-taxable","19":"purchasable","20":"product-type-simple"},"acf":[],"_links":{"self":[{"href":"https:\/\/woolskins.eu\/da\/wp-json\/wp\/v2\/product\/7242","targetHints":{"allow":["GET"]}}],"collection":[{"href":"https:\/\/woolskins.eu\/da\/wp-json\/wp\/v2\/product"}],"about":[{"href":"https:\/\/woolskins.eu\/da\/wp-json\/wp\/v2\/types\/product"}],"replies":[{"embeddable":true,"href":"https:\/\/woolskins.eu\/da\/wp-json\/wp\/v2\/comments?post=7242"}],"wp:featuredmedia":[{"embeddable":true,"href":"https:\/\/woolskins.eu\/da\/wp-json\/wp\/v2\/media\/7236"}],"wp:attachment":[{"href":"https:\/\/woolskins.eu\/da\/wp-json\/wp\/v2\/media?parent=7242"}],"wp:term":[{"taxonomy":"product_brand","embeddable":true,"href":"https:\/\/woolskins.eu\/da\/wp-json\/wp\/v2\/product_brand?post=7242"},{"taxonomy":"product_cat","embeddable":true,"href":"https:\/\/woolskins.eu\/da\/wp-json\/wp\/v2\/product_cat?post=7242"},{"taxonomy":"product_tag","embeddable":true,"href":"https:\/\/woolskins.eu\/da\/wp-json\/wp\/v2\/product_tag?post=7242"}],"curies":[{"name":"wp","href":"https:\/\/api.w.org\/{rel}","templated":true}]}}