{"id":7222,"date":"2022-02-04T14:15:51","date_gmt":"2022-02-04T14:15:51","guid":{"rendered":"https:\/\/woolskins.eu\/?post_type=product&#038;p=7222"},"modified":"2026-04-29T06:33:29","modified_gmt":"2026-04-29T06:33:29","slug":"alwero-handvarmere-tommelfinger-gra","status":"publish","type":"product","link":"https:\/\/woolskins.eu\/da\/alwero-handwarmers-thumby-grijs\/","title":{"rendered":"H\u00e5ndvarmere i uld til kvinder \u2013 Thumby | Lysegr\u00e5"},"content":{"rendered":"<p>Woolskins uld h\u00e5ndvarmere f\u00e5s i tre farver. Der er ingen fingre eller tommelfingre i denne handske, s\u00e5 du kan nemt forts\u00e6tte med at g\u00f8re alt, og dine h\u00e6nder holder sig stadig dejlig varme.<br \/>\nDisse fine handsker er lavet af 100% uld med elastin og ligger derfor godt p\u00e5 h\u00e5nden. De er ideelle, n\u00e5r du er p\u00e5 farten med dit barn.<\/p>\n<p>Disse h\u00e5ndvarmere giver et t\u00f8rt og behageligt milj\u00f8, som hj\u00e6lper p\u00e5 h\u00e5ndleds- og ledlidelser. De sikrer bedre blodcirkulation, hvilket vil mindske klager. Ideel til f.eks. brug bag en computer.<\/p>\n<p>St\u00f8rrelser i centimeter:<\/p>\n<p>S: 23 x 10 cm (l\u00e6ngde og bredde ved h\u00e5ndleddet)<br \/>\nM: 24 x 11 cm (l\u00e6ngde og bredde ved h\u00e5ndleddet)<br \/>\nL: 25 x 12 cm (l\u00e6ngde og bredde ved h\u00e5ndleddet)<\/p>\n<p>Vask ved 30 \u00b0C uldvaskeprogram med uldvaskemiddel.<\/p>","protected":false},"excerpt":{"rendered":"<p>Woolskins uld h\u00e5ndvarmere f\u00e5s i tre farver. Der er ingen fingre eller tommelfingre i denne handske, s\u00e5 du kan nemt forts\u00e6tte med at g\u00f8re alt, og dine h\u00e6nder holder sig stadig dejlig varme.<br \/>\nDisse fine handsker er lavet af 100% uld med elastin og ligger derfor godt p\u00e5 h\u00e5nden. De er ideelle, n\u00e5r du er p\u00e5 farten med dit barn.<\/p>\n<p><strong>M\u00e6rke: Woolskins<\/strong><br \/>\n<strong>Producent: Woolskins Private Lable er produceret af Alwero<\/strong><\/p>","protected":false},"featured_media":17597,"comment_status":"closed","ping_status":"closed","template":"","meta":{"_acf_changed":false},"product_brand":[],"product_cat":[351,362,350,31,194],"product_tag":[],"class_list":{"0":"post-7222","1":"product","2":"type-product","3":"status-publish","4":"has-post-thumbnail","6":"product_cat-accessoiresvoormama","7":"product_cat-cadeaus-tot-e-25","8":"product_cat-fashion","9":"product_cat-yogamat-wol","10":"product_cat-wollen-babyproducten","11":"pa_maat-l","12":"pa_maat-m","13":"pa_maat-s","15":"first","16":"instock","17":"taxable","18":"shipping-taxable","19":"purchasable","20":"product-type-variable"},"acf":[],"_links":{"self":[{"href":"https:\/\/woolskins.eu\/da\/wp-json\/wp\/v2\/product\/7222","targetHints":{"allow":["GET"]}}],"collection":[{"href":"https:\/\/woolskins.eu\/da\/wp-json\/wp\/v2\/product"}],"about":[{"href":"https:\/\/woolskins.eu\/da\/wp-json\/wp\/v2\/types\/product"}],"replies":[{"embeddable":true,"href":"https:\/\/woolskins.eu\/da\/wp-json\/wp\/v2\/comments?post=7222"}],"wp:featuredmedia":[{"embeddable":true,"href":"https:\/\/woolskins.eu\/da\/wp-json\/wp\/v2\/media\/17597"}],"wp:attachment":[{"href":"https:\/\/woolskins.eu\/da\/wp-json\/wp\/v2\/media?parent=7222"}],"wp:term":[{"taxonomy":"product_brand","embeddable":true,"href":"https:\/\/woolskins.eu\/da\/wp-json\/wp\/v2\/product_brand?post=7222"},{"taxonomy":"product_cat","embeddable":true,"href":"https:\/\/woolskins.eu\/da\/wp-json\/wp\/v2\/product_cat?post=7222"},{"taxonomy":"product_tag","embeddable":true,"href":"https:\/\/woolskins.eu\/da\/wp-json\/wp\/v2\/product_tag?post=7222"}],"curies":[{"name":"wp","href":"https:\/\/api.w.org\/{rel}","templated":true}]}}