{"id":7214,"date":"2022-02-04T14:08:48","date_gmt":"2022-02-04T14:08:48","guid":{"rendered":"https:\/\/woolskins.eu\/?post_type=product&#038;p=7214"},"modified":"2025-02-08T18:34:03","modified_gmt":"2025-02-08T18:34:03","slug":"alwero-handvarmere-thumby-natural","status":"publish","type":"product","link":"https:\/\/woolskins.eu\/da\/alwero-handwarmers-thumby-natural\/","title":{"rendered":"H\u00e5ndvarmere i uld til kvinder \u2013 Thumby | Naturlig"},"content":{"rendered":"<p>Woolskins uld h\u00e5ndvarmere f\u00e5s i tre farver. Der er ingen fingre eller tommelfingre i denne handske, s\u00e5 du kan nemt forts\u00e6tte med at g\u00f8re alt, og dine h\u00e6nder holder sig stadig dejlig varme.<br \/>\nDisse fine handsker er lavet af 100% uld med elastin og ligger derfor godt p\u00e5 h\u00e5nden. De er ideelle, n\u00e5r du er p\u00e5 farten med dit barn.<\/p>\n<p>Disse h\u00e5ndvarmere giver et t\u00f8rt og behageligt milj\u00f8, som hj\u00e6lper p\u00e5 h\u00e5ndleds- og ledlidelser. De sikrer bedre blodcirkulation, hvilket vil mindske klager. Ideel til f.eks. brug bag en computer.<\/p>\n<p>St\u00f8rrelser i centimeter:<\/p>\n<p>S: 23 x 10 cm (l\u00e6ngde og bredde ved h\u00e5ndleddet)<br \/>\nM: 24 x 11 cm (l\u00e6ngde og bredde ved h\u00e5ndleddet)<br \/>\nL: 25 x 12 cm (l\u00e6ngde og bredde ved h\u00e5ndleddet)<\/p>\n<p>Vask ved 30 \u00b0C uldvaskeprogram med uldvaskemiddel.<\/p>\n<div id=\"product-12858\" class=\"product type-product post-12858 status-publish first instock product_cat-cadeautips product_cat-cadeaus-tot-e-25 product_cat-alwero product_cat-yogamat-wol product_cat-accessoiresvoormama product_cat-fashion has-post-thumbnail taxable shipping-taxable purchasable product-type-variable ct-ajax-add-to-cart thumbs-bottom sticky-summary ct-default-gallery\">\n<div class=\"woocommerce-tabs wc-tabs-wrapper\" data-type=\"type-1:center\">\n<article>\n<div id=\"tab-description\" class=\"woocommerce-Tabs-panel woocommerce-Tabs-panel--description panel entry-content wc-tab\" role=\"tabpanel\" aria-labelledby=\"tab-title-description\">\n<h5>Etiket af uldskind<\/h5>\n<p>Efter mange \u00e5rs succesfuldt samarbejde med Alwero, kan vi stolt meddele, at vi nu f\u00f8rer vores produkter under vores eget Woolskins-m\u00e6rke.<\/p>\n<p>P\u00e5 denne m\u00e5de f\u00e5r du stadig den bedste kvalitet, men kombineret med de flotteste og unikke produkter og designs.<\/p>\n<p>Kvaliteten af stofferne og farverne forbliver, som de altid har v\u00e6ret, men der er nu et st\u00f8rre udvalg, som Woolskins mener kan udm\u00e6rke sig.<\/p>\n<p>Vores brede kollektion er sammensat p\u00e5 en s\u00e5dan m\u00e5de, at de er et godt supplement til ethvert babys\u00e6t, lavet af 100% europ\u00e6isk uld, der \u00e5nder og passer til enhver s\u00e6son.<\/p>\n<p>Vi g\u00e5r entusiastisk sammen om at skabe et b\u00e6redygtigt, naturligt og mest behageligt produkt til dit barn.<\/p>\n<\/div>\n<\/article>\n<\/div>\n<\/div>\n<section class=\"related products ct-hidden-sm ct-hidden-md\"><\/section>","protected":false},"excerpt":{"rendered":"<p>Leder du efter et par h\u00e5ndvarmere i uld til at fork\u00e6le dig selv eller en du holder af, kan vi varmt anbefale disse h\u00e5ndvarmere fra Woolskins. Der er ingen fingre eller tommelfingre i denne handske, s\u00e5 du kan nemt forts\u00e6tte med at g\u00f8re alt, og dine h\u00e6nder holder sig stadig dejlig varme. Disse fine handsker er lavet af 100% uld med elastin og ligger derfor godt p\u00e5 h\u00e5nden. Vores Thumby uld h\u00e5ndvarmere er en fantastisk m\u00e5de at holde dine h\u00e6nder varme og behagelige i de kolde vinterm\u00e5neder. De er bl\u00f8de og \u00e5ndbare, hvilket g\u00f8r dem velegnede til personer med f\u00f8lsom hud og f\u00e5s i forskellige farver og st\u00f8rrelser.<\/p>\n<p><strong>M\u00e6rke: Woolskins<\/strong><br \/>\n<strong>Produktion: Polen<\/strong><\/p>","protected":false},"featured_media":17599,"comment_status":"closed","ping_status":"closed","template":"","meta":{"_acf_changed":false},"product_brand":[],"product_cat":[351,362,350,31,194],"product_tag":[],"class_list":{"0":"post-7214","1":"product","2":"type-product","3":"status-publish","4":"has-post-thumbnail","6":"product_cat-accessoiresvoormama","7":"product_cat-cadeaus-tot-e-25","8":"product_cat-fashion","9":"product_cat-yogamat-wol","10":"product_cat-wollen-babyproducten","11":"pa_maat-l","12":"pa_maat-m","13":"pa_maat-s","15":"first","16":"outofstock","17":"taxable","18":"shipping-taxable","19":"purchasable","20":"product-type-variable"},"acf":[],"_links":{"self":[{"href":"https:\/\/woolskins.eu\/da\/wp-json\/wp\/v2\/product\/7214","targetHints":{"allow":["GET"]}}],"collection":[{"href":"https:\/\/woolskins.eu\/da\/wp-json\/wp\/v2\/product"}],"about":[{"href":"https:\/\/woolskins.eu\/da\/wp-json\/wp\/v2\/types\/product"}],"replies":[{"embeddable":true,"href":"https:\/\/woolskins.eu\/da\/wp-json\/wp\/v2\/comments?post=7214"}],"wp:featuredmedia":[{"embeddable":true,"href":"https:\/\/woolskins.eu\/da\/wp-json\/wp\/v2\/media\/17599"}],"wp:attachment":[{"href":"https:\/\/woolskins.eu\/da\/wp-json\/wp\/v2\/media?parent=7214"}],"wp:term":[{"taxonomy":"product_brand","embeddable":true,"href":"https:\/\/woolskins.eu\/da\/wp-json\/wp\/v2\/product_brand?post=7214"},{"taxonomy":"product_cat","embeddable":true,"href":"https:\/\/woolskins.eu\/da\/wp-json\/wp\/v2\/product_cat?post=7214"},{"taxonomy":"product_tag","embeddable":true,"href":"https:\/\/woolskins.eu\/da\/wp-json\/wp\/v2\/product_tag?post=7214"}],"curies":[{"name":"wp","href":"https:\/\/api.w.org\/{rel}","templated":true}]}}