{"id":7093,"date":"2022-01-31T11:06:17","date_gmt":"2022-01-31T11:06:17","guid":{"rendered":"https:\/\/woolskins.eu\/?post_type=product&#038;p=7093"},"modified":"2025-11-21T10:36:57","modified_gmt":"2025-11-21T10:36:57","slug":"nusseklud-med-suttesnor-beige-2","status":"publish","type":"product","link":"https:\/\/woolskins.eu\/da\/knuffeldoekje-met-speenkoord-beige-2\/","title":{"rendered":"Putteklud med suttesnor | Beige"},"content":{"rendered":"<p>Uldskinds putteklud med suttesnor. Ideel til dit barn at putte og lege med p\u00e5 grund af den dejlige lyd, som det knitrende fyld laver. Puttekluden er lavet af 100% uld og har fx kvalitetsm\u00e6rket &#039;Woolmark&#039; og &#039;Safe for children&#039;. Sutteklemmen er nyttig til at holde din babys sut ved h\u00e5nden og forhindre, at den bliver v\u00e6k.<\/p>\n<p>\u2013 100% virgin uld, Woolmark kvalitetsm\u00e6rke.<br \/>\n\u2013 M\u00e5l er 18\u00d725 cm.<br \/>\n\u2013 Eksklusiv sut<\/p>\n<p>Uld suttekluden kan nemt s\u00e6ttes p\u00e5 enhver type sutte ved hj\u00e6lp af snoren.<\/p>","protected":false},"excerpt":{"rendered":"<p>Woolskins tilbyder en smuk ulden putteklud med suttesnor. Denne bl\u00f8de og behagelige klud er perfekt til din lille at putte og lege med. Den er lavet af h\u00f8jkvalitets uld og f\u00e5s i beige og gr\u00e5.<\/p>\n<p>Den er ideel for dit barn at putte og lege med p\u00e5 grund af den dejlige lyd, som det knitrende fyld laver. Puttekluden er lavet af 100% uld og har fx kvalitetsm\u00e6rket &#039;Woolmark&#039; og &#039;Safe for children&#039;.<\/p>\n<p>Woolskins er specialisten i \u00f8kologiske lammeskind og uldprodukter. Alle produkter er lavet af materialer af h\u00f8j kvalitet og er designet med komfort og holdbarhed i tankerne. Denne putteklud med suttesnor er derfor et ansvarligt valg for for\u00e6ldre, der s\u00f8ger kvalitet og stil.<\/p>\n<p><strong>M\u00e6rke: Woolskins<\/strong><br \/>\n<strong>Produktion: Polen<\/strong><\/p>","protected":false},"featured_media":5424,"comment_status":"closed","ping_status":"closed","template":"","meta":{"_acf_changed":false},"product_brand":[],"product_cat":[345,361,360,362,200,196,346,348,194],"product_tag":[],"class_list":{"0":"post-7093","1":"product","2":"type-product","3":"status-publish","4":"has-post-thumbnail","6":"product_cat-accessoires","7":"product_cat-babyshower","8":"product_cat-cadeautips","9":"product_cat-cadeaus-tot-e-25","10":"product_cat-wollen-babykleding","11":"product_cat-slaapkleding-baby","12":"product_cat-mutsjesensjaaltjes","13":"product_cat-kussens","14":"product_cat-wollen-babyproducten","16":"first","17":"instock","18":"taxable","19":"shipping-taxable","20":"purchasable","21":"product-type-simple"},"acf":[],"_links":{"self":[{"href":"https:\/\/woolskins.eu\/da\/wp-json\/wp\/v2\/product\/7093","targetHints":{"allow":["GET"]}}],"collection":[{"href":"https:\/\/woolskins.eu\/da\/wp-json\/wp\/v2\/product"}],"about":[{"href":"https:\/\/woolskins.eu\/da\/wp-json\/wp\/v2\/types\/product"}],"replies":[{"embeddable":true,"href":"https:\/\/woolskins.eu\/da\/wp-json\/wp\/v2\/comments?post=7093"}],"wp:featuredmedia":[{"embeddable":true,"href":"https:\/\/woolskins.eu\/da\/wp-json\/wp\/v2\/media\/5424"}],"wp:attachment":[{"href":"https:\/\/woolskins.eu\/da\/wp-json\/wp\/v2\/media?parent=7093"}],"wp:term":[{"taxonomy":"product_brand","embeddable":true,"href":"https:\/\/woolskins.eu\/da\/wp-json\/wp\/v2\/product_brand?post=7093"},{"taxonomy":"product_cat","embeddable":true,"href":"https:\/\/woolskins.eu\/da\/wp-json\/wp\/v2\/product_cat?post=7093"},{"taxonomy":"product_tag","embeddable":true,"href":"https:\/\/woolskins.eu\/da\/wp-json\/wp\/v2\/product_tag?post=7093"}],"curies":[{"name":"wp","href":"https:\/\/api.w.org\/{rel}","templated":true}]}}