{"id":7012,"date":"2022-01-27T15:12:42","date_gmt":"2022-01-27T15:12:42","guid":{"rendered":"https:\/\/woolskins.eu\/?post_type=product&#038;p=7012"},"modified":"2026-02-18T13:40:37","modified_gmt":"2026-02-18T13:40:37","slug":"alwero-wrap-taeppe-lammy-gra","status":"publish","type":"product","link":"https:\/\/woolskins.eu\/da\/alwero-wikkeldeken-lammy-grijs\/","title":{"rendered":"Woolen Wrap-t\u00e6ppe \/ h\u00e6ttet\u00e6ppe til baby \u2013 tommelfinger | Lysegr\u00e5"},"content":{"rendered":"<p>Uldfibre \u00e5nder og har den egenskab, at de fungerer som en naturlig termostat, der regulerer kropstemperaturen? Dette hj\u00e6lper din baby med at holde en stabil temperatur og holder din baby t\u00f8r og komfortabel. Det g\u00f8r dette &quot;dynamisk&quot;, hvilket betyder, at det sker, n\u00e5r det er n\u00f8dvendigt, og ikke n\u00e5r det ikke er n\u00f8dvendigt. Varmt om vinteren og k\u00f8ligt om sommeren.<\/p>\n<p>\u2013 100% virgin uld (Tumblet) med Woolmark kvalitetsm\u00e6rke.<br \/>\n\u2013 Til hjemmet og p\u00e5 farten.<br \/>\n\u2013 M\u00e5l: 80 x 80 cm.<br \/>\n\u2013 europ\u00e6isk produktion.<br \/>\n\u2013 Kan vaskes ved 30\u00b0C uldvaskeprogram.<br \/>\n\u2013 F\u00e5s eksklusivt hos Woolskins.<\/p>\n<p>Tommelfingerprodukter er kendetegnet ved de l\u00f8se uldfibre. For at undg\u00e5 fnug s\u00e5 meget som muligt, er det bedst at banke produktet udenfor, inden det tages i brug.<\/p>\n<p>Dette produkt har Safe for Children og Woolmark kvalitetsm\u00e6rket.<\/p>\n<h5>Etiket af uldskind<\/h5>\n<p>Efter mange \u00e5rs succesfuldt samarbejde med Alwero, kan vi stolt meddele, at vi nu f\u00f8rer vores produkter under vores eget Woolskins-m\u00e6rke.<\/p>\n<p>P\u00e5 denne m\u00e5de f\u00e5r du stadig den bedste kvalitet, men kombineret med de flotteste og unikke produkter og designs.<\/p>\n<p>Kvaliteten af stofferne og farverne forbliver, som de altid har v\u00e6ret, men der er nu et st\u00f8rre udvalg, som Woolskins mener kan udm\u00e6rke sig.<\/p>\n<p>Vores brede kollektion er sammensat p\u00e5 en s\u00e5dan m\u00e5de, at de er et godt supplement til ethvert babys\u00e6t, lavet af 100% europ\u00e6isk uld, der \u00e5nder og passer til enhver s\u00e6son.<\/p>\n<p>Vi g\u00e5r entusiastisk sammen om at skabe et b\u00e6redygtigt, naturligt og mest behageligt produkt til dit barn.<\/p>","protected":false},"excerpt":{"rendered":"<p>Dit barn vil sove vidunderligt og dr\u00f8mme sig v\u00e6k i dette komfortable uldt\u00e6ppe med h\u00e6tte fra vores &#039;Thumbled&#039;-kollektion. Dette h\u00e6tte\/wrap t\u00e6ppe falder glat og er meget bl\u00f8dt. De har et smukt og luksuri\u00f8st udseende og er yderst behagelige. Wrap-t\u00e6ppet er lavet af 100% uld og tager straks dit barns temperatur. Du kan ogs\u00e5 sv\u00f8be din baby med denne eller fodre den komfortabelt. Du kan nemt tage den med dig p\u00e5 farten for at holde din baby varm. T\u00e6ppet er velegnet til enhver s\u00e6son og en perfekt gave til et babyshower eller barselsbes\u00f8g.<\/p>\n<p><strong>M\u00e6rke: Woolskins<\/strong><br \/>\n<strong>Produktion: Polen<\/strong><\/p>","protected":false},"featured_media":17485,"comment_status":"closed","ping_status":"closed","template":"","meta":{"_acf_changed":false},"product_brand":[],"product_cat":[361,360,363,364,196,321,194],"product_tag":[],"class_list":{"0":"post-7012","1":"product","2":"type-product","3":"status-publish","4":"has-post-thumbnail","6":"product_cat-babyshower","7":"product_cat-cadeautips","8":"product_cat-cadeaus-e25-e50","9":"product_cat-cadeaus-vanaf-e50","10":"product_cat-slaapkleding-baby","11":"product_cat-wikkeldekens","12":"product_cat-wollen-babyproducten","14":"first","15":"instock","16":"taxable","17":"shipping-taxable","18":"purchasable","19":"product-type-simple"},"acf":[],"_links":{"self":[{"href":"https:\/\/woolskins.eu\/da\/wp-json\/wp\/v2\/product\/7012","targetHints":{"allow":["GET"]}}],"collection":[{"href":"https:\/\/woolskins.eu\/da\/wp-json\/wp\/v2\/product"}],"about":[{"href":"https:\/\/woolskins.eu\/da\/wp-json\/wp\/v2\/types\/product"}],"replies":[{"embeddable":true,"href":"https:\/\/woolskins.eu\/da\/wp-json\/wp\/v2\/comments?post=7012"}],"wp:featuredmedia":[{"embeddable":true,"href":"https:\/\/woolskins.eu\/da\/wp-json\/wp\/v2\/media\/17485"}],"wp:attachment":[{"href":"https:\/\/woolskins.eu\/da\/wp-json\/wp\/v2\/media?parent=7012"}],"wp:term":[{"taxonomy":"product_brand","embeddable":true,"href":"https:\/\/woolskins.eu\/da\/wp-json\/wp\/v2\/product_brand?post=7012"},{"taxonomy":"product_cat","embeddable":true,"href":"https:\/\/woolskins.eu\/da\/wp-json\/wp\/v2\/product_cat?post=7012"},{"taxonomy":"product_tag","embeddable":true,"href":"https:\/\/woolskins.eu\/da\/wp-json\/wp\/v2\/product_tag?post=7012"}],"curies":[{"name":"wp","href":"https:\/\/api.w.org\/{rel}","templated":true}]}}