{"id":6965,"date":"2022-01-27T12:34:32","date_gmt":"2022-01-27T12:34:32","guid":{"rendered":"https:\/\/woolskins.eu\/?post_type=product&#038;p=6965"},"modified":"2026-03-13T14:24:09","modified_gmt":"2026-03-13T14:24:09","slug":"alwero-vuggetaeppe-lammy-ecru-2","status":"publish","type":"product","link":"https:\/\/woolskins.eu\/da\/alwero-wiegdeken-lammy-ecru-2\/","title":{"rendered":"Vugget\u00e6ppe \/ babyt\u00e6ppe i uld - Moon Thumbled | Ecru"},"content":{"rendered":"<p>Vores Eco Wool Crib t\u00e6pper er meget velegnede til de mindste takket v\u00e6re uldfibrenes naturlige egenskaber. Disse \u00e5nder og har den egenskab, at de fungerer som en naturlig termostat, der regulerer kropstemperaturen? Dette hj\u00e6lper din baby med at holde en stabil temperatur og holder din baby t\u00f8r og komfortabel. Det g\u00f8r dette &quot;dynamisk&quot;, hvilket betyder, at det sker, n\u00e5r det er n\u00f8dvendigt, og ikke n\u00e5r det ikke er n\u00f8dvendigt.<\/p>\n<p>\u2013 Gemaakt van Zuiver Scheerwol met Oeko-Tex keur<br \/>\n\u2013 Til hjemmet og p\u00e5 farten.<br \/>\n- Med praktisk pose i form af en m\u00e5ne.<br \/>\n\u2013 M\u00e5l: 75 x 100 cm og 90 x 130 cm.<br \/>\n\u2013 europ\u00e6isk produktion.<br \/>\n\u2013 kan vaskes ved 30\u00b0C uldvaskeprogram.<\/p>\n<p>Tommelfingerprodukter er kendetegnet ved de l\u00f8se uldfibre. For at undg\u00e5 fnug s\u00e5 meget som muligt, er det bedst at banke produktet udenfor, inden det tages i brug.<\/p>\n<h5>Etiket af uldskind<\/h5>\n<p class=\"brz-lh-xs-1_8 brz-fs-xs-17 brz-text-xs-center brz-text-lg-center brz-tp-lg-empty brz-ff-roboto brz-ft-google brz-fs-lg-17 brz-fss-lg-px brz-fw-lg-400 brz-ls-lg-0 brz-lh-lg-1_8 brz-css-xtqtg\" data-generated-css=\"brz-css-djhzh\" data-uniq-id=\"odjfi\">Bij Woolskins geloven we in de kracht van puur natuur. Wij ontwerpen en maken stijlvolle, zachte en duurzame producten van Zuiver Scheerwol met Oeko-Tex keur, speciaal voor de allerkleinsten. Onze Woolskins collectie wordt door ons zelf ontworpen en met zorg geproduceerd in Europa, met de fijnste en beste kwaliteit wol. We kiezen bewust voor lokale productie met natuurlijke en duurzame materialen. Zo garanderen we niet alleen kwaliteit en zachtheid, maar ook een eerlijk en verantwoord product. Woolskins omhult je baby met de zachtheid van puur natuur, ontworpen met liefde en zorg. Voor een veilige, natuurlijke en comfortabele start in het leven.<\/p>","protected":false},"excerpt":{"rendered":"<p data-start=\"0\" data-end=\"321\">Je kindje slaapt heerlijk en droomt ontspannen weg onder deze comfortabele wiegdeken van zuiver scheerwol met Oeko-Tex keur. De deken valt soepel, voelt uitzonderlijk zacht aan en is stijlvol afgewerkt met een maantje dat tevens dienstdoet als handig zakje \u2013 ideaal om bijvoorbeeld een doekje in te bewaren en altijd binnen handbereik te hebben.<\/p>\n<p data-start=\"323\" data-end=\"782\" data-is-last-node=\"\" data-is-only-node=\"\">De wollen wiegdeken heeft een luxe uitstraling en is een waardevolle toevoeging aan iedere babyuitzet. Dankzij de ademende en temperatuurregulerende eigenschappen van wol neemt de deken snel de lichaamstemperatuur van je kindje aan. Het formaat en gewicht zijn perfect om onder te slapen, maar ook om op te spelen of je baby warm te houden onderweg. Geschikt voor elk seizoen en daarmee ook een prachtig en praktisch cadeau voor een babyshower of kraambezoek.<\/p>\n<p><strong>M\u00e6rke: Woolskins<\/strong><br \/>\n<strong>Produktion: Polen<br \/>\nKeur: Oeko-Tex Standard<\/strong><\/p>\n<p><img loading=\"lazy\" decoding=\"async\" class=\"alignnone wp-image-28173 entered lazyloaded\" src=\"https:\/\/woolskins.eu\/wp-content\/uploads\/2024\/05\/csm_OEKO-TEX_Logo_2022_rgb_c1aaeb5ceb-300x300.jpg\" alt=\"\" width=\"89\" height=\"89\" data-lazy-src=\"https:\/\/woolskins.eu\/wp-content\/uploads\/2024\/05\/csm_OEKO-TEX_Logo_2022_rgb_c1aaeb5ceb-300x300.jpg\" data-ll-status=\"loaded\" srcset=\"https:\/\/woolskins.eu\/wp-content\/uploads\/2024\/05\/csm_OEKO-TEX_Logo_2022_rgb_c1aaeb5ceb-300x300.jpg 300w, https:\/\/woolskins.eu\/wp-content\/uploads\/2024\/05\/csm_OEKO-TEX_Logo_2022_rgb_c1aaeb5ceb-150x150.jpg 150w, https:\/\/woolskins.eu\/wp-content\/uploads\/2024\/05\/csm_OEKO-TEX_Logo_2022_rgb_c1aaeb5ceb-768x769.jpg 768w, https:\/\/woolskins.eu\/wp-content\/uploads\/2024\/05\/csm_OEKO-TEX_Logo_2022_rgb_c1aaeb5ceb-12x12.jpg 12w, https:\/\/woolskins.eu\/wp-content\/uploads\/2024\/05\/csm_OEKO-TEX_Logo_2022_rgb_c1aaeb5ceb-600x601.jpg 600w, https:\/\/woolskins.eu\/wp-content\/uploads\/2024\/05\/csm_OEKO-TEX_Logo_2022_rgb_c1aaeb5ceb-100x100.jpg 100w, https:\/\/woolskins.eu\/wp-content\/uploads\/2024\/05\/csm_OEKO-TEX_Logo_2022_rgb_c1aaeb5ceb-64x64.jpg 64w, https:\/\/woolskins.eu\/wp-content\/uploads\/2024\/05\/csm_OEKO-TEX_Logo_2022_rgb_c1aaeb5ceb.jpg 885w\" sizes=\"auto, (max-width: 89px) 100vw, 89px\" \/><\/p>","protected":false},"featured_media":22045,"comment_status":"closed","ping_status":"closed","template":"","meta":{"_acf_changed":false},"product_brand":[],"product_cat":[361,545,360,363,364,196,318,194],"product_tag":[],"class_list":{"0":"post-6965","1":"product","2":"type-product","3":"status-publish","4":"has-post-thumbnail","6":"product_cat-babyshower","7":"product_cat-best_verkocht","8":"product_cat-cadeautips","9":"product_cat-cadeaus-e25-e50","10":"product_cat-cadeaus-vanaf-e50","11":"product_cat-slaapkleding-baby","12":"product_cat-wollen-wiegdeken-ledikantdeken","13":"product_cat-wollen-babyproducten","14":"pa_maat-75-x-100-cm","15":"pa_maat-90-x-130-cm","17":"first","18":"instock","19":"taxable","20":"shipping-taxable","21":"purchasable","22":"product-type-variable"},"acf":[],"_links":{"self":[{"href":"https:\/\/woolskins.eu\/da\/wp-json\/wp\/v2\/product\/6965","targetHints":{"allow":["GET"]}}],"collection":[{"href":"https:\/\/woolskins.eu\/da\/wp-json\/wp\/v2\/product"}],"about":[{"href":"https:\/\/woolskins.eu\/da\/wp-json\/wp\/v2\/types\/product"}],"replies":[{"embeddable":true,"href":"https:\/\/woolskins.eu\/da\/wp-json\/wp\/v2\/comments?post=6965"}],"wp:featuredmedia":[{"embeddable":true,"href":"https:\/\/woolskins.eu\/da\/wp-json\/wp\/v2\/media\/22045"}],"wp:attachment":[{"href":"https:\/\/woolskins.eu\/da\/wp-json\/wp\/v2\/media?parent=6965"}],"wp:term":[{"taxonomy":"product_brand","embeddable":true,"href":"https:\/\/woolskins.eu\/da\/wp-json\/wp\/v2\/product_brand?post=6965"},{"taxonomy":"product_cat","embeddable":true,"href":"https:\/\/woolskins.eu\/da\/wp-json\/wp\/v2\/product_cat?post=6965"},{"taxonomy":"product_tag","embeddable":true,"href":"https:\/\/woolskins.eu\/da\/wp-json\/wp\/v2\/product_tag?post=6965"}],"curies":[{"name":"wp","href":"https:\/\/api.w.org\/{rel}","templated":true}]}}