{"id":6951,"date":"2022-01-24T13:26:20","date_gmt":"2022-01-24T13:26:20","guid":{"rendered":"https:\/\/woolskins.eu\/?post_type=product&#038;p=6951"},"modified":"2026-04-16T11:34:11","modified_gmt":"2026-04-16T11:34:11","slug":"woolskins-bodywarmer-essential-gra","status":"publish","type":"product","link":"https:\/\/woolskins.eu\/da\/woolskins-bodywarmer-essential-grijs\/","title":{"rendered":"Uld Bodywarmer til baby &amp; barn | Lysegr\u00e5 Filtet"},"content":{"rendered":"<div id=\"product-6939\" class=\"product type-product post-6939 status-publish first instock product_cat-alwero product_cat-alwero-bodywarmer product_cat-babyshower product_cat-best-verkocht product_cat-cadeaus-e25-e50 product_cat-cadeautips product_cat-vestjes product_cat-kleertjes product_cat-wollen-babykleding product_tag-alwero-bodywarmer product_tag-alwero-bodywarmer-baby product_tag-alwero-bodywarmer-kind product_tag-alwero-bodywarmer-wol product_tag-alwero-gilet product_tag-wollen-kinderbodywarmer product_tag-woolskins-wollen-kinderbodywarmer has-post-thumbnail taxable shipping-taxable purchasable product-type-variable ct-ajax-add-to-cart thumbs-bottom sticky-summary ct-default-gallery\">\n<div class=\"woocommerce-tabs wc-tabs-wrapper\" data-type=\"type-1:center\">\n<article>\n<div id=\"tab-description\" class=\"woocommerce-Tabs-panel woocommerce-Tabs-panel--description panel entry-content wc-tab\" role=\"tabpanel\" aria-labelledby=\"tab-title-description\">\n<p>Dette produkt har Safe for Children og Woolmark kvalitetsm\u00e6rket. Denne vest bruges ofte som overt\u00f8j, s\u00e5 husk dette, n\u00e5r du v\u00e6lger den rigtige st\u00f8rrelse.<\/p>\n<p>\u2013 100% jomfruuld, Woolmark kvalitetsm\u00e6rke.<br \/>\n\u2013 Meget varm til hjemmet eller p\u00e5 farten.<br \/>\n\u2013 Forskellige farver tilg\u00e6ngelige.<br \/>\n- NB! For den korrekte st\u00f8rrelse se &#039;St\u00f8rrelser i centimeter&#039;.<\/p>\n<h5>Etiket af uldskind<\/h5>\n<p>Efter mange \u00e5rs succesfuldt samarbejde med Alwero, kan vi stolt meddele, at vi nu f\u00f8rer vores produkter under vores eget Woolskins-m\u00e6rke.<\/p>\n<p>P\u00e5 denne m\u00e5de f\u00e5r du stadig den bedste kvalitet, men kombineret med de flotteste og unikke produkter og designs.<\/p>\n<p>Kvaliteten af stofferne og farverne forbliver, som de altid har v\u00e6ret, men der er nu et st\u00f8rre udvalg, som Woolskins mener kan udm\u00e6rke sig.<\/p>\n<p>Vores brede kollektion er sammensat p\u00e5 en s\u00e5dan m\u00e5de, at de er et godt supplement til ethvert babys\u00e6t, lavet af 100% europ\u00e6isk uld, der \u00e5nder og passer til enhver s\u00e6son.<\/p>\n<p>Vi g\u00e5r entusiastisk sammen om at skabe et b\u00e6redygtigt, naturligt og mest behageligt produkt til dit barn.<\/p>\n<h5 class=\"Text1893342656__root Text1893342656---typography-11-runningText Text1893342656---priority-7-primary s8gg2 _2UIKs InfoSectionTitle3095652555__root\" aria-hidden=\"false\" data-hook=\"info-section-title\">St\u00f8rrelser i centimeter:<\/h5>\n<div class=\"_2tV5m fggS- cell\">St\u00f8rrelse: 50\/56 l\u00e6ngde: 27,5 cm Bredde 22 cm (armhule)<br \/>\nSt\u00f8rrelse: 62\/60 l\u00e6ngde: 28,5cm bredde 25cm<br \/>\nSt\u00f8rrelse: 74\/80 l\u00e6ngde: 29,5cm bredde 28cm<br \/>\nSt\u00f8rrelse: 80\/86 l\u00e6ngde: 31cm bredde 32cm<br \/>\nSt\u00f8rrelse: 92\/98 l\u00e6ngde: 33,5cm bredde 35cm<br \/>\nSt\u00f8rrelse: 104\/110 l\u00e6ngde: 39,5cm bredde 37cm<\/div>\n<\/div>\n<\/article>\n<\/div>\n<\/div>","protected":false},"excerpt":{"rendered":"<p>Denne trendy kropsvarmer er vidunderlig varm og behagelig. Brug den afslappet over en sweater eller jakke, den ser altid p\u00e6n ud og er super hip. Denne cardigan har alle de gode egenskaber fra 100% Eco Wool. Dette vil sikre, at dit barn har det dejligt varmt og godt tilpas i de koldere dage. Denne cardigan kan kombineres med hele vores Woolskins kollektion. Wool Bodywarmer er smukt afsluttet med en t\u00e6ppes\u00f8m og en tr\u00e6knap.<\/p>\n<p>NB! Cardigans er sm\u00e5. For den korrekte st\u00f8rrelse, se &#039;St\u00f8rrelser i centimeter&#039; i beskrivelsen.<\/p>\n<p><strong>M\u00e6rke: Woolskins<\/strong><br \/>\n<strong>Produktion: Polen<\/strong><\/p>","protected":false},"featured_media":9617,"comment_status":"closed","ping_status":"closed","template":"","meta":{"_acf_changed":false},"product_brand":[],"product_cat":[361,360,363,200,337,413,344,194],"product_tag":[424,451,452,450,421,484,486],"class_list":{"0":"post-6951","1":"product","2":"type-product","3":"status-publish","4":"has-post-thumbnail","6":"product_cat-babyshower","7":"product_cat-cadeautips","8":"product_cat-cadeaus-e25-e50","9":"product_cat-wollen-babykleding","10":"product_cat-vestjes","11":"product_cat-alwero-bodywarmer","12":"product_cat-kleertjes","13":"product_cat-wollen-babyproducten","14":"product_tag-alwero-bodywarmer","15":"product_tag-alwero-bodywarmer-baby","16":"product_tag-alwero-bodywarmer-kind","17":"product_tag-alwero-gilet","18":"product_tag-wollen-bodywarmer","19":"product_tag-wollen-kinderbodywarmer","20":"product_tag-woolskins-wollen-bodywarmer","21":"pa_maat-104-110","22":"pa_maat-50-56","23":"pa_maat-62-68","24":"pa_maat-74-80","25":"pa_maat-80-86","26":"pa_maat-92-98","28":"first","29":"instock","30":"sale","31":"taxable","32":"shipping-taxable","33":"purchasable","34":"product-type-variable"},"acf":[],"_links":{"self":[{"href":"https:\/\/woolskins.eu\/da\/wp-json\/wp\/v2\/product\/6951","targetHints":{"allow":["GET"]}}],"collection":[{"href":"https:\/\/woolskins.eu\/da\/wp-json\/wp\/v2\/product"}],"about":[{"href":"https:\/\/woolskins.eu\/da\/wp-json\/wp\/v2\/types\/product"}],"replies":[{"embeddable":true,"href":"https:\/\/woolskins.eu\/da\/wp-json\/wp\/v2\/comments?post=6951"}],"wp:featuredmedia":[{"embeddable":true,"href":"https:\/\/woolskins.eu\/da\/wp-json\/wp\/v2\/media\/9617"}],"wp:attachment":[{"href":"https:\/\/woolskins.eu\/da\/wp-json\/wp\/v2\/media?parent=6951"}],"wp:term":[{"taxonomy":"product_brand","embeddable":true,"href":"https:\/\/woolskins.eu\/da\/wp-json\/wp\/v2\/product_brand?post=6951"},{"taxonomy":"product_cat","embeddable":true,"href":"https:\/\/woolskins.eu\/da\/wp-json\/wp\/v2\/product_cat?post=6951"},{"taxonomy":"product_tag","embeddable":true,"href":"https:\/\/woolskins.eu\/da\/wp-json\/wp\/v2\/product_tag?post=6951"}],"curies":[{"name":"wp","href":"https:\/\/api.w.org\/{rel}","templated":true}]}}