{"id":6885,"date":"2022-01-17T14:07:04","date_gmt":"2022-01-17T14:07:04","guid":{"rendered":"https:\/\/woolskins.eu\/?post_type=product&#038;p=6885"},"modified":"2026-04-07T08:05:54","modified_gmt":"2026-04-07T08:05:54","slug":"alwero-wrap-taeppe-wingy-beige","status":"publish","type":"product","link":"https:\/\/woolskins.eu\/da\/alwero-wikkeldeken-wingy-beige\/","title":{"rendered":"Uld wrap t\u00e6ppe til baby | Wingy Duo \u2013 ecru\/beige"},"content":{"rendered":"<p>Uld \u00e5nder og tager straks dit barns temperatur. Varmt om vinteren og k\u00f8ligt om sommeren. Praktisk til hjemmet og til brug i Maxi-Cosi eller barnevognen.<\/p>\n<p>\u2013 100% jomfruuld med Woolmark kvalitetsm\u00e6rke.<br \/>\n\u2013 F\u00e5s eksklusivt hos Woolskins.<br \/>\n\u2013 Til hjemmet og p\u00e5 farten.<br \/>\n\u2013 \u00c5bninger til sikkerhedsstropperne (5-punkts).<br \/>\n- St\u00f8rrelse: l\u00e6ngde 80 cm x bredde 50 cm - Mini: l\u00e6ngde 75 cm x 40 cm<br \/>\n\u2013 kan vaskes ved 30\u00b0C uldvaskeprogram.<\/p>\n<p>Uldfibre \u00e5nder og har den egenskab, at de fungerer som en naturlig termostat, der regulerer kropstemperaturen? Dette hj\u00e6lper din baby med at holde en stabil temperatur og holder din baby t\u00f8r og komfortabel. Det g\u00f8r dette &quot;dynamisk&quot;, hvilket betyder, at det sker, n\u00e5r det er n\u00f8dvendigt, og ikke n\u00e5r det ikke er n\u00f8dvendigt. Varmt om vinteren og k\u00f8ligt om sommeren.<\/p>\n<p>Dette produkt har Safe for Children og Woolmark kvalitetsm\u00e6rket.<\/p>\n<h5>Etiket af uldskind<\/h5>\n<p>Efter mange \u00e5rs succesfuldt samarbejde med Alwero, kan vi stolt meddele, at vi nu f\u00f8rer vores produkter under vores eget Woolskins-m\u00e6rke.<\/p>\n<p>P\u00e5 denne m\u00e5de f\u00e5r du stadig den bedste kvalitet, men kombineret med de flotteste og unikke produkter og designs.<\/p>\n<p>Kvaliteten af stofferne og farverne forbliver, som de altid har v\u00e6ret, men der er nu et st\u00f8rre udvalg, som Woolskins mener kan udm\u00e6rke sig.<\/p>\n<p>Vores brede kollektion er sammensat p\u00e5 en s\u00e5dan m\u00e5de, at de er et godt supplement til ethvert babys\u00e6t, lavet af 100% europ\u00e6isk uld, der \u00e5nder og passer til enhver s\u00e6son.<\/p>\n<p>Vi g\u00e5r entusiastisk sammen om at skabe et b\u00e6redygtigt, naturligt og mest behageligt produkt til dit barn.<\/p>","protected":false},"excerpt":{"rendered":"<p>Dit barn vil sove vidunderligt og dr\u00f8mme sig v\u00e6k i dette komfortable uldne viklet\u00e6ppe Wingy fra vores &#039;Thumbled&#039;-kollektion. Dette wrap-t\u00e6ppe falder glat og er meget bl\u00f8dt. De har et smukt og luksuri\u00f8st udseende og er yderst behagelige. Wrap-t\u00e6ppet er lavet af 100% uld og tager med det samme temperaturen p\u00e5 dit barn og kan bruges til enhver \u00e5rstid. Takket v\u00e6re \u00e5bningerne til sikkerhedsstropperne (5-punkts) passer den godt i klapvognen og tager dit barn varmt og behageligt udenfor. Specielt til de mindste har vi ogs\u00e5 en mindre udgave (mini), der passer godt og passer perfekt i Maxi-Cosi.<\/p>","protected":false},"featured_media":17541,"comment_status":"closed","ping_status":"closed","template":"","meta":{"_acf_changed":false},"product_brand":[],"product_cat":[361,360,364,196,321,194],"product_tag":[],"class_list":{"0":"post-6885","1":"product","2":"type-product","3":"status-publish","4":"has-post-thumbnail","6":"product_cat-babyshower","7":"product_cat-cadeautips","8":"product_cat-cadeaus-vanaf-e50","9":"product_cat-slaapkleding-baby","10":"product_cat-wikkeldekens","11":"product_cat-wollen-babyproducten","13":"first","14":"instock","15":"taxable","16":"shipping-taxable","17":"purchasable","18":"product-type-variable"},"acf":[],"_links":{"self":[{"href":"https:\/\/woolskins.eu\/da\/wp-json\/wp\/v2\/product\/6885","targetHints":{"allow":["GET"]}}],"collection":[{"href":"https:\/\/woolskins.eu\/da\/wp-json\/wp\/v2\/product"}],"about":[{"href":"https:\/\/woolskins.eu\/da\/wp-json\/wp\/v2\/types\/product"}],"replies":[{"embeddable":true,"href":"https:\/\/woolskins.eu\/da\/wp-json\/wp\/v2\/comments?post=6885"}],"wp:featuredmedia":[{"embeddable":true,"href":"https:\/\/woolskins.eu\/da\/wp-json\/wp\/v2\/media\/17541"}],"wp:attachment":[{"href":"https:\/\/woolskins.eu\/da\/wp-json\/wp\/v2\/media?parent=6885"}],"wp:term":[{"taxonomy":"product_brand","embeddable":true,"href":"https:\/\/woolskins.eu\/da\/wp-json\/wp\/v2\/product_brand?post=6885"},{"taxonomy":"product_cat","embeddable":true,"href":"https:\/\/woolskins.eu\/da\/wp-json\/wp\/v2\/product_cat?post=6885"},{"taxonomy":"product_tag","embeddable":true,"href":"https:\/\/woolskins.eu\/da\/wp-json\/wp\/v2\/product_tag?post=6885"}],"curies":[{"name":"wp","href":"https:\/\/api.w.org\/{rel}","templated":true}]}}