{"id":6845,"date":"2021-09-23T12:10:05","date_gmt":"2021-09-23T12:10:05","guid":{"rendered":"https:\/\/woolskins.eu\/?post_type=product&#038;p=6845"},"modified":"2025-09-30T10:50:32","modified_gmt":"2025-09-30T10:50:32","slug":"moms-taske-lammy-camel","status":"publish","type":"product","link":"https:\/\/woolskins.eu\/da\/moms-bag-lammy-camel\/","title":{"rendered":"Mom Taske Uld \u2013 Tommelfinger | Kamel"},"content":{"rendered":"<p>Tasken er foret med vandt\u00e6t stof og har masser af opbevaringsplads. F\u00e5s i en r\u00e6kke stilrene farver og kan nemt kombineres med alle andre produkter fra vores Thumbled-serie.<\/p>\n<p>\u2013 M\u00e5l: 58 x 42 cm<br \/>\n\u2013 Praktiske h\u00e5ndtag<br \/>\n\u2013 100% uld (vandt\u00e6t inderfor)<\/p>\n<h5>Etiket af uldskind<\/h5>\n<p>Efter mange \u00e5rs succesfuldt samarbejde med Alwero, kan vi stolt meddele, at vi nu f\u00f8rer vores produkter under vores eget Woolskins-m\u00e6rke.<\/p>\n<p>P\u00e5 denne m\u00e5de f\u00e5r du stadig den bedste kvalitet, men kombineret med de flotteste og unikke produkter og designs.<\/p>\n<p>Kvaliteten af stofferne og farverne forbliver, som de altid har v\u00e6ret, men der er nu et st\u00f8rre udvalg, som Woolskins mener kan udm\u00e6rke sig.<\/p>\n<p>Vores brede kollektion er sammensat p\u00e5 en s\u00e5dan m\u00e5de, at de er et godt supplement til ethvert babys\u00e6t, lavet af 100% europ\u00e6isk uld, der \u00e5nder og passer til enhver s\u00e6son.<\/p>\n<p>Vi g\u00e5r entusiastisk sammen om at skabe et b\u00e6redygtigt, naturligt og mest behageligt produkt til dit barn.<\/p>","protected":false},"excerpt":{"rendered":"<p>Denne praktiske uld Mom Bag fra Woolskins er ideel til din klapvogn eller som shopper. Et rigtigt &#039;must have&#039;, n\u00e5r du er meget p\u00e5 farten. Tasken er foret med et vandt\u00e6t stof, s\u00e5 du ogs\u00e5 kan bruge tasken med vrangen ud, n\u00e5r det regner. Vores Mom Bag er et alsidigt og praktisk tilbeh\u00f8r, der g\u00f8r enhver mors liv lettere. Mom Bag kan opbevare alle forn\u00f8denheder til dit barn, s\u00e5som bleer, renseklude, flasker, leget\u00f8j og t\u00f8j, men der er ogs\u00e5 plads nok til dine personlige ting som telefon, n\u00f8gler og kosmetik. Vores Mom Bag f\u00e5s i en r\u00e6kke stilfulde farver og kan nemt kombineres med alle andre produkter fra vores Thumbled serie.<\/p>\n<p><strong>M\u00e6rke: Woolskins<\/strong><br \/>\n<strong>Produktion: Polen<\/strong><\/p>","protected":false},"featured_media":6846,"comment_status":"closed","ping_status":"closed","template":"","meta":{"_acf_changed":false},"product_brand":[],"product_cat":[351,364,350,31,196,194],"product_tag":[],"class_list":{"0":"post-6845","1":"product","2":"type-product","3":"status-publish","4":"has-post-thumbnail","6":"product_cat-accessoiresvoormama","7":"product_cat-cadeaus-vanaf-e50","8":"product_cat-fashion","9":"product_cat-yogamat-wol","10":"product_cat-slaapkleding-baby","11":"product_cat-wollen-babyproducten","13":"first","14":"instock","15":"taxable","16":"shipping-taxable","17":"purchasable","18":"product-type-simple"},"acf":[],"_links":{"self":[{"href":"https:\/\/woolskins.eu\/da\/wp-json\/wp\/v2\/product\/6845","targetHints":{"allow":["GET"]}}],"collection":[{"href":"https:\/\/woolskins.eu\/da\/wp-json\/wp\/v2\/product"}],"about":[{"href":"https:\/\/woolskins.eu\/da\/wp-json\/wp\/v2\/types\/product"}],"replies":[{"embeddable":true,"href":"https:\/\/woolskins.eu\/da\/wp-json\/wp\/v2\/comments?post=6845"}],"wp:featuredmedia":[{"embeddable":true,"href":"https:\/\/woolskins.eu\/da\/wp-json\/wp\/v2\/media\/6846"}],"wp:attachment":[{"href":"https:\/\/woolskins.eu\/da\/wp-json\/wp\/v2\/media?parent=6845"}],"wp:term":[{"taxonomy":"product_brand","embeddable":true,"href":"https:\/\/woolskins.eu\/da\/wp-json\/wp\/v2\/product_brand?post=6845"},{"taxonomy":"product_cat","embeddable":true,"href":"https:\/\/woolskins.eu\/da\/wp-json\/wp\/v2\/product_cat?post=6845"},{"taxonomy":"product_tag","embeddable":true,"href":"https:\/\/woolskins.eu\/da\/wp-json\/wp\/v2\/product_tag?post=6845"}],"curies":[{"name":"wp","href":"https:\/\/api.w.org\/{rel}","templated":true}]}}