{"id":6615,"date":"2021-09-01T12:54:16","date_gmt":"2021-09-01T12:54:16","guid":{"rendered":"https:\/\/woolskins.eu\/vest-100-wol"},"modified":"2025-12-16T12:20:50","modified_gmt":"2025-12-16T12:20:50","slug":"cardigan-100-uld","status":"publish","type":"product","link":"https:\/\/woolskins.eu\/da\/vest-100-wol\/","title":{"rendered":"Alwero Vest | Bl\u00e5"},"content":{"rendered":"<p>Denne Alwero cardigan har en smidig pasform, og n\u00e5r du f\u00f8rst tager den p\u00e5, vil du f\u00f8le den komfort, uld har at tilbyde. Hold dig god og varm med denne uldcardigan fra Alwero i de koldere dage.<\/p>\n<p>\u2013 Uldblanding (50% uldboucle \/ 50% akryl)<br \/>\n\u2013 Denne vest giver ekstra varme til de koldere dage.<br \/>\n\u2013 Uld isolerer godt.<\/p>","protected":false},"excerpt":{"rendered":"<p>Oversized damecardigan med lommer. Endnu en p\u00e5 lager i st\u00f8rrelse XS\/S. Lukkes med trykknapper, bindes i taljen. L\u00e6ngde over kn\u00e6et.<\/p>","protected":false},"featured_media":10420,"comment_status":"closed","ping_status":"closed","template":"","meta":{"_acf_changed":false},"product_brand":[],"product_cat":[364,350,31,194],"product_tag":[],"class_list":{"0":"post-6615","1":"product","2":"type-product","3":"status-publish","4":"has-post-thumbnail","6":"product_cat-cadeaus-vanaf-e50","7":"product_cat-fashion","8":"product_cat-yogamat-wol","9":"product_cat-wollen-babyproducten","11":"first","12":"outofstock","13":"taxable","14":"shipping-taxable","15":"purchasable","16":"product-type-simple"},"acf":[],"_links":{"self":[{"href":"https:\/\/woolskins.eu\/da\/wp-json\/wp\/v2\/product\/6615","targetHints":{"allow":["GET"]}}],"collection":[{"href":"https:\/\/woolskins.eu\/da\/wp-json\/wp\/v2\/product"}],"about":[{"href":"https:\/\/woolskins.eu\/da\/wp-json\/wp\/v2\/types\/product"}],"replies":[{"embeddable":true,"href":"https:\/\/woolskins.eu\/da\/wp-json\/wp\/v2\/comments?post=6615"}],"wp:featuredmedia":[{"embeddable":true,"href":"https:\/\/woolskins.eu\/da\/wp-json\/wp\/v2\/media\/10420"}],"wp:attachment":[{"href":"https:\/\/woolskins.eu\/da\/wp-json\/wp\/v2\/media?parent=6615"}],"wp:term":[{"taxonomy":"product_brand","embeddable":true,"href":"https:\/\/woolskins.eu\/da\/wp-json\/wp\/v2\/product_brand?post=6615"},{"taxonomy":"product_cat","embeddable":true,"href":"https:\/\/woolskins.eu\/da\/wp-json\/wp\/v2\/product_cat?post=6615"},{"taxonomy":"product_tag","embeddable":true,"href":"https:\/\/woolskins.eu\/da\/wp-json\/wp\/v2\/product_tag?post=6615"}],"curies":[{"name":"wp","href":"https:\/\/api.w.org\/{rel}","templated":true}]}}