{"id":6594,"date":"2021-09-01T12:54:16","date_gmt":"2021-09-01T12:54:16","guid":{"rendered":"https:\/\/woolskins.eu\/yogasocks-donkergrijs"},"modified":"2022-05-10T17:45:42","modified_gmt":"2022-05-10T17:45:42","slug":"yogastromper-morkegra","status":"publish","type":"product","link":"https:\/\/woolskins.eu\/da\/yogasocks-donkergrijs\/","title":{"rendered":"Yoga sokker m\u00f8rkegr\u00e5"},"content":{"rendered":"<p>Disse sokker\/varmere er ideelle til at dyrke yoga og meditation. T\u00e5en og h\u00e6len er fri for det n\u00f8dvendige greb, og de holder dine f\u00f8dder og ankler dejlig varme og behagelige under undervisningen. Disse sokker\/varmere er lavet af 100% jomfruuld og f\u00e5s i tre farver og to st\u00f8rrelser.<\/p>","protected":false},"excerpt":{"rendered":"<p>Disse sokker\/varmere er ideelle til at dyrke yoga og meditation. T\u00e5en og h\u00e6len er fri for det n\u00f8dvendige greb, og de holder dine f\u00f8dder og ankler dejlig varme og behagelige under undervisningen. Disse sokker\/varmere er lavet af 100% jomfruuld og f\u00e5s i tre farver og to st\u00f8rrelser.<\/p>","protected":false},"featured_media":5947,"comment_status":"closed","ping_status":"closed","template":"","meta":{"_acf_changed":false},"product_brand":[],"product_cat":[337],"product_tag":[],"class_list":{"0":"post-6594","1":"product","2":"type-product","3":"status-publish","4":"has-post-thumbnail","6":"product_cat-vestjes","7":"pa_maat-m","8":"pa_maat-s","10":"first","11":"outofstock","12":"taxable","13":"shipping-taxable","14":"purchasable","15":"product-type-variable"},"acf":[],"_links":{"self":[{"href":"https:\/\/woolskins.eu\/da\/wp-json\/wp\/v2\/product\/6594","targetHints":{"allow":["GET"]}}],"collection":[{"href":"https:\/\/woolskins.eu\/da\/wp-json\/wp\/v2\/product"}],"about":[{"href":"https:\/\/woolskins.eu\/da\/wp-json\/wp\/v2\/types\/product"}],"replies":[{"embeddable":true,"href":"https:\/\/woolskins.eu\/da\/wp-json\/wp\/v2\/comments?post=6594"}],"wp:featuredmedia":[{"embeddable":true,"href":"https:\/\/woolskins.eu\/da\/wp-json\/wp\/v2\/media\/5947"}],"wp:attachment":[{"href":"https:\/\/woolskins.eu\/da\/wp-json\/wp\/v2\/media?parent=6594"}],"wp:term":[{"taxonomy":"product_brand","embeddable":true,"href":"https:\/\/woolskins.eu\/da\/wp-json\/wp\/v2\/product_brand?post=6594"},{"taxonomy":"product_cat","embeddable":true,"href":"https:\/\/woolskins.eu\/da\/wp-json\/wp\/v2\/product_cat?post=6594"},{"taxonomy":"product_tag","embeddable":true,"href":"https:\/\/woolskins.eu\/da\/wp-json\/wp\/v2\/product_tag?post=6594"}],"curies":[{"name":"wp","href":"https:\/\/api.w.org\/{rel}","templated":true}]}}