{"id":6586,"date":"2021-09-01T12:53:58","date_gmt":"2021-09-01T12:53:58","guid":{"rendered":"https:\/\/woolskins.eu\/yogasocks-100-wol-donkergrijs-kort"},"modified":"2022-05-10T17:47:54","modified_gmt":"2022-05-10T17:47:54","slug":"yogastromper-100-uld-morkegra-korte","status":"publish","type":"product","link":"https:\/\/woolskins.eu\/da\/yogasocks-100-wol-donkergrijs-kort\/","title":{"rendered":"Yogastr\u00f8mper 100% Uld m\u00f8rkegr\u00e5 korte"},"content":{"rendered":"<p>Disse sokker\/varmere er ideelle til at dyrke yoga og meditation. T\u00e5en og h\u00e6len er fri for det n\u00f8dvendige greb, og de holder dine f\u00f8dder og ankler dejlig varme og behagelige under undervisningen. Disse sokker\/varmere er lavet af 100% jomfruuld og f\u00e5s i tre farver<\/p>\n<p>&nbsp;<\/p>\n<p>\u2013 Str\u00f8mper best\u00e5r af 100% uld<\/p>\n<p>\u2013 Absorberende og \u00e5ndbar<\/p>\n<p>\u2013 B\u00e6redygtig og \u00e6rlig<\/p>\n<p>\u2013 Uldm\u00e6rke kvalitet<\/p>","protected":false},"excerpt":{"rendered":"<p>Deze&nbsp;sokken\/warmers zijn ideaal voor het beoefenen van yoga en meditatie. De teen en hiel zijn vrij voor de nodige grip en ze houden je voeten en enkels lekker warm en comfortabel tijdens de les. Deze sokken\/warmers zijn gemaakt van 100% scheerwol en verkrijgbaar in drie kleuren &nbsp; &#8211; Sokken bestaan uit 100% wol &#8211; Absorberend [&hellip;]<\/p>\n","protected":false},"featured_media":5935,"comment_status":"closed","ping_status":"closed","template":"","meta":{"_acf_changed":false},"product_brand":[],"product_cat":[337],"product_tag":[],"class_list":{"0":"post-6586","1":"product","2":"type-product","3":"status-publish","4":"has-post-thumbnail","6":"product_cat-vestjes","8":"first","9":"outofstock","10":"taxable","11":"shipping-taxable","12":"purchasable","13":"product-type-simple"},"acf":[],"_links":{"self":[{"href":"https:\/\/woolskins.eu\/da\/wp-json\/wp\/v2\/product\/6586","targetHints":{"allow":["GET"]}}],"collection":[{"href":"https:\/\/woolskins.eu\/da\/wp-json\/wp\/v2\/product"}],"about":[{"href":"https:\/\/woolskins.eu\/da\/wp-json\/wp\/v2\/types\/product"}],"replies":[{"embeddable":true,"href":"https:\/\/woolskins.eu\/da\/wp-json\/wp\/v2\/comments?post=6586"}],"wp:featuredmedia":[{"embeddable":true,"href":"https:\/\/woolskins.eu\/da\/wp-json\/wp\/v2\/media\/5935"}],"wp:attachment":[{"href":"https:\/\/woolskins.eu\/da\/wp-json\/wp\/v2\/media?parent=6586"}],"wp:term":[{"taxonomy":"product_brand","embeddable":true,"href":"https:\/\/woolskins.eu\/da\/wp-json\/wp\/v2\/product_brand?post=6586"},{"taxonomy":"product_cat","embeddable":true,"href":"https:\/\/woolskins.eu\/da\/wp-json\/wp\/v2\/product_cat?post=6586"},{"taxonomy":"product_tag","embeddable":true,"href":"https:\/\/woolskins.eu\/da\/wp-json\/wp\/v2\/product_tag?post=6586"}],"curies":[{"name":"wp","href":"https:\/\/api.w.org\/{rel}","templated":true}]}}