{"id":6580,"date":"2021-09-01T12:53:58","date_gmt":"2021-09-01T12:53:58","guid":{"rendered":"https:\/\/woolskins.eu\/eco-lamsvacht-comfort-voor-yoga-meditatie-dubbel-3-cm"},"modified":"2024-10-25T07:06:11","modified_gmt":"2024-10-25T07:06:11","slug":"oko-lammeskind-komfort-til-yoga-meditation-dobbelt-3-cm","status":"publish","type":"product","link":"https:\/\/woolskins.eu\/da\/eco-lamsvacht-comfort-voor-yoga-meditatie-dubbel-3-cm\/","title":{"rendered":"Eco Lambskin Comfort til yoga og meditation | dobbelt 3 cm"},"content":{"rendered":"<p>Vores WOOLSKINS komfortfrakker er et europ\u00e6isk, \u00f8kologisk og 100% naturprodukt.<\/p>\n<p>Uld er godt for sind, hud og krop. Det har en dynamisk effekt og hj\u00e6lper dig og din familie til at nyde livet sundt, afslappet og udhvilet.<\/p>\n<p>Vi har to versioner i vores kollektion, en enkeltfrakke og en dobbeltfrakke, der passer behageligt til hele din krop. En smuk, l\u00e6kker og sund gave!<\/p>\n<p>M\u00e5lene p\u00e5 vores XL frakke er +\/- 70 x 200 cm og har en frakke l\u00e6ngde p\u00e5 +\/- 3 cm.<\/p>\n<p>Dette lammeskind er ideelt til yoga og meditation. Den er meget behagelig og regulerer varme og fugt. Der er endda yogier, der anbefaler et f\u00e5reskind, ikke kun p\u00e5 grund af den perfekte st\u00f8rrelse, men ogs\u00e5 fordi det isolerer dit eget magnetfelt (din aura) og blokerer for jordens magnetiske str\u00e5ling. Dette hj\u00e6lper dig enormt i den meditative proces og holder din krop i balance.<\/p>","protected":false},"excerpt":{"rendered":"<p>Uld er godt for sind, hud og krop. Det har en dynamisk effekt og hj\u00e6lper dig og din familie til at nyde livet sundt, afslappet og udhvilet.<\/p>","protected":false},"featured_media":5927,"comment_status":"closed","ping_status":"closed","template":"","meta":{"_acf_changed":false},"product_brand":[],"product_cat":[358],"product_tag":[],"class_list":{"0":"post-6580","1":"product","2":"type-product","3":"status-publish","4":"has-post-thumbnail","6":"product_cat-wollen-yogamat","8":"first","9":"outofstock","10":"taxable","11":"shipping-taxable","12":"purchasable","13":"product-type-simple"},"acf":[],"_links":{"self":[{"href":"https:\/\/woolskins.eu\/da\/wp-json\/wp\/v2\/product\/6580","targetHints":{"allow":["GET"]}}],"collection":[{"href":"https:\/\/woolskins.eu\/da\/wp-json\/wp\/v2\/product"}],"about":[{"href":"https:\/\/woolskins.eu\/da\/wp-json\/wp\/v2\/types\/product"}],"replies":[{"embeddable":true,"href":"https:\/\/woolskins.eu\/da\/wp-json\/wp\/v2\/comments?post=6580"}],"wp:featuredmedia":[{"embeddable":true,"href":"https:\/\/woolskins.eu\/da\/wp-json\/wp\/v2\/media\/5927"}],"wp:attachment":[{"href":"https:\/\/woolskins.eu\/da\/wp-json\/wp\/v2\/media?parent=6580"}],"wp:term":[{"taxonomy":"product_brand","embeddable":true,"href":"https:\/\/woolskins.eu\/da\/wp-json\/wp\/v2\/product_brand?post=6580"},{"taxonomy":"product_cat","embeddable":true,"href":"https:\/\/woolskins.eu\/da\/wp-json\/wp\/v2\/product_cat?post=6580"},{"taxonomy":"product_tag","embeddable":true,"href":"https:\/\/woolskins.eu\/da\/wp-json\/wp\/v2\/product_tag?post=6580"}],"curies":[{"name":"wp","href":"https:\/\/api.w.org\/{rel}","templated":true}]}}