{"id":6578,"date":"2021-09-01T12:53:58","date_gmt":"2021-09-01T12:53:58","guid":{"rendered":"https:\/\/woolskins.eu\/wollen-yogamat-met-ecoleather-ecru-bruin"},"modified":"2025-01-27T11:21:47","modified_gmt":"2025-01-27T11:21:47","slug":"yogamatte-i-uld-med-ecoleather-ecru-brown","status":"publish","type":"product","link":"https:\/\/woolskins.eu\/da\/wollen-yogamat-met-ecoleather-ecru-bruin\/","title":{"rendered":"Uld yogam\u00e5tte med Ecoleather | ecru-brun"},"content":{"rendered":"<p>Vores WOOLSKINS yogam\u00e5tter er ideelle til at dyrke yoga og meditation. Uld er godt for sind, hud og krop. N\u00e5r du f\u00f8rst har pr\u00f8vet en yogam\u00e5tte i uld, vil du ikke have andet! Det har en dynamisk effekt og hj\u00e6lper dig med at bevare en sund krop og sind.<\/p>\n<p>\u2013 m\u00e5l: 75 x 180 cm.<br \/>\n\u2013 Til brug i yogastudier, tr\u00e6ningslokaler og derhjemme<br \/>\n\u2013 Fin overflade til terapeutiske behandlinger<br \/>\n\u2013 M\u00e5tten har termiske v\u00e6rdier og en h\u00f8j komfortf\u00f8lelse.<br \/>\n\u2013 Toplag 100% jomfruuld. Bund: \u00d8kol\u00e6der og har et bl\u00f8dt mellemlag (0,6 cm).<br \/>\n\u2013 Godt greb p\u00e5 glatte overflader.<br \/>\n\u2013 Indeholder stadig naturligt uldfedt og er selvrensende.<br \/>\n\u2013 Regulerer varme og fugt.<br \/>\n\u2013 Med praktisk opbevaringstaske med b\u00e6restrop.<\/p>","protected":false},"excerpt":{"rendered":"<p>Er du aktiv inden for yoga og meditation, kommer en yogam\u00e5tte i uld godt med. Vores er bl\u00f8dere og mere behagelige end normale yogam\u00e5tter. Dette g\u00f8r dem ideelle til at praktisere meditation og yoga. Fordi uld er godt for sind, hud og krop, har en yogam\u00e5tte i uld en positiv indflydelse p\u00e5 ud\u00f8velsen af yoga og meditation. Efter du har valgt en yogam\u00e5tte i uld fra WOOLSKINS, er det sv\u00e6rt at \u00f8nske sig andet bagefter.<\/p>\n<p><strong>M\u00e6rke: Woolskins<\/strong><br \/>\n<strong>Produktion: Polen<\/strong><\/p>","protected":false},"featured_media":5922,"comment_status":"closed","ping_status":"closed","template":"","meta":{"_acf_changed":false},"product_brand":[],"product_cat":[31,358],"product_tag":[],"class_list":{"0":"post-6578","1":"product","2":"type-product","3":"status-publish","4":"has-post-thumbnail","6":"product_cat-yogamat-wol","7":"product_cat-wollen-yogamat","9":"first","10":"outofstock","11":"taxable","12":"shipping-taxable","13":"purchasable","14":"product-type-simple"},"acf":[],"_links":{"self":[{"href":"https:\/\/woolskins.eu\/da\/wp-json\/wp\/v2\/product\/6578","targetHints":{"allow":["GET"]}}],"collection":[{"href":"https:\/\/woolskins.eu\/da\/wp-json\/wp\/v2\/product"}],"about":[{"href":"https:\/\/woolskins.eu\/da\/wp-json\/wp\/v2\/types\/product"}],"replies":[{"embeddable":true,"href":"https:\/\/woolskins.eu\/da\/wp-json\/wp\/v2\/comments?post=6578"}],"wp:featuredmedia":[{"embeddable":true,"href":"https:\/\/woolskins.eu\/da\/wp-json\/wp\/v2\/media\/5922"}],"wp:attachment":[{"href":"https:\/\/woolskins.eu\/da\/wp-json\/wp\/v2\/media?parent=6578"}],"wp:term":[{"taxonomy":"product_brand","embeddable":true,"href":"https:\/\/woolskins.eu\/da\/wp-json\/wp\/v2\/product_brand?post=6578"},{"taxonomy":"product_cat","embeddable":true,"href":"https:\/\/woolskins.eu\/da\/wp-json\/wp\/v2\/product_cat?post=6578"},{"taxonomy":"product_tag","embeddable":true,"href":"https:\/\/woolskins.eu\/da\/wp-json\/wp\/v2\/product_tag?post=6578"}],"curies":[{"name":"wp","href":"https:\/\/api.w.org\/{rel}","templated":true}]}}