{"id":6551,"date":"2021-09-01T12:53:35","date_gmt":"2021-09-01T12:53:35","guid":{"rendered":"https:\/\/woolskins.eu\/meditatiedeken-100-wol-beige"},"modified":"2025-04-17T06:57:18","modified_gmt":"2025-04-17T06:57:18","slug":"meditationstaeppe-100-uld-beige","status":"publish","type":"product","link":"https:\/\/woolskins.eu\/da\/meditatiedeken-100-wol-beige\/","title":{"rendered":"Meditationst\u00e6ppe 100% uldbeige"},"content":{"rendered":"<p>Disse meditationst\u00e6pper er velegnede til at holde sig behageligt varme under meditation eller mindfulness og giver en sikker og tryg f\u00f8lelse. Det er ogs\u00e5 et sk\u00f8nt ekstra t\u00e6ppe til sengen eller p\u00e5 sofaen. Uld giver varme om vinteren, og dens ventilerende egenskaber g\u00f8r den ogs\u00e5 fantastisk til brug om sommeren. Uldens rehabiliterende og helbredende egenskaber har v\u00e6ret kendt i tusinder af \u00e5r. Uld, et \u00e5rhundreder gammelt rent og sikkert naturprodukt.<br \/>\n\u2013 100% ren ubearbejdet ny uld (Woolmark).<br \/>\n\u2013 Meget bl\u00f8d og behagelig.<br \/>\n\u2013 M\u00e5l: 150 x 200 cm.<br \/>\n\u2013 Fri for skadelige stoffer og kemiske behandlinger.<br \/>\n\u2013 europ\u00e6isk produktion.<br \/>\n\u2013 kan vaskes ved 30\u00b0C uldvaskeprogram.<br \/>\nDette produkt har Safe for Children og Woolmark kvalitetsm\u00e6rket og kan nemt kombineres med vores andre produkter.<\/p>","protected":false},"excerpt":{"rendered":"<p>Disse meditationst\u00e6pper er velegnede til at holde sig behageligt varme under meditation eller mindfulness og giver en sikker og tryg f\u00f8lelse. Det er ogs\u00e5 et sk\u00f8nt ekstra t\u00e6ppe til sengen eller p\u00e5 sofaen.<\/p>","protected":false},"featured_media":5887,"comment_status":"closed","ping_status":"closed","template":"","meta":{"_acf_changed":false},"product_brand":[],"product_cat":[358],"product_tag":[],"class_list":{"0":"post-6551","1":"product","2":"type-product","3":"status-publish","4":"has-post-thumbnail","6":"product_cat-wollen-yogamat","8":"first","9":"outofstock","10":"taxable","11":"shipping-taxable","12":"purchasable","13":"product-type-simple"},"acf":[],"_links":{"self":[{"href":"https:\/\/woolskins.eu\/da\/wp-json\/wp\/v2\/product\/6551","targetHints":{"allow":["GET"]}}],"collection":[{"href":"https:\/\/woolskins.eu\/da\/wp-json\/wp\/v2\/product"}],"about":[{"href":"https:\/\/woolskins.eu\/da\/wp-json\/wp\/v2\/types\/product"}],"replies":[{"embeddable":true,"href":"https:\/\/woolskins.eu\/da\/wp-json\/wp\/v2\/comments?post=6551"}],"wp:featuredmedia":[{"embeddable":true,"href":"https:\/\/woolskins.eu\/da\/wp-json\/wp\/v2\/media\/5887"}],"wp:attachment":[{"href":"https:\/\/woolskins.eu\/da\/wp-json\/wp\/v2\/media?parent=6551"}],"wp:term":[{"taxonomy":"product_brand","embeddable":true,"href":"https:\/\/woolskins.eu\/da\/wp-json\/wp\/v2\/product_brand?post=6551"},{"taxonomy":"product_cat","embeddable":true,"href":"https:\/\/woolskins.eu\/da\/wp-json\/wp\/v2\/product_cat?post=6551"},{"taxonomy":"product_tag","embeddable":true,"href":"https:\/\/woolskins.eu\/da\/wp-json\/wp\/v2\/product_tag?post=6551"}],"curies":[{"name":"wp","href":"https:\/\/api.w.org\/{rel}","templated":true}]}}