{"id":6475,"date":"2021-09-01T12:52:26","date_gmt":"2021-09-01T12:52:26","guid":{"rendered":"https:\/\/woolskins.eu\/broekje-baby-100-merino-wolfleece-walnut"},"modified":"2025-10-27T10:51:37","modified_gmt":"2025-10-27T10:51:37","slug":"baby-100-merino-wolf-fleece-walnut-bukser","status":"publish","type":"product","link":"https:\/\/woolskins.eu\/da\/broekje-baby-100-merino-wolfleece-walnut\/","title":{"rendered":"Engel Babybukser 100% Merino Wolfleece | Valn\u00f8d"},"content":{"rendered":"<p>Disse super bl\u00f8de bukser til din baby er lavet af 100% \u00f8kologisk merinould. Det f\u00f8les luksuri\u00f8st og er yderst behageligt for din baby. Den har en bred boring, der passer godt, og du kan ogs\u00e5 folde den over.<br \/>\nUld regulerer kropstemperaturen og holder dit barn t\u00f8rt og godt tilpas. Merino jomfruuld er ekstremt fint og kl\u00f8r derfor ikke. Takket v\u00e6re lanolinen, der naturligt findes i uld, er den smuds- og vandafvisende.<\/p>\n<p>&nbsp;<\/p>\n<p>Disse super bl\u00f8de bukser til din baby er lavet af 100% \u00f8kologisk merinould. Det f\u00f8les luksuri\u00f8st og er yderst behageligt for din baby. Den har en bred boring, der passer godt, og du kan ogs\u00e5 folde den over.<\/p>\n<p>Uld regulerer kropstemperaturen og holder dit barn t\u00f8rt og godt tilpas. Merino jomfruuld er ekstremt fint og kl\u00f8r derfor ikke. Takket v\u00e6re lanolinen, der naturligt findes i uld, er den smuds- og vandafvisende.<\/p>\n<p>Fordi lanolin ogs\u00e5 er anti-bakterielt, er det ikke ofte n\u00f8dvendigt at vaske. At h\u00e6nge ud i det fri er ofte nok.<\/p>\n<p>\u2013 Fantastisk bl\u00f8d<br \/>\n\u2013 F\u00f8les meget let og dejlig varm<br \/>\n\u2013 Uld er \u00e5ndbart<br \/>\n\u2013 Hj\u00e6lper dit barn med at regulere temperaturen<br \/>\n\u2013 Ideel til sejlet eller b\u00e6reren<\/p>\n<p>De er \u00f8kologiske og er fri for tungmetaller og skadelige AZO-farvestoffer. Certificeret GOTS.<\/p>\n<h5>Engel<\/h5>\n<p>Familievirksomheden har lavet undert\u00f8j og t\u00f8j i 85 \u00e5r. I 1982 begyndte et eksemplarisk og konsekvent fokus p\u00e5 naturlige tekstiler med forarbejdning af naturlig bomuld.<\/p>\n<p>I dag omfatter vores kollektion specialdesignet t\u00f8j til for tidligt f\u00f8dte b\u00f8rn.<\/p>\n<p>Ud over bomuld fra kontrolleret \u00f8kologisk dyrkning (kbA) forarbejder vi den fineste merinould fra kontrolleret \u00f8kologisk husdyrbrug (kbT) og naturlig merino nyuld (kbT) med silke. Alle anvendte farvestoffer er fri for tungmetaller og har altid v\u00e6ret fri for skadelige AZO-farver. Til at farve de uldne tekstiler bruger vi kun reaktive farvestoffer, der er s\u00e6rligt stabile med fiberen og er kendetegnet ved h\u00f8j \u00e6gthed. N\u00e5r det kommer til efterbehandling af tekstiler, bruger vi ikke kemisk efterbehandling.<\/p>\n<p>Alle anvendte materialer skal i princippet v\u00e6re biologisk nedbrydelige og m\u00e5 ikke forurene jord, luft eller vand. Alle brugte metaldele er nikkelfri, vores knapper er lavet af naturlige, vedvarende r\u00e5materialer. For at garantere vores h\u00f8je kvalitetsstandarder stilles der tilsvarende krav til lys\u00e6gthed, spyt\u00e6gthed, sved\u00e6gthed, vaske\u00e6gthed og krympning.<\/p>\n<p>Disse egenskaber har vi sammen med restkoncentrationsgr\u00e6nsev\u00e6rdier for milj\u00f8- og sundhedsfarlige stoffer l\u00f8bende unders\u00f8gt af uafh\u00e6ngige og certificerede milj\u00f8laboratorier og institutter.<\/p>\n<p>Engel babybukser uld \u2013 Engel Babyt\u00f8j<\/p>","protected":false},"excerpt":{"rendered":"<p>Disse Engel-bukser f\u00f8les luksuri\u00f8se og er yderst behagelige for din baby. Den har en bred boring, der passer godt, og du kan ogs\u00e5 folde den over.<\/p>","protected":false},"featured_media":5793,"comment_status":"closed","ping_status":"closed","template":"","meta":{"_acf_changed":false},"product_brand":[],"product_cat":[361,360,363,248,200,322,344],"product_tag":[],"class_list":{"0":"post-6475","1":"product","2":"type-product","3":"status-publish","4":"has-post-thumbnail","6":"product_cat-babyshower","7":"product_cat-cadeautips","8":"product_cat-cadeaus-e25-e50","9":"product_cat-engel_natur","10":"product_cat-wollen-babykleding","11":"product_cat-broekjes","12":"product_cat-kleertjes","13":"pa_maat-50-56","14":"pa_maat-62-68","16":"first","17":"instock","18":"taxable","19":"shipping-taxable","20":"purchasable","21":"product-type-variable"},"acf":[],"_links":{"self":[{"href":"https:\/\/woolskins.eu\/da\/wp-json\/wp\/v2\/product\/6475","targetHints":{"allow":["GET"]}}],"collection":[{"href":"https:\/\/woolskins.eu\/da\/wp-json\/wp\/v2\/product"}],"about":[{"href":"https:\/\/woolskins.eu\/da\/wp-json\/wp\/v2\/types\/product"}],"replies":[{"embeddable":true,"href":"https:\/\/woolskins.eu\/da\/wp-json\/wp\/v2\/comments?post=6475"}],"wp:featuredmedia":[{"embeddable":true,"href":"https:\/\/woolskins.eu\/da\/wp-json\/wp\/v2\/media\/5793"}],"wp:attachment":[{"href":"https:\/\/woolskins.eu\/da\/wp-json\/wp\/v2\/media?parent=6475"}],"wp:term":[{"taxonomy":"product_brand","embeddable":true,"href":"https:\/\/woolskins.eu\/da\/wp-json\/wp\/v2\/product_brand?post=6475"},{"taxonomy":"product_cat","embeddable":true,"href":"https:\/\/woolskins.eu\/da\/wp-json\/wp\/v2\/product_cat?post=6475"},{"taxonomy":"product_tag","embeddable":true,"href":"https:\/\/woolskins.eu\/da\/wp-json\/wp\/v2\/product_tag?post=6475"}],"curies":[{"name":"wp","href":"https:\/\/api.w.org\/{rel}","templated":true}]}}