{"id":6419,"date":"2021-09-01T12:51:50","date_gmt":"2021-09-01T12:51:50","guid":{"rendered":"https:\/\/woolskins.eu\/baby-slaapzak-lammy-camel"},"modified":"2026-05-06T12:31:54","modified_gmt":"2026-05-06T12:31:54","slug":"alwero-sovepose-lammy-camel","status":"publish","type":"product","link":"https:\/\/woolskins.eu\/da\/alwero-slaapzak-lammy-camel\/","title":{"rendered":"Uld Sovepose til Baby \u2013 Tommelfinger | Kamel"},"content":{"rendered":"<p>Vores \u00f8ko uld baby sovepose er meget velegnet til de mindste takket v\u00e6re uldfibrenes naturlige egenskaber. Disse \u00e5nder og har den egenskab, at de fungerer som en naturlig termostat, der regulerer kropstemperaturen.<\/p>\n<p>Dette hj\u00e6lper din baby med at holde en stabil temperatur og holder din baby t\u00f8r og komfortabel. Det g\u00f8r dette &quot;dynamisk&quot;, hvilket betyder, at det sker, n\u00e5r det er n\u00f8dvendigt, og ikke n\u00e5r det ikke er n\u00f8dvendigt. Disse uldsoveposer er varme om vinteren og k\u00f8lige om sommeren.<\/p>\n<p>Halsst\u00f8rrelsen er justerbar takket v\u00e6re de dobbelte trykknapper og den har en lang lynl\u00e5s, s\u00e5 hele soveposen nemt kan \u00e5bnes.<\/p>\n<p>St\u00f8rrelse 0-6 m\u00e5neder: l\u00e6ngde 67 cm (fra skulderlukning til bund).<\/p>\n<p>Dette produkt har Safe for Children og Woolmark kvalitetsm\u00e6rket.<\/p>\n<h5>Woolskins private label lavet af Alwero<\/h5>\n<p>Efter mange \u00e5rs succesfuldt samarbejde med Alwero, kan vi stolt meddele, at vi kan b\u00e6re Alwero under vores eget Woolskins-m\u00e6rke.<\/p>\n<p>P\u00e5 denne m\u00e5de f\u00e5r du stadig den bedste kvalitet fra Alwero kombineret med de flotteste og unikke produkter\/designs fra Woolskins.<\/p>\n<p>Hvad \u00e6ndrer sig s\u00e5? Ikke s\u00e5 meget! Kvaliteten, stofferne og farverne forbliver de samme, men der er et st\u00f8rre udvalg af unikke produkter, som Woolskins mener kan udm\u00e6rke sig, og som er et godt supplement til babys\u00e6ttet.<\/p>\n<p>Du kan genkende vores produkter p\u00e5 vores Woolskins-m\u00e6rke, og vaskem\u00e6rket viser, at de er produceret af Alwero.<\/p>\n<p>Vi g\u00e5r entusiastisk sammen om at skabe et b\u00e6redygtigt, naturligt og mest behageligt produkt til dit barn.<\/p>\n<h5>Alwero<\/h5>\n<p>Familievirksomheden blev grundlagt i slutningen af 1990&#039;erne ud fra behovet for at skabe noget. Midt i naturen, hvor f\u00e5rene gr\u00e6sser i bjergene, finder ALWERO den unikke r\u00e5vare, det handler om: r\u00e5uld.<\/p>\n<p>Ved at kombinere \u00e6ldgamle traditioner og teknisk innovation skaber ALWERO en verden af komfort.Viden, h\u00e5ndv\u00e6rk og k\u00e6rligheden til uld har sikret, at ALWEROs produkter bliver v\u00e6rdsat over hele verden.<\/p>","protected":false},"excerpt":{"rendered":"<p>Hvis du leder efter en behagelig og varm sovepose til din baby, er uld et glimrende valg. Uld har mange fordele, der hj\u00e6lper din baby med at sove godt, hver s\u00e6son af \u00e5ret.<\/p>\n<p>Vores lette baby-sovepose i \u00f8ko-uld er \u00e5ndbar og fungerer som en naturlig termostat, der regulerer kropstemperaturen og hj\u00e6lper din baby med at hvile og sove godt. Denne sovepose er meget velegnet til sm\u00e5b\u00f8rn takket v\u00e6re de dobbelte trykknapper, der g\u00f8r det muligt at g\u00f8re hals\u00e5bningen st\u00f8rre og mindre. Den lange lynl\u00e5s \u00e5bner hele soveposen, s\u00e5 den er nem at skifte. Uldsoveposen hj\u00e6lper din baby med at opretholde en stabil temperatur og holder din baby t\u00f8r og komfortabel. Det g\u00f8r den \u2018dynamisk\u2019, hvilket betyder, at det sker, n\u00e5r der er brug for det, og ikke n\u00e5r der ikke er. Disse uldsoveposer er derfor varme om vinteren og k\u00f8lige om sommeren.<\/p>\n<p><strong>M\u00e6rke: Woolskins<\/strong><br \/>\n<strong>Producent: Woolskins Private Lable er produceret af Alwero<\/strong><\/p>","protected":false},"featured_media":5714,"comment_status":"closed","ping_status":"closed","template":"","meta":{"_acf_changed":false},"product_brand":[],"product_cat":[361,360,364,196,370,194],"product_tag":[],"class_list":{"0":"post-6419","1":"product","2":"type-product","3":"status-publish","4":"has-post-thumbnail","6":"product_cat-babyshower","7":"product_cat-cadeautips","8":"product_cat-cadeaus-vanaf-e50","9":"product_cat-slaapkleding-baby","10":"product_cat-slaapzakken","11":"product_cat-wollen-babyproducten","12":"pa_maat-0-6-maanden","13":"pa_maat-6-12-maanden","15":"first","16":"outofstock","17":"taxable","18":"shipping-taxable","19":"purchasable","20":"product-type-variable"},"acf":[],"_links":{"self":[{"href":"https:\/\/woolskins.eu\/da\/wp-json\/wp\/v2\/product\/6419","targetHints":{"allow":["GET"]}}],"collection":[{"href":"https:\/\/woolskins.eu\/da\/wp-json\/wp\/v2\/product"}],"about":[{"href":"https:\/\/woolskins.eu\/da\/wp-json\/wp\/v2\/types\/product"}],"replies":[{"embeddable":true,"href":"https:\/\/woolskins.eu\/da\/wp-json\/wp\/v2\/comments?post=6419"}],"wp:featuredmedia":[{"embeddable":true,"href":"https:\/\/woolskins.eu\/da\/wp-json\/wp\/v2\/media\/5714"}],"wp:attachment":[{"href":"https:\/\/woolskins.eu\/da\/wp-json\/wp\/v2\/media?parent=6419"}],"wp:term":[{"taxonomy":"product_brand","embeddable":true,"href":"https:\/\/woolskins.eu\/da\/wp-json\/wp\/v2\/product_brand?post=6419"},{"taxonomy":"product_cat","embeddable":true,"href":"https:\/\/woolskins.eu\/da\/wp-json\/wp\/v2\/product_cat?post=6419"},{"taxonomy":"product_tag","embeddable":true,"href":"https:\/\/woolskins.eu\/da\/wp-json\/wp\/v2\/product_tag?post=6419"}],"curies":[{"name":"wp","href":"https:\/\/api.w.org\/{rel}","templated":true}]}}