{"id":6383,"date":"2021-09-01T12:51:15","date_gmt":"2021-09-01T12:51:15","guid":{"rendered":"https:\/\/woolskins.eu\/babysjaaltje-lammy-ecru"},"modified":"2025-11-23T10:03:46","modified_gmt":"2025-11-23T10:03:46","slug":"babytorklaede-lammy-ecru","status":"publish","type":"product","link":"https:\/\/woolskins.eu\/da\/babysjaaltje-lammy-ecru\/","title":{"rendered":"Uld baby t\u00f8rkl\u00e6de med tommelfinger | ecru"},"content":{"rendered":"<p>Med dette uldne babyt\u00f8rkl\u00e6de fra Woolskins vil din lille ikke kun se super s\u00f8d ud, men han eller hun vil ogs\u00e5 holde sig dejlig varm i de kolde vinterdage. En perfekt gave til enhver for\u00e6lder, der s\u00e6tter pris p\u00e5 kvalitet og stil! Produktet har blandt andet Safe for Children og Woolmark kvalitetsm\u00e6rket.<\/p>\n<p>\u2013 100% jomfruuld, Woolmark kvalitetsm\u00e6rke.<br \/>\n\u2013 Meget varmt til p\u00e5 vejen.<br \/>\n\u2013 Praktisk lukning med trykknapper.<br \/>\n\u2013 Forskellige farver tilg\u00e6ngelige.<\/p>\n<h5>Etiket af uldskind<\/h5>\n<p>Efter mange \u00e5rs succesfuldt samarbejde med Alwero, kan vi stolt meddele, at vi nu f\u00f8rer vores produkter under vores eget Woolskins-m\u00e6rke.<\/p>\n<p>P\u00e5 denne m\u00e5de f\u00e5r du stadig den bedste kvalitet, men kombineret med de flotteste og unikke produkter og designs.<\/p>\n<p>Kvaliteten af stofferne og farverne forbliver, som de altid har v\u00e6ret, men der er nu et st\u00f8rre udvalg, som Woolskins mener kan udm\u00e6rke sig.<\/p>\n<p>Vores brede kollektion er sammensat p\u00e5 en s\u00e5dan m\u00e5de, at de er et godt supplement til ethvert babys\u00e6t, lavet af 100% europ\u00e6isk uld, der \u00e5nder og passer til enhver s\u00e6son.<\/p>\n<p>Vi g\u00e5r entusiastisk sammen om at skabe et b\u00e6redygtigt, naturligt og mest behageligt produkt til dit barn.<\/p>","protected":false},"excerpt":{"rendered":"<p>Et uldent babyt\u00f8rkl\u00e6de er et must-have til de koldere dage. Den holder de sm\u00e5 dejlig varme og ser ogs\u00e5 super s\u00f8d ud! Dette babyt\u00f8rkl\u00e6de fra Woolskins er lavet af h\u00f8jkvalitets uld og f\u00e5s i fire farver. Den kan perfekt kombineres med andre uldprodukter fra Woolskins, s\u00e5som en uldbody warmer eller hjemmesko.<\/p>\n<p>Dette t\u00f8rkl\u00e6de er ikke kun funktionelt, men ogs\u00e5 stilfuldt. Den har en praktisk trykl\u00e5s, hvilket g\u00f8r den nem at tage p\u00e5. Desuden er t\u00f8rkl\u00e6det dejligt bl\u00f8dt og behageligt for din babys f\u00f8lsomme hud.<\/p>\n<p><strong>M\u00e6rke: Woolskins<\/strong><br \/>\n<strong>Produktion: Polen<\/strong><\/p>","protected":false},"featured_media":17481,"comment_status":"closed","ping_status":"closed","template":"","meta":{"_acf_changed":false},"product_brand":[],"product_cat":[345,361,360,362,200,346,194],"product_tag":[],"class_list":{"0":"post-6383","1":"product","2":"type-product","3":"status-publish","4":"has-post-thumbnail","6":"product_cat-accessoires","7":"product_cat-babyshower","8":"product_cat-cadeautips","9":"product_cat-cadeaus-tot-e-25","10":"product_cat-wollen-babykleding","11":"product_cat-mutsjesensjaaltjes","12":"product_cat-wollen-babyproducten","14":"first","15":"outofstock","16":"taxable","17":"shipping-taxable","18":"purchasable","19":"product-type-simple"},"acf":[],"_links":{"self":[{"href":"https:\/\/woolskins.eu\/da\/wp-json\/wp\/v2\/product\/6383","targetHints":{"allow":["GET"]}}],"collection":[{"href":"https:\/\/woolskins.eu\/da\/wp-json\/wp\/v2\/product"}],"about":[{"href":"https:\/\/woolskins.eu\/da\/wp-json\/wp\/v2\/types\/product"}],"replies":[{"embeddable":true,"href":"https:\/\/woolskins.eu\/da\/wp-json\/wp\/v2\/comments?post=6383"}],"wp:featuredmedia":[{"embeddable":true,"href":"https:\/\/woolskins.eu\/da\/wp-json\/wp\/v2\/media\/17481"}],"wp:attachment":[{"href":"https:\/\/woolskins.eu\/da\/wp-json\/wp\/v2\/media?parent=6383"}],"wp:term":[{"taxonomy":"product_brand","embeddable":true,"href":"https:\/\/woolskins.eu\/da\/wp-json\/wp\/v2\/product_brand?post=6383"},{"taxonomy":"product_cat","embeddable":true,"href":"https:\/\/woolskins.eu\/da\/wp-json\/wp\/v2\/product_cat?post=6383"},{"taxonomy":"product_tag","embeddable":true,"href":"https:\/\/woolskins.eu\/da\/wp-json\/wp\/v2\/product_tag?post=6383"}],"curies":[{"name":"wp","href":"https:\/\/api.w.org\/{rel}","templated":true}]}}