{"id":6382,"date":"2021-09-01T12:51:15","date_gmt":"2021-09-01T12:51:15","guid":{"rendered":"https:\/\/woolskins.eu\/slofjes-camel-100-baby-alpaca"},"modified":"2022-11-17T08:30:20","modified_gmt":"2022-11-17T08:30:20","slug":"hjemmesko-camel-100-baby-alpaca","status":"publish","type":"product","link":"https:\/\/woolskins.eu\/da\/slofjes-camel-100-baby-alpaca\/","title":{"rendered":"Hjemmesko Camel 100% Baby Alpaca"},"content":{"rendered":"<p>Dine dyrebare k\u00e6ledyr vil elske den m\u00e5de, disse h\u00e5ndlavede st\u00f8vletter holder deres sm\u00e5 t\u00e6er varme p\u00e5. Inspireret af vintage design er disse baby alpaca hjemmesko strikket med fint ufarvet uld fra Peru. Med en s\u00f8d, men praktisk bindelukning, der holder dem p\u00e5 babys f\u00f8dder, mens de har travlt med at kravle rundt.<\/p>\n<p>\u2013 One size 0 \u2013 3 m\u00e5neder<br \/>\n\u2013 Er let og meget bl\u00f8d<br \/>\n\u2013 Termisk, s\u00e5 k\u00f8lende om sommeren og dejligt varmt om vinteren<br \/>\n\u2013 Er 4 gange mindre &quot;slidf\u00f8lsom&quot; end merinould<br \/>\n\u2013 Krymper ikke efter vask<br \/>\n\u2013 100% baby alpaca<br \/>\n\u2013 100% \u00f8kologisk i henhold til Oeko-Tex\u00ae Standard 100<\/p>\n<h5 class=\"Text1893342656__root Text1893342656---typography-11-runningText Text1893342656---priority-7-primary s8gg2 _2UIKs InfoSectionTitle3095652555__root\" aria-hidden=\"false\" data-hook=\"info-section-title\">Baby alpaka uld<\/h5>\n<div class=\"rah-static rah-static--height-auto\" aria-hidden=\"false\">\n<div>\n<div class=\"_1yvxJ fggS- cell\">\n<div class=\"WncCi\" data-hook=\"info-section-description\">\n<p>Fiberstrukturen i Baby Alpaca Wool er meget fin, og bl\u00f8dheden kan sammenlignes med kashmiruld, men endnu bl\u00f8dere. Alpaca uld er kendt for sin overlegne kvalitet, f\u00f8les meget bl\u00f8d mod huden og er allergivenlig. Baby alpaca ulden er den bl\u00f8deste alpaca uld fra den f\u00f8rste klipning. Babyalpaka betyder ikke, at ulden kommer fra babyalpakaer, men at der kun bruges den fineste uld. Den har en diameter p\u00e5 cirka 20 mikron, hvilket er utroligt tyndt. En mikron er 0,001 millimeter. Jo tyndere uld, jo bl\u00f8dere er produktet.<\/p>\n<h5>Petit Hummingbird<\/h5>\n<p class=\"\">PETIT KOLIBRI blev skabt ud fra en ubetinget k\u00e6rlighed til autentiske, \u00f8kologiske og naturlige produkter. Vores produkter blev f\u00f8dt ud fra en urokkelig forpligtelse til at fremme milj\u00f8m\u00e6ssig b\u00e6redygtighed og bevidst forretningspraksis i de lokale samfund i Latinamerika.<\/p>\n<p class=\"\">Alt vores \u00f8kologiske alpaca- og babyalpaca-t\u00f8j er k\u00f8bt med omhu og opm\u00e6rksomhed i et gensidigt fordelagtigt og gennemsigtigt forhold til vores leverand\u00f8rer. Slutprodukterne bringes til live under fair forhold af et kollektiv af h\u00e5ndv\u00e6rkere i Colombia og Peru. Fairtrade er blevet vores ledende princip.<\/p>\n<p class=\"\">B\u00f8rn er morgendagens befolkning. Den indvirkning, de vil have p\u00e5 vores planet, vil blive p\u00e5virket af de principper, vi l\u00e6rer dem i dag. Vores minimalistiske strik med organisk design er lavet til alle sm\u00e5 eventyr!<\/p>\n<p>Vores m\u00e5l er at levere sikkert t\u00f8j og tilbeh\u00f8r til b\u00f8rn, fordi vi mener, at de produkter, b\u00f8rn r\u00f8rer ved, skal v\u00e6re i deres reneste og ubehandlede tilstand. Vi er stolte af at tilbyde \u00f8kologiske produkter, der er fri for skadelige stoffer, certificeret af Standard 100 af OEKO-TEX\u00ae. Ulden vi bruger hos PETIT KOLIBRI kommer fra Peru, et af de vigtigste eksportlande for alpacauld.<\/p>\n<\/div>\n<\/div>\n<\/div>\n<\/div>","protected":false},"excerpt":{"rendered":"<p>Dine dyrebare k\u00e6ledyr vil elske den m\u00e5de, disse h\u00e5ndlavede st\u00f8vletter holder deres sm\u00e5 t\u00e6er varme p\u00e5.<\/p>","protected":false},"featured_media":5660,"comment_status":"closed","ping_status":"closed","template":"","meta":{"_acf_changed":false},"product_brand":[],"product_cat":[345,361,360,363,200,232,323],"product_tag":[],"class_list":{"0":"post-6382","1":"product","2":"type-product","3":"status-publish","4":"has-post-thumbnail","6":"product_cat-accessoires","7":"product_cat-babyshower","8":"product_cat-cadeautips","9":"product_cat-cadeaus-e25-e50","10":"product_cat-wollen-babykleding","11":"product_cat-petit-kolibri","12":"product_cat-slofjes","14":"first","15":"outofstock","16":"taxable","17":"shipping-taxable","18":"purchasable","19":"product-type-simple"},"acf":[],"_links":{"self":[{"href":"https:\/\/woolskins.eu\/da\/wp-json\/wp\/v2\/product\/6382","targetHints":{"allow":["GET"]}}],"collection":[{"href":"https:\/\/woolskins.eu\/da\/wp-json\/wp\/v2\/product"}],"about":[{"href":"https:\/\/woolskins.eu\/da\/wp-json\/wp\/v2\/types\/product"}],"replies":[{"embeddable":true,"href":"https:\/\/woolskins.eu\/da\/wp-json\/wp\/v2\/comments?post=6382"}],"wp:featuredmedia":[{"embeddable":true,"href":"https:\/\/woolskins.eu\/da\/wp-json\/wp\/v2\/media\/5660"}],"wp:attachment":[{"href":"https:\/\/woolskins.eu\/da\/wp-json\/wp\/v2\/media?parent=6382"}],"wp:term":[{"taxonomy":"product_brand","embeddable":true,"href":"https:\/\/woolskins.eu\/da\/wp-json\/wp\/v2\/product_brand?post=6382"},{"taxonomy":"product_cat","embeddable":true,"href":"https:\/\/woolskins.eu\/da\/wp-json\/wp\/v2\/product_cat?post=6382"},{"taxonomy":"product_tag","embeddable":true,"href":"https:\/\/woolskins.eu\/da\/wp-json\/wp\/v2\/product_tag?post=6382"}],"curies":[{"name":"wp","href":"https:\/\/api.w.org\/{rel}","templated":true}]}}