{"id":6359,"date":"2021-09-01T12:50:56","date_gmt":"2021-09-01T12:50:56","guid":{"rendered":"https:\/\/woolskins.eu\/boxkleed-speelkleed-essential"},"modified":"2026-05-12T11:31:45","modified_gmt":"2026-05-12T11:31:45","slug":"kravlegardstaeppe-uundvaerligt","status":"publish","type":"product","link":"https:\/\/woolskins.eu\/da\/boxkleed-speelkleed-essential\/","title":{"rendered":"Legem\u00e5tte\/legem\u00e5tte af f\u00e5reskind \u2013 Essential (medicinsk)"},"content":{"rendered":"<p>Woolskins Eco Baby-Care kravleg\u00e5rdsm\u00e5tten har en kortere pels, hvilket g\u00f8r dem babysikre. De er velegnede fra f\u00f8dslen, og fordi deres forarbejdning tager hensyn til milj\u00f8et, beskytter de b\u00e5de de sm\u00e5 og planeten. Derhjemme eller p\u00e5 farten skaber du et behageligt milj\u00f8, hvor dit barn f\u00f8ler sig glad og afslappet. Vidste du, at f\u00e5reskind ogs\u00e5 er sundt for dit barn?<\/p>\n<p>\u2013 L\u00e6ngde 90 cm x bredde 90 cm \/ frakke 3 cm.<br \/>\n\u2013 Medicinsk garvet.<br \/>\n\u2013 Bl\u00f8d og kompakt pels.<br \/>\n\u2013 Kan maskinvaskes og t\u00f8rres.<br \/>\n\u2013 Nem at vedligeholde.<\/p>\n<p>Bestil en vedligeholdelsesb\u00f8rste for at holde din pels smuk i lang tid og\/eller f\u00e5 din pels personlig med dit\/barnets f\u00f8dselsdetaljer. En smuk og unik gave, eksklusivt tilg\u00e6ngelig hos Woolskins. Standard &#039;gaveklar&#039; pakket med en personlig note.<\/p>\n<p><strong>Egenskaber Essential coat<\/strong><\/p>\n<p>Dette Baby-Care f\u00e5reskind kommer fra engelske f\u00e5r. Det er en meget bl\u00f8d og kompakt frakke og vores TIP! Som alle vores andre frakker \u00e5nder uldfibre. Dette hj\u00e6lper din baby med at holde en stabil temperatur og holder dit barn t\u00f8rt og godt tilpas. K\u00f8ligt om sommeren og varmt om vinteren.<\/p>\n<p><strong>Milj\u00f8venlig<\/strong><\/p>\n<p>Alle produkter, der anvendes til garvning og efterbehandling, overholder v\u00e6sentlige EU-direktiver vedr\u00f8rende bevarelse og beskyttelse af milj\u00f8et.<\/p>\n<p>Vores fleece er garvet i overensstemmelse med REACH-reglerne, som blev vedtaget for at forbedre beskyttelsen af menneskers sundhed og milj\u00f8et mod de risici, kemikalier kan udg\u00f8re, og samtidig \u00f8ge konkurrenceevnen for EU&#039;s kemiske industri. Der anvendes ingen AZO-farvestoffer i produktionen.<\/p>\n<p>\u00d8KOPRODUKTER \u2013 skind er milj\u00f8venlige skind, deres forarbejdning og behandling er sikker for voksne og b\u00f8rn. Huder er biologisk nedbrydelige, organiske.<\/p>\n<p>Woolskins s\u00e6lger ikke f\u00e5replader, som Mulesing er p\u00e5f\u00f8rt! Mulesing bruges ikke til europ\u00e6iske f\u00e5r, fordi parasitten, der f\u00e5r landm\u00e6ndene til at bruge Mulesing, ikke forekommer i Europa.<\/p>\n<p><strong>Mavesovere... bem\u00e6rk!<\/strong><\/p>\n<p>B\u00f8rn, der sover p\u00e5 maven de f\u00f8rste 12 m\u00e5neder, b\u00f8r af sikkerhedsm\u00e6ssige \u00e5rsager ikke sove p\u00e5 noget bl\u00f8dt, da det kan v\u00e6re farligt. Vi anbefaler derfor at bruge Woolskins frakken med omtanke! V\u00e6r altid opm\u00e6rksom, n\u00e5r dit barn ligger eller sover p\u00e5 maven og s\u00f8rg for, at dit barn altid er under opsyn.<\/p>","protected":false},"excerpt":{"rendered":"<p>Dit barn kan lege og hvile vidunderligt p\u00e5 denne behagelige bl\u00f8de kravleg\u00e5rdsm\u00e5tte. Takket v\u00e6re de naturlige &#039;Super Powers&#039; er den varm om vinteren og k\u00f8lig om sommeren. Det tager straks kropstemperaturen.<\/p>","protected":false},"featured_media":5629,"comment_status":"closed","ping_status":"closed","template":"","meta":{"_acf_changed":false},"product_brand":[],"product_cat":[216,527,354],"product_tag":[],"class_list":{"0":"post-6359","1":"product","2":"type-product","3":"status-publish","4":"has-post-thumbnail","6":"product_cat-schapenvacht-voor-baby","7":"product_cat-wollen-schapenvacht-boxkleed-speelkleed","8":"product_cat-woolskins","10":"first","11":"instock","12":"taxable","13":"shipping-taxable","14":"purchasable","15":"product-type-variable","16":"has-default-attributes"},"acf":[],"_links":{"self":[{"href":"https:\/\/woolskins.eu\/da\/wp-json\/wp\/v2\/product\/6359","targetHints":{"allow":["GET"]}}],"collection":[{"href":"https:\/\/woolskins.eu\/da\/wp-json\/wp\/v2\/product"}],"about":[{"href":"https:\/\/woolskins.eu\/da\/wp-json\/wp\/v2\/types\/product"}],"replies":[{"embeddable":true,"href":"https:\/\/woolskins.eu\/da\/wp-json\/wp\/v2\/comments?post=6359"}],"wp:featuredmedia":[{"embeddable":true,"href":"https:\/\/woolskins.eu\/da\/wp-json\/wp\/v2\/media\/5629"}],"wp:attachment":[{"href":"https:\/\/woolskins.eu\/da\/wp-json\/wp\/v2\/media?parent=6359"}],"wp:term":[{"taxonomy":"product_brand","embeddable":true,"href":"https:\/\/woolskins.eu\/da\/wp-json\/wp\/v2\/product_brand?post=6359"},{"taxonomy":"product_cat","embeddable":true,"href":"https:\/\/woolskins.eu\/da\/wp-json\/wp\/v2\/product_cat?post=6359"},{"taxonomy":"product_tag","embeddable":true,"href":"https:\/\/woolskins.eu\/da\/wp-json\/wp\/v2\/product_tag?post=6359"}],"curies":[{"name":"wp","href":"https:\/\/api.w.org\/{rel}","templated":true}]}}