{"id":6357,"date":"2021-09-01T12:50:56","date_gmt":"2021-09-01T12:50:56","guid":{"rendered":"https:\/\/woolskins.eu\/weer-windbalsem-lanoline-40ml-lanacare"},"modified":"2026-05-04T14:51:24","modified_gmt":"2026-05-04T14:51:24","slug":"weather-wind-balm-lanolin-40ml-lanacare","status":"publish","type":"product","link":"https:\/\/woolskins.eu\/da\/weer-windbalsem-lanoline-40ml-lanacare\/","title":{"rendered":"LANACare Lanolin Balm - Til baby, mor og f\u00f8lsom hud (40 ml)"},"content":{"rendered":"<p data-start=\"482\" data-end=\"790\">LANACare Lanolin Balm er en alsidig, naturlig plejecreme baseret p\u00e5 100% hypoallergenisk lanolin. Denne balsam er velegnet til b\u00e5de babyer og m\u00f8dre og giver effektiv beskyttelse og genopretning af f\u00f8lsom hud - fra sprukne kinder til \u00f8mme brystvorter under amning.<\/p>\n<p data-start=\"792\" data-end=\"1153\">Denne fyldige balsam danner et tyndt, naturligt antibakterielt lag, der beskytter huden uden at lukke den inde. Ideel i koldt og d\u00e5rligt vejr samt til bleudsl\u00e6t, t\u00f8rre pletter eller revnet hud. Lanolinen hj\u00e6lper den naturlige s\u00e5rhelingsproces og underst\u00f8tter en sund hudbarriere hos b\u00e5de babyer og voksne.<\/p>\n<p data-start=\"1155\" data-end=\"1418\">Til ammende m\u00f8dre lindrer og heler balsamen t\u00f8rre, \u00f8mme eller revnede brystvorter. Takket v\u00e6re ingrediensernes sikkerhed er det ikke n\u00f8dvendigt at fjerne balsamen f\u00f8r amning - helt sikkert for b\u00e5de mor og barn.<\/p>\n<p data-start=\"1420\" data-end=\"1744\">LANACare-balsam indeholder kun \u00f8kologiske, hudvenlige ingredienser: ren lanolin og triglycerid af f\u00f8devarekvalitet. Uden parfume, farvestoffer eller konserveringsmidler. Den bl\u00f8de konsistens g\u00f8r balsamen let at p\u00e5f\u00f8re og absorberes godt uden at efterlade en fedtet fornemmelse.<\/p>\n<p data-start=\"1746\" data-end=\"2031\"><strong>Velegnet til:<\/strong><br data-start=\"1762\" data-end=\"1765\" \/>- Beskyttelse af barnets hud (f.eks. i tilf\u00e6lde af kulde eller vind)<br data-start=\"1818\" data-end=\"1821\" \/>- Lindring af sprukne, t\u00f8rre eller f\u00f8lsomme omr\u00e5der<br data-start=\"1874\" data-end=\"1877\" \/>- Behandling af bleudsl\u00e6t<br data-start=\"1911\" data-end=\"1914\" \/>- Pleje af brystvorter under amning<br data-start=\"1962\" data-end=\"1965\" \/>- Anvendes af voksne med t\u00f8r eller problemf\u00f8lsom hud<\/p>\n<p data-start=\"2033\" data-end=\"2241\">Denne lanolincreme er A-m\u00e6rket af Forbrugerr\u00e5det, hvilket garanterer, at den ikke indeholder problematiske kemikalier. Et sikkert valg til daglig brug - fra f\u00f8rste dag.<\/p>\n<h5 class=\"font_2\">LANACares historie<\/h5>\n<p>LANACare blev grundlagt i 1990 af den danske sygeplejerske Jeannette Almstr\u00f8m i Danmark. Som mor til 3 b\u00f8rn har Jeannette Almstr\u00f8m udviklet en r\u00e6kke produkter til m\u00f8dre og babyer i \u00f8kologisk ren merinould. Hendes baggrund som sygeplejerske og erhvervsuddannelse i tekstil &amp; design viste sig at v\u00e6re en perfekt kombination af kompetencer. Hver genstand fra LANACare er designet til at fremme sundhed og velv\u00e6re for mor og baby, hvilket giver den beroligende komfort og \u00e5ndbare varme, som kun ren uld kan give.<\/p>\n<p><span class=\"wixGuard\">,<\/span>I dag ledes alle LANACare-aktiviteter af Jeannette Almtr\u00f8m selv, som br\u00e6nder for at finde nye og b\u00e6redygtige materialer til brug i nye produkter, der fremmer ikke kun et individs, men ogs\u00e5 vores Moder Jords sundhed.<\/p>\n<p><span class=\"wixGuard\">,<\/span>Gennem \u00e5rene har LANACares produktions- og distributionsm\u00e6ngder udviklet sig enormt. Produkterne s\u00e6lges nu i 28 lande rundt om i verden.<\/p>\n<p>&nbsp;<\/p>","protected":false},"excerpt":{"rendered":"<h3 data-start=\"171\" data-end=\"244\"><strong data-start=\"175\" data-end=\"242\">LANACare Lanolin Balm - 100% Naturlig og alsidig (40 ml)<\/strong><\/h3>\n<p data-start=\"245\" data-end=\"751\">En rig, allergivenlig balsam baseret p\u00e5 ren lanolin, velegnet til b\u00e5de babyer og m\u00f8dre.<br data-start=\"337\" data-end=\"340\" \/>Beskytter f\u00f8lsom hud i koldt vejr, lindrer bleudsl\u00e6t og hj\u00e6lper p\u00e5 t\u00f8rre eller sprukne omr\u00e5der.<br data-start=\"452\" data-end=\"455\" \/>Ogs\u00e5 ideel til m\u00f8dre med \u00f8mme brystvorter under amning - sikker, antibakteriel og beh\u00f8ver ikke at blive fjernet f\u00f8r amning.<br data-start=\"601\" data-end=\"604\" \/>Uden parfume eller konserveringsmidler.<\/p>\n<p data-start=\"245\" data-end=\"751\">\u2714 Til baby, mor og f\u00f8lsom hud<br data-start=\"712\" data-end=\"715\" \/>\u2714 A-m\u00e6rket fra Forbrugerr\u00e5det T\u00e6nk<\/p>\n<p data-start=\"245\" data-end=\"751\"><strong>M\u00e6rke: Lanacare<\/strong><br \/>\n<strong>Produktion: Litauen<\/strong><\/p>","protected":false},"featured_media":5624,"comment_status":"closed","ping_status":"closed","template":"","meta":{"_acf_changed":false},"product_brand":[],"product_cat":[349,360,362,353,225],"product_tag":[],"class_list":{"0":"post-6357","1":"product","2":"type-product","3":"status-publish","4":"has-post-thumbnail","6":"product_cat-borstvoedingenvoedingskussens","7":"product_cat-cadeautips","8":"product_cat-cadeaus-tot-e-25","9":"product_cat-lanacare","10":"product_cat-tepelzalf-zoogcompressen","12":"first","13":"instock","14":"taxable","15":"shipping-taxable","16":"purchasable","17":"product-type-simple"},"acf":[],"_links":{"self":[{"href":"https:\/\/woolskins.eu\/da\/wp-json\/wp\/v2\/product\/6357","targetHints":{"allow":["GET"]}}],"collection":[{"href":"https:\/\/woolskins.eu\/da\/wp-json\/wp\/v2\/product"}],"about":[{"href":"https:\/\/woolskins.eu\/da\/wp-json\/wp\/v2\/types\/product"}],"replies":[{"embeddable":true,"href":"https:\/\/woolskins.eu\/da\/wp-json\/wp\/v2\/comments?post=6357"}],"wp:featuredmedia":[{"embeddable":true,"href":"https:\/\/woolskins.eu\/da\/wp-json\/wp\/v2\/media\/5624"}],"wp:attachment":[{"href":"https:\/\/woolskins.eu\/da\/wp-json\/wp\/v2\/media?parent=6357"}],"wp:term":[{"taxonomy":"product_brand","embeddable":true,"href":"https:\/\/woolskins.eu\/da\/wp-json\/wp\/v2\/product_brand?post=6357"},{"taxonomy":"product_cat","embeddable":true,"href":"https:\/\/woolskins.eu\/da\/wp-json\/wp\/v2\/product_cat?post=6357"},{"taxonomy":"product_tag","embeddable":true,"href":"https:\/\/woolskins.eu\/da\/wp-json\/wp\/v2\/product_tag?post=6357"}],"curies":[{"name":"wp","href":"https:\/\/api.w.org\/{rel}","templated":true}]}}