{"id":6353,"date":"2021-09-01T12:50:56","date_gmt":"2021-09-01T12:50:56","guid":{"rendered":"https:\/\/woolskins.eu\/alwero-wikkeldeken-wingy-ecru-ecru"},"modified":"2026-04-14T14:00:57","modified_gmt":"2026-04-14T14:00:57","slug":"alwero-wrap-taeppe-wingy-ecru-ecru","status":"publish","type":"product","link":"https:\/\/woolskins.eu\/da\/alwero-wikkeldeken-wingy-ecru-ecru\/","title":{"rendered":"Uld wrap t\u00e6ppe til baby | Wingy Thumbled ecru"},"content":{"rendered":"<p>Fordi standardst\u00f8rrelsen er lidt st\u00f8rre og mindre velegnet til Maxi-Cosi og autostol, fik vi lavet en mindre version, der omslutter de mindste lidt bedre og passer bedre i Maxi-Cosi og autostol. Mini\u2019en passer selvf\u00f8lgelig ogs\u00e5 godt i klapvognen ligesom den originale st\u00f8rrelse.<\/p>\n<p>Uld \u00e5nder og tager straks dit barns temperatur. Varmt om vinteren og k\u00f8ligt om sommeren. Praktisk til hjemmet og til brug i Maxi-Cosi eller barnevognen.<\/p>\n<p>\u2013 100% jomfruuld med Woolmark kvalitetsm\u00e6rke.<br \/>\n\u2013 F\u00e5s eksklusivt hos Woolskins.<br \/>\n\u2013 Til hjemmet og p\u00e5 farten.<br \/>\n\u2013 \u00c5bninger til sikkerhedsstropperne (5-punkts).<br \/>\n\u2013 St\u00f8rrelse: l\u00e6ngde 80 cm x bredde 50 cm (alder op til +\/- 1 \u00e5r) \u2013 Mini: l\u00e6ngde 75 cm x 45 cm (alder op til +\/- 9 m\u00e5neder)<br \/>\n- Size mini har en anden kant, dette er vores nyeste model.<br \/>\n\u2013 kan vaskes ved 30\u00b0C uldvaskeprogram.<\/p>\n<p>Uldfibre \u00e5nder og har den egenskab, at de fungerer som en naturlig termostat, der regulerer kropstemperaturen? Dette hj\u00e6lper din baby med at holde en stabil temperatur og holder din baby t\u00f8r og komfortabel. Det g\u00f8r dette &quot;dynamisk&quot;, hvilket betyder, at det sker, n\u00e5r det er n\u00f8dvendigt, og ikke n\u00e5r det ikke er n\u00f8dvendigt. Varmt om vinteren og k\u00f8ligt om sommeren.<\/p>\n<p>Dette produkt har Safe for Children og Woolmark kvalitetsm\u00e6rket.<\/p>\n<h5>Etiket af uldskind<\/h5>\n<p>Efter mange \u00e5rs succesfuldt samarbejde med Alwero, kan vi stolt meddele, at vi nu f\u00f8rer vores produkter under vores eget Woolskins-m\u00e6rke.<\/p>\n<p>P\u00e5 denne m\u00e5de f\u00e5r du stadig den bedste kvalitet, men kombineret med de flotteste og unikke produkter og designs.<\/p>\n<p>Kvaliteten af stofferne og farverne forbliver, som de altid har v\u00e6ret, men der er nu et st\u00f8rre udvalg, som Woolskins mener kan udm\u00e6rke sig.<\/p>\n<p>Vores brede kollektion er sammensat p\u00e5 en s\u00e5dan m\u00e5de, at de er et godt supplement til ethvert babys\u00e6t, lavet af 100% europ\u00e6isk uld, der \u00e5nder og passer til enhver s\u00e6son.<\/p>\n<p>Vi g\u00e5r entusiastisk sammen om at skabe et b\u00e6redygtigt, naturligt og mest behageligt produkt til dit barn.<\/p>","protected":false},"excerpt":{"rendered":"<p>Din baby vil sove og dr\u00f8mme sig v\u00e6k i dette behagelige uldt\u00e6ppe Wingy fra vores \u2018Thumbled\u2019-kollektion. Dette viklet\u00e6ppe falder glat og er meget bl\u00f8dt. De har et smukt og luksuri\u00f8st udseende og er ekstremt behagelige. Viklet\u00e6ppet er lavet af 100%-uld og tager straks dit barns temperatur og kan bruges til alle \u00e5rstider. Takket v\u00e6re \u00e5bningerne til sikkerhedsstropperne (5-punkts) passer det godt i barnevognen og tager dit barn med udenfor varmt og behageligt. Specielt til de mindste har vi ogs\u00e5 en mindre version (mini), der passer godt og passer perfekt i maxi-cosien. (Billederne er af den store version)<\/p>\n<div class=\"woocommerce-product-details__short-description\">\n<p><strong>M\u00e6rke: Woolskins<\/strong><br \/>\n<strong>Produktion: Polen<\/strong><\/p>\n<\/div>","protected":false},"featured_media":17509,"comment_status":"closed","ping_status":"closed","template":"","meta":{"_acf_changed":false},"product_brand":[],"product_cat":[361,360,364,196,321,194],"product_tag":[],"class_list":{"0":"post-6353","1":"product","2":"type-product","3":"status-publish","4":"has-post-thumbnail","6":"product_cat-babyshower","7":"product_cat-cadeautips","8":"product_cat-cadeaus-vanaf-e50","9":"product_cat-slaapkleding-baby","10":"product_cat-wikkeldekens","11":"product_cat-wollen-babyproducten","12":"pa_maat-mini","13":"pa_maat-standaard-maat","15":"first","16":"instock","17":"taxable","18":"shipping-taxable","19":"purchasable","20":"product-type-variable"},"acf":[],"_links":{"self":[{"href":"https:\/\/woolskins.eu\/da\/wp-json\/wp\/v2\/product\/6353","targetHints":{"allow":["GET"]}}],"collection":[{"href":"https:\/\/woolskins.eu\/da\/wp-json\/wp\/v2\/product"}],"about":[{"href":"https:\/\/woolskins.eu\/da\/wp-json\/wp\/v2\/types\/product"}],"replies":[{"embeddable":true,"href":"https:\/\/woolskins.eu\/da\/wp-json\/wp\/v2\/comments?post=6353"}],"wp:featuredmedia":[{"embeddable":true,"href":"https:\/\/woolskins.eu\/da\/wp-json\/wp\/v2\/media\/17509"}],"wp:attachment":[{"href":"https:\/\/woolskins.eu\/da\/wp-json\/wp\/v2\/media?parent=6353"}],"wp:term":[{"taxonomy":"product_brand","embeddable":true,"href":"https:\/\/woolskins.eu\/da\/wp-json\/wp\/v2\/product_brand?post=6353"},{"taxonomy":"product_cat","embeddable":true,"href":"https:\/\/woolskins.eu\/da\/wp-json\/wp\/v2\/product_cat?post=6353"},{"taxonomy":"product_tag","embeddable":true,"href":"https:\/\/woolskins.eu\/da\/wp-json\/wp\/v2\/product_tag?post=6353"}],"curies":[{"name":"wp","href":"https:\/\/api.w.org\/{rel}","templated":true}]}}