{"id":6349,"date":"2021-09-01T12:50:56","date_gmt":"2021-09-01T12:50:56","guid":{"rendered":"https:\/\/woolskins.eu\/baby-care-comfort-pale-pink-2"},"modified":"2026-03-10T11:13:23","modified_gmt":"2026-03-10T11:13:23","slug":"baby-care-comfort-pale-pink-2","status":"publish","type":"product","link":"https:\/\/woolskins.eu\/da\/baby-care-comfort-pale-pink-2\/","title":{"rendered":"Schapenvacht voor Kinderwagen &#8211; Comfort Pale Pink"},"content":{"rendered":"<p>Dette Eco Baby-Care lammeskind er sk\u00e5ret specielt til til brug i buggyen, vuggen, autostolen eller Moses-kurven. Meget behagelig til p\u00e5 farten og derhjemme. Ideel til lange ferierejser til varme lande. Det er yderst behageligt, fordi det \u00e5nder og absorberer sved med det samme uden at f\u00f8les v\u00e5dt\/klamt for dit barn.<\/p>\n<p>\u2013 M\u00e5l 75 x 45 cm, pels 2 cm.<br \/>\n\u2013 Indhak til sikkerhedsstropper 3 &amp; 5 punkter.<br \/>\n\u2013 Bl\u00f8d og kompakt pels.<br \/>\n\u2013 <strong>IKKE<\/strong> Kan vaskes i h\u00e5nden og t\u00f8rres..<br \/>\n\u2013 Nem at vedligeholde.<\/p>\n<h5><b>Rejs komfortabelt<\/b><\/h5>\n<p>Uldfibre \u00e5nder og har den egenskab, at de fungerer som en naturlig termostat, der regulerer kropstemperaturen? Dette hj\u00e6lper din baby med at holde en stabil temperatur og holder din baby t\u00f8r og komfortabel. Det g\u00f8r dette &quot;dynamisk&quot;, hvilket betyder, at det sker, n\u00e5r det er n\u00f8dvendigt, og ikke n\u00e5r det ikke er n\u00f8dvendigt. Varmt om vinteren og k\u00f8ligt om sommeren.<\/p>\n<p>Woolskins Baby-Care frakker har en kortere pels, hvilket g\u00f8r dem babysikre. De er velegnede fra f\u00f8dslen, og fordi deres forarbejdning tager hensyn til milj\u00f8et, beskytter de b\u00e5de de sm\u00e5 og planeten. Derhjemme eller p\u00e5 farten skaber du et behageligt milj\u00f8, hvor dit barn f\u00f8ler sig glad og afslappet. Standard &#039;gaveklar&#039; pakket med en personlig note.<\/p>\n<h5><strong>Egenskaber Comfort f\u00e5reskind<\/strong><\/h5>\n<p>Dette Baby-Care f\u00e5reskind kommer fra engelske f\u00e5r. Det er en farvet meget bl\u00f8d og smuk kompakt pels. Denne Comfort frakke er &#039;det&#039; f\u00e5reskind vi kender fra tidligere, vi har kun f\u00e5et den klippet til en kort l\u00e6ngde. Meget sikker. Som alle vores andre frakker \u00e5nder uldfibre. Dette hj\u00e6lper din baby med at holde en stabil temperatur og holder dit barn t\u00f8rt og godt tilpas. K\u00f8ligt om sommeren og varmt om vinteren.<\/p>\n<h5><b>Milj\u00f8venlig<\/b><\/h5>\n<p>Alle produkter, der anvendes til garvning og efterbehandling, overholder v\u00e6sentlige EU-direktiver vedr\u00f8rende bevarelse og beskyttelse af milj\u00f8et.<\/p>\n<p>Vores fleece er garvet i overensstemmelse med REACH-reglerne, som blev vedtaget for at forbedre beskyttelsen af menneskers sundhed og milj\u00f8et mod de risici, kemikalier kan udg\u00f8re, og samtidig \u00f8ge konkurrenceevnen for EU&#039;s kemiske industri. Der anvendes ingen AZO-farvestoffer i produktionen.<\/p>\n<p>\u00d8KOPRODUKTER \u2013 skind er milj\u00f8venlige skind, deres forarbejdning og behandling er sikker for voksne og b\u00f8rn. Huder er biologisk nedbrydelige, organiske.<\/p>\n<p>Woolskins s\u00e6lger ikke f\u00e5replader, som Mulesing er p\u00e5f\u00f8rt! Mulesing bruges ikke til europ\u00e6iske f\u00e5r, fordi parasitten, der f\u00e5r landm\u00e6ndene til at bruge Mulesing, ikke forekommer i Europa.<\/p>\n<h5><b>Mavesovere... bem\u00e6rk!<\/b><\/h5>\n<p>B\u00f8rn, der sover p\u00e5 maven de f\u00f8rste 12 m\u00e5neder, b\u00f8r af sikkerhedsm\u00e6ssige \u00e5rsager ikke sove p\u00e5 noget bl\u00f8dt, da det kan v\u00e6re farligt. Vi anbefaler derfor at bruge Woolskins frakken med omtanke! V\u00e6r altid opm\u00e6rksom, n\u00e5r dit barn ligger eller sover p\u00e5 maven og s\u00f8rg for, at dit barn altid er under opsyn.<\/p>","protected":false},"excerpt":{"rendered":"<h6>Baby Care Stroller Comfort \u2013 Lyser\u00f8d<\/h6>\n<p>Denne bl\u00f8de pels passer i buggyen, vuggen, autostolen eller Moses-kurven. Den er babysikker p\u00e5 grund af den korte pels og er velegnet fra f\u00f8dslen.<\/p>","protected":false},"featured_media":5612,"comment_status":"closed","ping_status":"closed","template":"","meta":{"_acf_changed":false},"product_brand":[],"product_cat":[216,222,354],"product_tag":[],"class_list":{"0":"post-6349","1":"product","2":"type-product","3":"status-publish","4":"has-post-thumbnail","6":"product_cat-schapenvacht-voor-baby","7":"product_cat-buggy-schapenvachtjes","8":"product_cat-woolskins","10":"first","11":"instock","12":"sale","13":"taxable","14":"shipping-taxable","15":"purchasable","16":"product-type-variable","17":"has-default-attributes"},"acf":[],"_links":{"self":[{"href":"https:\/\/woolskins.eu\/da\/wp-json\/wp\/v2\/product\/6349","targetHints":{"allow":["GET"]}}],"collection":[{"href":"https:\/\/woolskins.eu\/da\/wp-json\/wp\/v2\/product"}],"about":[{"href":"https:\/\/woolskins.eu\/da\/wp-json\/wp\/v2\/types\/product"}],"replies":[{"embeddable":true,"href":"https:\/\/woolskins.eu\/da\/wp-json\/wp\/v2\/comments?post=6349"}],"wp:featuredmedia":[{"embeddable":true,"href":"https:\/\/woolskins.eu\/da\/wp-json\/wp\/v2\/media\/5612"}],"wp:attachment":[{"href":"https:\/\/woolskins.eu\/da\/wp-json\/wp\/v2\/media?parent=6349"}],"wp:term":[{"taxonomy":"product_brand","embeddable":true,"href":"https:\/\/woolskins.eu\/da\/wp-json\/wp\/v2\/product_brand?post=6349"},{"taxonomy":"product_cat","embeddable":true,"href":"https:\/\/woolskins.eu\/da\/wp-json\/wp\/v2\/product_cat?post=6349"},{"taxonomy":"product_tag","embeddable":true,"href":"https:\/\/woolskins.eu\/da\/wp-json\/wp\/v2\/product_tag?post=6349"}],"curies":[{"name":"wp","href":"https:\/\/api.w.org\/{rel}","templated":true}]}}