{"id":6333,"date":"2021-09-01T12:50:32","date_gmt":"2021-09-01T12:50:32","guid":{"rendered":"https:\/\/woolskins.eu\/baby-care-comfort-warm-grey"},"modified":"2026-02-06T10:23:29","modified_gmt":"2026-02-06T10:23:29","slug":"babypleje-komfort-varm-gra","status":"publish","type":"product","link":"https:\/\/woolskins.eu\/da\/baby-care-comfort-warm-grey\/","title":{"rendered":"F\u00e5reskind til baby - Comfort Warm Grey"},"content":{"rendered":"<p><strong>Beskrivelse<\/strong><\/p>\n<p>Woolskins Baby-Care frakker har en kortere pels, hvilket g\u00f8r dem babysikre. De er velegnede fra f\u00f8dslen, og fordi deres forarbejdning tager hensyn til milj\u00f8et, beskytter de b\u00e5de de sm\u00e5 og planeten. Derhjemme eller p\u00e5 farten skaber du et behageligt milj\u00f8, hvor dit barn f\u00f8ler sig glad og afslappet. Vidste du, at f\u00e5reskind ogs\u00e5 er sundt for dit barn?<\/p>\n<p>\u2013 L\u00e6ngde 90-100 cm \/ frakke 3 cm.<br \/>\n\u2013 Bl\u00f8d og kompakt pels.<br \/>\n&#8211; <span style=\"color: #000000;\"><strong>IKKE<\/strong> <\/span>kan maskinvaskes og t\u00f8rres.<br \/>\n\u2013 Nem at vedligeholde.<\/p>\n<p>Bestil en vedligeholdelsesb\u00f8rste for at holde din pels smuk i lang tid og\/eller f\u00e5 din pels personlig med dit\/barnets f\u00f8dselsdetaljer. En smuk og unik gave, eksklusivt tilg\u00e6ngelig hos Woolskins. Standard &#039;gaveklar&#039; pakket med en personlig note.<\/p>\n<p><strong>Egenskaber Komfortfrakke<\/strong><\/p>\n<p>Dette Baby-Care f\u00e5reskind kommer fra engelske f\u00e5r. Det er en farvet meget bl\u00f8d og smuk kompakt pels. Denne Comfort frakke er &#039;det&#039; f\u00e5reskind vi kender fra tidligere, vi har kun f\u00e5et den klippet til en kort l\u00e6ngde. Meget sikker. Som alle vores andre frakker \u00e5nder uldfibre. Dette hj\u00e6lper din baby med at holde en stabil temperatur og holder dit barn t\u00f8rt og godt tilpas. K\u00f8ligt om sommeren og varmt om vinteren.<\/p>\n<p><strong>Milj\u00f8venlig<\/strong><\/p>\n<p>Alle produkter, der anvendes til garvning og efterbehandling, overholder v\u00e6sentlige EU-direktiver vedr\u00f8rende bevarelse og beskyttelse af milj\u00f8et.<\/p>\n<p>Vores fleece er garvet i overensstemmelse med REACH-reglerne, som blev vedtaget for at forbedre beskyttelsen af menneskers sundhed og milj\u00f8et mod de risici, kemikalier kan udg\u00f8re, og samtidig \u00f8ge konkurrenceevnen for EU&#039;s kemiske industri. Der anvendes ingen AZO-farvestoffer i produktionen.<\/p>\n<p>\u00d8KOPRODUKTER \u2013 skind er milj\u00f8venlige skind, deres forarbejdning og behandling er sikker for voksne og b\u00f8rn. Huder er biologisk nedbrydelige, organiske.<\/p>\n<p>Woolskins s\u00e6lger ikke f\u00e5replader, som Mulesing er p\u00e5f\u00f8rt! Mulesing bruges ikke til europ\u00e6iske f\u00e5r, fordi parasitten, der f\u00e5r landm\u00e6ndene til at bruge Mulesing, ikke forekommer i Europa.<\/p>\n<p><strong>Mavesovere... bem\u00e6rk!<\/strong><\/p>\n<p>B\u00f8rn, der sover p\u00e5 maven de f\u00f8rste 12 m\u00e5neder, b\u00f8r af sikkerhedsm\u00e6ssige \u00e5rsager ikke sove p\u00e5 noget bl\u00f8dt, da det kan v\u00e6re farligt. Vi anbefaler derfor at bruge Woolskins frakken med omtanke! V\u00e6r altid opm\u00e6rksom, n\u00e5r dit barn ligger eller sover p\u00e5 maven og s\u00f8rg for, at dit barn altid er under opsyn.<\/p>","protected":false},"excerpt":{"rendered":"<p><strong>Bl\u00f8dt og naturligt f\u00e5reskind til babyer - Woolskins<br \/>\n<\/strong><br \/>\nGiv din baby det allerbedste med dette europ\u00e6iske f\u00e5reskindst\u00e6ppe af h\u00f8j kvalitet fra Woolskins. Perfekt som et bl\u00f8dt og behageligt underlag i tremmesengen, kravleg\u00e5rden eller p\u00e5 gulvet. Fleece er lavet af bl\u00f8d, naturlig uld, som regulerer temperaturen og beskytter din babys f\u00f8lsomme hud. Det har ogs\u00e5 en beroligende effekt, s\u00e5 din baby f\u00f8ler sig afslappet under leg eller i hvilestunder. Holdbar og nem at pleje, s\u00e5 du kan have gl\u00e6de af den i lang tid.<\/p>\n<p><strong>M\u00e6rke: Woolskins<\/strong><br \/>\n<strong>Land: Polen<\/strong><\/p>","protected":false},"featured_media":9644,"comment_status":"closed","ping_status":"closed","template":"","meta":{"_acf_changed":false},"product_brand":[],"product_cat":[361,360,364,216,354],"product_tag":[],"class_list":{"0":"post-6333","1":"product","2":"type-product","3":"status-publish","4":"has-post-thumbnail","6":"product_cat-babyshower","7":"product_cat-cadeautips","8":"product_cat-cadeaus-vanaf-e50","9":"product_cat-schapenvacht-voor-baby","10":"product_cat-woolskins","12":"first","13":"instock","14":"sale","15":"taxable","16":"shipping-taxable","17":"purchasable","18":"product-type-variable","19":"has-default-attributes"},"acf":[],"_links":{"self":[{"href":"https:\/\/woolskins.eu\/da\/wp-json\/wp\/v2\/product\/6333","targetHints":{"allow":["GET"]}}],"collection":[{"href":"https:\/\/woolskins.eu\/da\/wp-json\/wp\/v2\/product"}],"about":[{"href":"https:\/\/woolskins.eu\/da\/wp-json\/wp\/v2\/types\/product"}],"replies":[{"embeddable":true,"href":"https:\/\/woolskins.eu\/da\/wp-json\/wp\/v2\/comments?post=6333"}],"wp:featuredmedia":[{"embeddable":true,"href":"https:\/\/woolskins.eu\/da\/wp-json\/wp\/v2\/media\/9644"}],"wp:attachment":[{"href":"https:\/\/woolskins.eu\/da\/wp-json\/wp\/v2\/media?parent=6333"}],"wp:term":[{"taxonomy":"product_brand","embeddable":true,"href":"https:\/\/woolskins.eu\/da\/wp-json\/wp\/v2\/product_brand?post=6333"},{"taxonomy":"product_cat","embeddable":true,"href":"https:\/\/woolskins.eu\/da\/wp-json\/wp\/v2\/product_cat?post=6333"},{"taxonomy":"product_tag","embeddable":true,"href":"https:\/\/woolskins.eu\/da\/wp-json\/wp\/v2\/product_tag?post=6333"}],"curies":[{"name":"wp","href":"https:\/\/api.w.org\/{rel}","templated":true}]}}