{"id":30284,"date":"2026-04-17T14:35:15","date_gmt":"2026-04-17T14:35:15","guid":{"rendered":"https:\/\/woolskins.eu\/?post_type=product&#038;p=30284"},"modified":"2026-04-17T14:41:41","modified_gmt":"2026-04-17T14:41:41","slug":"wollen-wikkeldeken-capuchondeken-hazelnoot","status":"publish","type":"product","link":"https:\/\/woolskins.eu\/da\/wollen-wikkeldeken-capuchondeken-hazelnoot\/","title":{"rendered":"Wollen Wikkeldeken &#8211; Capuchondeken voor Baby | Felted Hazelnoot"},"content":{"rendered":"<p>Dit barn vil sove vidunderligt og dr\u00f8mme sig v\u00e6k i dette behagelige uldne viklet\u00e6ppe med h\u00e6tte fra vores &#039;Felted&#039; kollektion. Dette wrap\/h\u00e6ttet\u00e6ppe falder glat og er meget bl\u00f8dt. De har et smukt og luksuri\u00f8st udseende og er yderst behagelige. Wrap-t\u00e6ppet er lavet af 100% uld og tager straks dit barns temperatur. Du kan ogs\u00e5 sv\u00f8be dit barn med dette eller fodre det komfortabelt, eller du kan nemt tage det med dig p\u00e5 farten for at holde dit barn varmt.<\/p>\n<p>\u2013 100% jomfruuld Filtet med Woolmark kvalitetsm\u00e6rke.<br \/>\n\u2013 Glat, bl\u00f8d og kompakt struktur<br \/>\n\u2013 Gode termiske egenskaber<br \/>\n\u2013 Til hjemmet og p\u00e5 farten.<br \/>\n\u2013 M\u00e5l: 80 x 80 cm.<br \/>\n\u2013 europ\u00e6isk produktion.<br \/>\n\u2013 Kan vaskes ved 30\u00b0C uldvaskeprogram.<br \/>\n\u2013 F\u00e5s eksklusivt hos Woolskins<\/p>\n<p>Uldfibre \u00e5nder og har den egenskab, at de fungerer som en naturlig termostat, der regulerer kropstemperaturen? Dette hj\u00e6lper din baby med at holde en stabil temperatur og holder din baby t\u00f8r og komfortabel. Det g\u00f8r dette &quot;dynamisk&quot;, hvilket betyder, at det sker, n\u00e5r det er n\u00f8dvendigt, og ikke n\u00e5r det ikke er n\u00f8dvendigt. Varmt om vinteren og k\u00f8ligt om sommeren.<\/p>\n<p>Dette produkt har Safe for Children og Woolmark kvalitetsm\u00e6rket.<\/p>\n<div id=\"product-7026\" class=\"product type-product post-7026 status-publish first instock product_cat-babyshower product_cat-cadeaus-e25-e50 product_cat-cadeautips product_cat-alwero product_cat-slaapkleding-baby product_cat-babydeken product_cat-best-verkocht has-post-thumbnail taxable shipping-taxable purchasable product-type-variable ct-ajax-add-to-cart thumbs-bottom sticky-summary ct-default-gallery\">\n<div class=\"woocommerce-tabs wc-tabs-wrapper\" data-type=\"type-1:center\">\n<article>\n<div id=\"tab-description\" class=\"woocommerce-Tabs-panel woocommerce-Tabs-panel--description panel entry-content wc-tab\" role=\"tabpanel\" aria-labelledby=\"tab-title-description\">\n<h5>Etiket af uldskind<\/h5>\n<p>Efter mange \u00e5rs succesfuldt samarbejde med Alwero, kan vi stolt meddele, at vi nu f\u00f8rer vores produkter under vores eget Woolskins-m\u00e6rke.<\/p>\n<p>P\u00e5 denne m\u00e5de f\u00e5r du stadig den bedste kvalitet, men kombineret med de flotteste og unikke produkter og designs.<\/p>\n<p>Kvaliteten af stofferne og farverne forbliver, som de altid har v\u00e6ret, men der er nu et st\u00f8rre udvalg, som Woolskins mener kan udm\u00e6rke sig.<\/p>\n<p>Vores brede kollektion er sammensat p\u00e5 en s\u00e5dan m\u00e5de, at de er et godt supplement til ethvert babys\u00e6t, lavet af 100% europ\u00e6isk uld, der \u00e5nder og passer til enhver s\u00e6son.<\/p>\n<p>Vi g\u00e5r entusiastisk sammen om at skabe et b\u00e6redygtigt, naturligt og mest behageligt produkt til dit barn.<\/p>\n<\/div>\n<\/article>\n<\/div>\n<\/div>","protected":false},"excerpt":{"rendered":"<p>Dette uldne viklet\u00e6ppe lavet af &#039;filtet&#039; uld med h\u00e6tte er et varmt og behageligt produkt, der passer til alle \u00e5rstider. Den er lavet af bl\u00f8d og naturlig uld, som isolerer godt, \u00e5nder og falder glat. Wrap-t\u00e6ppet har en h\u00e6tte, der holder hovedet dejligt varmt. Det er et alsidigt og praktisk produkt, der er velegnet til b\u00e5de indend\u00f8rs og udend\u00f8rs. Et uldent viklet\u00e6ppe med h\u00e6tte er et rigtigt &#039;must have&#039; til ethvert babys\u00e6t, men er ogs\u00e5 en fin gave at give til nogen. Den f\u00e5s i forskellige uldstoffer og farver, s\u00e5 du altid kan finde et viklet\u00e6ppe, der passer til dig. Wrap-t\u00e6ppet er lavet af 100% uld og tager straks dit barns temperatur. Du kan ogs\u00e5 sv\u00f8be dit barn med dette eller fodre det komfortabelt, eller du kan nemt tage det med dig p\u00e5 farten for at holde dit barn varmt.<\/p>\n<p><strong>M\u00e6rke: Woolskins<\/strong><br \/>\n<strong>Produktion: Polen<\/strong><\/p>","protected":false},"featured_media":30287,"comment_status":"closed","ping_status":"closed","template":"","meta":{"_acf_changed":false},"product_brand":[],"product_cat":[361,360,364,499,196,321,194],"product_tag":[],"class_list":{"0":"post-30284","1":"product","2":"type-product","3":"status-publish","4":"has-post-thumbnail","6":"product_cat-babyshower","7":"product_cat-cadeautips","8":"product_cat-cadeaus-vanaf-e50","9":"product_cat-new-arrivals","10":"product_cat-slaapkleding-baby","11":"product_cat-wikkeldekens","12":"product_cat-wollen-babyproducten","14":"first","15":"instock","16":"taxable","17":"shipping-taxable","18":"purchasable","19":"product-type-simple"},"acf":[],"_links":{"self":[{"href":"https:\/\/woolskins.eu\/da\/wp-json\/wp\/v2\/product\/30284","targetHints":{"allow":["GET"]}}],"collection":[{"href":"https:\/\/woolskins.eu\/da\/wp-json\/wp\/v2\/product"}],"about":[{"href":"https:\/\/woolskins.eu\/da\/wp-json\/wp\/v2\/types\/product"}],"replies":[{"embeddable":true,"href":"https:\/\/woolskins.eu\/da\/wp-json\/wp\/v2\/comments?post=30284"}],"wp:featuredmedia":[{"embeddable":true,"href":"https:\/\/woolskins.eu\/da\/wp-json\/wp\/v2\/media\/30287"}],"wp:attachment":[{"href":"https:\/\/woolskins.eu\/da\/wp-json\/wp\/v2\/media?parent=30284"}],"wp:term":[{"taxonomy":"product_brand","embeddable":true,"href":"https:\/\/woolskins.eu\/da\/wp-json\/wp\/v2\/product_brand?post=30284"},{"taxonomy":"product_cat","embeddable":true,"href":"https:\/\/woolskins.eu\/da\/wp-json\/wp\/v2\/product_cat?post=30284"},{"taxonomy":"product_tag","embeddable":true,"href":"https:\/\/woolskins.eu\/da\/wp-json\/wp\/v2\/product_tag?post=30284"}],"curies":[{"name":"wp","href":"https:\/\/api.w.org\/{rel}","templated":true}]}}