{"id":30151,"date":"2026-04-04T09:18:15","date_gmt":"2026-04-04T09:18:15","guid":{"rendered":"https:\/\/woolskins.eu\/?post_type=product&#038;p=30151"},"modified":"2026-04-04T10:09:24","modified_gmt":"2026-04-04T10:09:24","slug":"a-basic-brand-babymuts-rib-beanie-brown","status":"publish","type":"product","link":"https:\/\/woolskins.eu\/da\/a-basic-brand-babymuts-rib-beanie-brown\/","title":{"rendered":"A Basic Brand &#8211; Babymuts Rib Beanie | Brown"},"content":{"rendered":"<p>Ribbet hue i bomuld. En afslappet hat og en perfekt tilf\u00f8jelse til din lilles garderobe. F\u00e5s i tre st\u00f8rrelser - fra nyf\u00f8dt til voksen. Dette brede st\u00f8rrelsesomr\u00e5de g\u00f8r et perfekt A BABY-M\u00c6RKE-produkt til match mellem b\u00f8rn og for\u00e6ldre.<\/p>\n<p>STANDARD 100 fra OEKO-TEX\u00ae<\/p>\n<p>St\u00f8rrelser<\/p>\n<p>S \u2013 0\/6m<br \/>\nM \u2013 6m\/2\u00e5r<br \/>\nL \u2013 2 \u00e5r +<\/p>\n<h5>Et babym\u00e6rke<\/h5>\n<p>Oplev en virkelig minimalistisk garderobe fuld af praktiske ting. Mix og match vores unisex modeller og farver. Intet logo, intet tryk, ingen ballade.<\/p>\n<p>Vores mission er at g\u00f8re dit liv lettere, s\u00e5 en af hovedideerne bag vores filosofi er PRAKSIS. Vi bekymrer os ogs\u00e5 dybt om vores planet og \u00f8nsker, at alle ville leve et mere minimalistisk liv og derfor bruge mindre t\u00f8j (# FORBRUGT).<\/p>\n<p>Derfor er kvaliteten af vores produkter den h\u00f8jest mulige. Du kan bruge dem i \u00e5revis og give dem videre, n\u00e5r du er f\u00e6rdig. Vi bruger topstoffer med b\u00e5de GOTS Organic Cotton Certificate &amp; STANDARD 100 by OEKO-TEX\u00ae. Alle vores produkter kan maskinvaskes og t\u00f8rretumbles s\u00e5 ofte du har lyst. Du vil opdage, at vores bomuldsfleece ikke engang skal stryges for at se godt ud.<\/p>","protected":false},"excerpt":{"rendered":"<p>Minimalistische katoenen ribbeanie voor baby\u2019s en kinderen, gemaakt van zacht en ademend katoen met stretch voor een perfecte pasvorm. Deze duurzame baby muts is comfortabel, tijdloos en ideaal voor dagelijks gebruik. Dankzij het unisex design en brede maatbereik is hij perfect om te matchen met ouders en kinderen.<\/p>\n<p>Gemaakt van 97% katoen en 3% elastaan, gecertificeerd met OEKO-TEX\u00ae STANDARD 100,\u00a0veilig voor de gevoelige babyhuid. Een praktische en stijlvolle essential binnen een minimalistische baby garderobe.<\/p>","protected":false},"featured_media":30155,"comment_status":"closed","ping_status":"closed","template":"","meta":{"_acf_changed":false},"product_brand":[],"product_cat":[335,361,360,362,529,535,499],"product_tag":[],"class_list":{"0":"post-30151","1":"product","2":"type-product","3":"status-publish","4":"has-post-thumbnail","6":"product_cat-a_baby_brand","7":"product_cat-babyshower","8":"product_cat-cadeautips","9":"product_cat-cadeaus-tot-e-25","10":"product_cat-katoenen-babykleertjes","11":"product_cat-katoenen-babymuts-babysjaaltjes","12":"product_cat-new-arrivals","13":"pa_maat-l","14":"pa_maat-m","15":"pa_maat-s","17":"first","18":"instock","19":"taxable","20":"shipping-taxable","21":"purchasable","22":"product-type-variable"},"acf":[],"_links":{"self":[{"href":"https:\/\/woolskins.eu\/da\/wp-json\/wp\/v2\/product\/30151","targetHints":{"allow":["GET"]}}],"collection":[{"href":"https:\/\/woolskins.eu\/da\/wp-json\/wp\/v2\/product"}],"about":[{"href":"https:\/\/woolskins.eu\/da\/wp-json\/wp\/v2\/types\/product"}],"replies":[{"embeddable":true,"href":"https:\/\/woolskins.eu\/da\/wp-json\/wp\/v2\/comments?post=30151"}],"wp:featuredmedia":[{"embeddable":true,"href":"https:\/\/woolskins.eu\/da\/wp-json\/wp\/v2\/media\/30155"}],"wp:attachment":[{"href":"https:\/\/woolskins.eu\/da\/wp-json\/wp\/v2\/media?parent=30151"}],"wp:term":[{"taxonomy":"product_brand","embeddable":true,"href":"https:\/\/woolskins.eu\/da\/wp-json\/wp\/v2\/product_brand?post=30151"},{"taxonomy":"product_cat","embeddable":true,"href":"https:\/\/woolskins.eu\/da\/wp-json\/wp\/v2\/product_cat?post=30151"},{"taxonomy":"product_tag","embeddable":true,"href":"https:\/\/woolskins.eu\/da\/wp-json\/wp\/v2\/product_tag?post=30151"}],"curies":[{"name":"wp","href":"https:\/\/api.w.org\/{rel}","templated":true}]}}