{"id":30007,"date":"2026-03-19T13:38:14","date_gmt":"2026-03-19T13:38:14","guid":{"rendered":"https:\/\/woolskins.eu\/?post_type=product&#038;p=30007"},"modified":"2026-05-03T18:00:12","modified_gmt":"2026-05-03T18:00:12","slug":"wollen-slaapzak-baby-peuter-teddy-hazelnoot","status":"publish","type":"product","link":"https:\/\/woolskins.eu\/da\/wollen-slaapzak-baby-peuter-teddy-hazelnoot\/","title":{"rendered":"Wollen Slaapzak Baby &#038; Peuter | Teddy Hazelnoot"},"content":{"rendered":"<p data-start=\"126\" data-end=\"937\">Denne uldsovepose med ben er designet til at vokse med dit barns daglige rytme. Hvor traditionelle soveposer prim\u00e6rt er egnet til brug i sengen, giver denne model meget mere frihed. De l\u00f8se ben giver dit barn mulighed for at bev\u00e6ge sig frit, s\u00e5 snart det v\u00e5gner: Det er nemt at sidde, kravle, g\u00e5 og lege uden at miste varmen. Det g\u00f8r soveposen ideel til lange, stille morgener i weekenden, til sm\u00e5b\u00f8rn, der gerne vil putte og lege om morgenen, til b\u00f8rn, der hurtigt bliver kolde, s\u00e5 snart de st\u00e5r ud af sengen, til hyggelige stunder p\u00e5 sofaen eller i stuen og til b\u00f8rn, der har sv\u00e6rt ved at ligge stille, n\u00e5r de skal skiftes. Dit barn vil holde sig varm og komfortabel, men uden de begr\u00e6nsninger, som en traditionel sovepose har.<\/p>\n<p data-start=\"126\" data-end=\"937\"><strong>100% Jomfru uldbunke<\/strong><\/p>\n<p data-start=\"670\" data-end=\"706\"><strong>Det g\u00f8r soveposen ideel til:<\/strong><\/p>\n<ul data-start=\"707\" data-end=\"982\">\n<li data-start=\"707\" data-end=\"750\">\n<p data-start=\"709\" data-end=\"750\">lange, stille morgener i weekenden<\/p>\n<\/li>\n<li data-start=\"751\" data-end=\"813\">\n<p data-start=\"753\" data-end=\"813\">sm\u00e5b\u00f8rn, der kan lide at putte og lege om morgenen<\/p>\n<\/li>\n<li data-start=\"814\" data-end=\"867\">\n<p data-start=\"816\" data-end=\"867\">b\u00f8rn, der k\u00f8ler hurtigt ned, s\u00e5 snart de st\u00e5r ud af sengen<\/p>\n<\/li>\n<li data-start=\"868\" data-end=\"910\">\n<p data-start=\"870\" data-end=\"910\">\u00f8jeblikke p\u00e5 sofaen eller i stuen<\/p>\n<\/li>\n<li data-start=\"911\" data-end=\"982\">\n<p data-start=\"913\" data-end=\"982\">b\u00f8rn, der ikke sidder stille, n\u00e5r de skifter t\u00f8j<\/p>\n<\/li>\n<\/ul>\n<p data-start=\"984\" data-end=\"1083\"><strong>Din baby vil holde sig varm og komfortabel, men uden de begr\u00e6nsninger, som en traditionel sovepose har.<\/strong><\/p>\n<p data-start=\"1085\" data-end=\"1347\"><strong>Overtr\u00e6ksmanchetter til varme f\u00f8dder eller frie t\u00e6er.<\/strong><\/p>\n<p data-start=\"1085\" data-end=\"1347\">En ekstra fordel ved denne model er de smarte wrap-around manchetter p\u00e5 benene. De giver dig mulighed for at holde f\u00f8dderne helt varme og gemt v\u00e6k eller lade dem v\u00e6re \u00e5bne, n\u00e5r dit barn vil g\u00e5, udforske eller lege.<\/p>\n<ul data-start=\"1348\" data-end=\"1494\">\n<li data-start=\"1348\" data-end=\"1416\">\n<p data-start=\"1350\" data-end=\"1416\">Stramme f\u00f8dder holder p\u00e5 varmen, mens du sover eller slapper af.<\/p>\n<\/li>\n<li data-start=\"1417\" data-end=\"1494\">\n<p data-start=\"1419\" data-end=\"1494\">\u00c5bne f\u00f8dder giver dit barn frihed til at g\u00e5 og lege sikkert.<\/p>\n<\/li>\n<\/ul>\n<p data-start=\"1496\" data-end=\"1639\">For mange m\u00f8dre er dette l\u00f8sningen p\u00e5 morgener, hvor deres baby ikke beh\u00f8ver at blive kl\u00e6dt p\u00e5 endnu, men gerne vil l\u00f8be rundt og v\u00e6re aktiv.<\/p>\n<p data-start=\"1641\" data-end=\"1851\"><strong>Hvorfor uld er s\u00e5 godt til babyer og b\u00f8rn<\/strong><\/p>\n<p data-start=\"1641\" data-end=\"1851\">Uld er fra naturens side et enest\u00e5ende materiale, b\u00e5de n\u00e5r dit barn sover, og n\u00e5r det er aktivt. Det regulerer temperaturen naturligt.<\/p>\n<ul data-start=\"1852\" data-end=\"1967\">\n<li data-start=\"1852\" data-end=\"1898\">\n<p data-start=\"1854\" data-end=\"1898\">Uld holder p\u00e5 varmen, n\u00e5r det er koldt.<\/p>\n<\/li>\n<li data-start=\"1899\" data-end=\"1967\">\n<p data-start=\"1901\" data-end=\"1967\">Uld transporterer overskydende varme og fugt v\u00e6k, n\u00e5r det bliver varmt.<\/p>\n<\/li>\n<\/ul>\n<p data-start=\"1969\" data-end=\"2212\">Det hj\u00e6lper med at forhindre, at dit barn overopheder, sikrer et mere afslappende s\u00f8vnm\u00f8nster og holder kropstemperaturen bedre afbalanceret. Det er is\u00e6r vigtigt for babyer og sm\u00e5b\u00f8rn, som knap nok selv kan regulere deres temperatur endnu.<\/p>\n<p data-start=\"2214\" data-end=\"2368\">Desuden er den anvendte uld medicinsk garvet, allergivenlig og fri for skadelige stoffer. Det g\u00f8r soveposen s\u00e6rligt velegnet til sm\u00e5 b\u00f8rn med:<\/p>\n<ul data-start=\"2369\" data-end=\"2438\">\n<li data-start=\"2369\" data-end=\"2379\">\n<p data-start=\"2371\" data-end=\"2379\">eksem<\/p>\n<\/li>\n<li data-start=\"2380\" data-end=\"2423\">\n<p data-start=\"2382\" data-end=\"2423\">f\u00f8lsom eller let irriteret hud<\/p>\n<\/li>\n<li data-start=\"2424\" data-end=\"2438\">\n<p data-start=\"2426\" data-end=\"2438\">Allergier<\/p>\n<\/li>\n<\/ul>\n<p data-start=\"2440\" data-end=\"2554\">Uld er ogs\u00e5 bakterieafvisende og uinteressant for st\u00f8vmider, hvilket bidrager til et sundt sovemilj\u00f8.<\/p>\n<p data-start=\"2556\" data-end=\"2886\">Uld er ogs\u00e5 \u00e5ndbart, lugtbestandigt og selvrensende. Det neutraliserer lugte, \u00e5nder us\u00e6dvanligt godt og skal sj\u00e6ldent vaskes; en hurtig udluftning er ofte nok. Uldens bl\u00f8de, omsluttende struktur f\u00e5r ogs\u00e5 b\u00f8rn til at f\u00f8le sig trygge og sikre, hvilket ofte f\u00e5r dem til at sove mere fredeligt, mindre uroligt og dybere.<\/p>\n<p data-start=\"2888\" data-end=\"2982\"><strong>Ideel til b\u00f8rn, der allerede er begyndt at g\u00e5<\/strong><\/p>\n<p data-start=\"2888\" data-end=\"2982\">Benene og den fleksible pasform giver dit barn mulighed for at:<\/p>\n<ul data-start=\"2983\" data-end=\"3125\">\n<li data-start=\"2983\" data-end=\"3022\">\n<p data-start=\"2985\" data-end=\"3022\">at st\u00e5 ud af sengen uden at k\u00f8le af<\/p>\n<\/li>\n<li data-start=\"3023\" data-end=\"3043\">\n<p data-start=\"3025\" data-end=\"3043\">g\u00e5 sikkert rundt<\/p>\n<\/li>\n<li data-start=\"3044\" data-end=\"3066\">\n<p data-start=\"3046\" data-end=\"3066\">selvst\u00e6ndig leg<\/p>\n<\/li>\n<li data-start=\"3067\" data-end=\"3125\">\n<p data-start=\"3069\" data-end=\"3125\">at spise en behagelig morgenmad eller deltage i morgenritualet<\/p>\n<\/li>\n<\/ul>\n<p data-start=\"3127\" data-end=\"3260\">Det er slut med at skynde sig at skifte med det samme eller bekymre sig om kolde f\u00f8dder: soveposen bliver bare p\u00e5 og underst\u00f8tter alle morgenritualer.<\/p>\n<p data-start=\"3262\" data-end=\"3539\"><strong>Perfekt til morgener og aftener derhjemme<\/strong><\/p>\n<p data-start=\"3262\" data-end=\"3539\">Mange m\u00f8dre kalder denne uldsovepose for en rigtig morgenhelt. Den er ideel til hyggelige weekendmorgener, hvor din baby stadig g\u00e5r rundt i rummet i en sovepose, kravler op p\u00e5 sofaen med dig eller leger stille og roligt, mens du starter din dag.<\/p>","protected":false},"excerpt":{"rendered":"<p>Hvor traditionelle soveposer prim\u00e6rt er beregnet til brug i sengen, giver denne uldsovepose med r\u00f8r mange flere muligheder. Takket v\u00e6re <strong data-start=\"1093\" data-end=\"1110\">l\u00f8se r\u00f8r<\/strong> Med en omsluttende krave kan dit barn bev\u00e6ge sig frit, s\u00e5 snart det v\u00e5gner: sidde, kravle, g\u00e5 eller lege lykkeligt uden at miste varmen. Denne unikke sovepose er lavet af <strong data-start=\"731\" data-end=\"765\">zuiver scheerwol met OekoTex keur<\/strong>, Det er et bl\u00f8dt og allergivenligt materiale, som holder din baby varm og hj\u00e6lper den med at sove bedre. Mange m\u00f8dre kalder denne uldsovepose for en rigtig morgenhelt. Den er ideel til hyggelige weekendmorgener, hvor dit barn stadig ligger i soveposen og g\u00e5r rundt i rummet, kravler op p\u00e5 sofaen med dig eller leger stille, mens du starter dagen.<\/p>\n<p><strong>M\u00e6rke: Woolskins<\/strong><br \/>\n<strong>Produktion: Polen<br \/>\nKeur: Oeko-Tex Standard<\/strong><\/p>\n<p><img loading=\"lazy\" decoding=\"async\" class=\"alignnone wp-image-28173 entered lazyloaded\" src=\"https:\/\/woolskins.eu\/wp-content\/uploads\/2024\/05\/csm_OEKO-TEX_Logo_2022_rgb_c1aaeb5ceb-300x300.jpg\" alt=\"\" width=\"89\" height=\"89\" data-lazy-src=\"https:\/\/woolskins.eu\/wp-content\/uploads\/2024\/05\/csm_OEKO-TEX_Logo_2022_rgb_c1aaeb5ceb-300x300.jpg\" data-ll-status=\"loaded\" srcset=\"https:\/\/woolskins.eu\/wp-content\/uploads\/2024\/05\/csm_OEKO-TEX_Logo_2022_rgb_c1aaeb5ceb-300x300.jpg 300w, https:\/\/woolskins.eu\/wp-content\/uploads\/2024\/05\/csm_OEKO-TEX_Logo_2022_rgb_c1aaeb5ceb-150x150.jpg 150w, https:\/\/woolskins.eu\/wp-content\/uploads\/2024\/05\/csm_OEKO-TEX_Logo_2022_rgb_c1aaeb5ceb-768x769.jpg 768w, https:\/\/woolskins.eu\/wp-content\/uploads\/2024\/05\/csm_OEKO-TEX_Logo_2022_rgb_c1aaeb5ceb-12x12.jpg 12w, https:\/\/woolskins.eu\/wp-content\/uploads\/2024\/05\/csm_OEKO-TEX_Logo_2022_rgb_c1aaeb5ceb-600x601.jpg 600w, https:\/\/woolskins.eu\/wp-content\/uploads\/2024\/05\/csm_OEKO-TEX_Logo_2022_rgb_c1aaeb5ceb-100x100.jpg 100w, https:\/\/woolskins.eu\/wp-content\/uploads\/2024\/05\/csm_OEKO-TEX_Logo_2022_rgb_c1aaeb5ceb-64x64.jpg 64w, https:\/\/woolskins.eu\/wp-content\/uploads\/2024\/05\/csm_OEKO-TEX_Logo_2022_rgb_c1aaeb5ceb.jpg 885w\" sizes=\"auto, (max-width: 89px) 100vw, 89px\" \/><\/p>","protected":false},"featured_media":30010,"comment_status":"open","ping_status":"closed","template":"","meta":{"_acf_changed":false},"product_brand":[],"product_cat":[360,361,364,499,196,370,194],"product_tag":[],"class_list":{"0":"post-30007","1":"product","2":"type-product","3":"status-publish","4":"has-post-thumbnail","6":"product_cat-cadeautips","7":"product_cat-babyshower","8":"product_cat-cadeaus-vanaf-e50","9":"product_cat-new-arrivals","10":"product_cat-slaapkleding-baby","11":"product_cat-slaapzakken","12":"product_cat-wollen-babyproducten","14":"first","15":"instock","16":"taxable","17":"shipping-taxable","18":"purchasable","19":"product-type-variable"},"acf":[],"_links":{"self":[{"href":"https:\/\/woolskins.eu\/da\/wp-json\/wp\/v2\/product\/30007","targetHints":{"allow":["GET"]}}],"collection":[{"href":"https:\/\/woolskins.eu\/da\/wp-json\/wp\/v2\/product"}],"about":[{"href":"https:\/\/woolskins.eu\/da\/wp-json\/wp\/v2\/types\/product"}],"replies":[{"embeddable":true,"href":"https:\/\/woolskins.eu\/da\/wp-json\/wp\/v2\/comments?post=30007"}],"wp:featuredmedia":[{"embeddable":true,"href":"https:\/\/woolskins.eu\/da\/wp-json\/wp\/v2\/media\/30010"}],"wp:attachment":[{"href":"https:\/\/woolskins.eu\/da\/wp-json\/wp\/v2\/media?parent=30007"}],"wp:term":[{"taxonomy":"product_brand","embeddable":true,"href":"https:\/\/woolskins.eu\/da\/wp-json\/wp\/v2\/product_brand?post=30007"},{"taxonomy":"product_cat","embeddable":true,"href":"https:\/\/woolskins.eu\/da\/wp-json\/wp\/v2\/product_cat?post=30007"},{"taxonomy":"product_tag","embeddable":true,"href":"https:\/\/woolskins.eu\/da\/wp-json\/wp\/v2\/product_tag?post=30007"}],"curies":[{"name":"wp","href":"https:\/\/api.w.org\/{rel}","templated":true}]}}