{"id":28105,"date":"2025-12-16T11:24:02","date_gmt":"2025-12-16T11:24:02","guid":{"rendered":"https:\/\/woolskins.eu\/?post_type=product&#038;p=28105"},"modified":"2026-02-17T18:21:49","modified_gmt":"2026-02-17T18:21:49","slug":"lucky-heart-spot-on","status":"publish","type":"product","link":"https:\/\/woolskins.eu\/da\/lucky-heart-spot-on\/","title":{"rendered":"Lucky Heart | Memory"},"content":{"rendered":"<p><strong>Om Mischa Hendriksen<\/strong><\/p>\n<p>Mischa blev f\u00f8dt ind i en kunstnerisk familie. Han var omgivet af kunst fra en tidlig alder. Hans far malede, hans mor var billedhugger og hans s\u00f8ster arbejdede i den grafiske industri. Det var derfor ingen overraskelse, at Mischa ogs\u00e5 selv ville str\u00e6be efter en kreativ karriere.<\/p>\n<p class=\"font_8\"><span class=\"wixGuard\">,<\/span>Han startede sin karriere som professionel danser. Han rejste over hele verden med forskellige dansekompagnier og n\u00f8d dansens adrenalin og udtryk. Men efter 14 \u00e5r besluttede han, at det var tid til en ny udfordring.<\/p>\n<p class=\"font_8\"><span class=\"wixGuard\">,<\/span>Mischa endte i den internationale kunsthandel. Han arbejdede fra Amsterdam med gallerier og samlere over hele verden og l\u00e6rte alt om kunstmarkedet og selve kunsten. Han blev fascineret af kunstens kraft til at r\u00f8re og inspirere mennesker.<\/p>\n<p class=\"font_8\"><span class=\"wixGuard\">,<\/span>Efter at have v\u00e6ret aktiv i kunsthandlen i 20 \u00e5r begyndte han at male. Han havde altid haft en passion for at male, men aldrig haft tid til det. Nu hvor han havde mere tid, kunne han endelig hellige sig sin kunst fuldt ud.<\/p>\n<p class=\"font_8\">Hans malerier er abstrakte og farverige. De udstr\u00e5ler en f\u00f8lelse af fred og ro. Han bruger sin kunst til at hj\u00e6lpe folk med at undslippe hverdagens stress og jag. Han \u00f8nsker, at folk skal finde et \u00f8jebliks fred og refleksion i hans malerier.<\/p>\n<p class=\"font_8\"><span class=\"wixGuard\">,<\/span>Mischa er en unik kunstner med en interessant baggrund. Han har haft en lang og succesfuld karriere i danse- og kunstfaget og fokuserer nu helt p\u00e5 sit maleri. Han skaber smukke, abstrakte malerier, der udstr\u00e5ler en f\u00f8lelse af fred og ro.<\/p>\n<p><a href=\"https:\/\/woolskins.wixstudio.io\/mijnsite-1\" target=\"_blank\" rel=\"noopener\">Se hjemmesiden<\/a><\/p>\n<p>&nbsp;<\/p>","protected":false},"excerpt":{"rendered":"<div id=\"\" class=\"brz-css-f1nL7 brz-wrapper\">\n<div class=\"brz-rich-text brz-rich-text__custom brz-css-bQsg8\" data-brz-custom-id=\"huusIuGBka_T\">\n<div data-brz-translate-text=\"1\">\n<p>Met dit unieke Artwork Gift geef je een stukje van je hart, een tastbare uitdrukking van liefde, dankbaarheid en verbinding. Een Lucky Heart is speciaal ontworpen om momenten in het leven te markeren die er \u00e9cht toe doen, momenten die je voor altijd wilt koesteren.<\/p>\n<p>Dit kunstwerk wordt vaak gegeven ter viering van de geboorte van een kind, als symbool van bescherming, liefde en een prachtig begin. Maar een Lucky Heart is net zo waardevol wanneer het wordt gegeven aan iemand die jouw leven heeft geraakt, iemand van wie je houdt, iemand die jou heeft gesteund, of iemand die je gewoon vanuit je hart wilt bedanken.<\/p>\n<p>Elk Lucky Heart symboliseert een boodschap van liefde, bescherming en oprechte verbondenheid. Het draagt zacht de betekenis: je bent geliefd, je bent gekoesterd en je bent nooit alleen.<\/p>\n<p>Een tijdloos aandenken dat liefde en herinnering biedt, dag na dag.<\/p>\n<\/div>\n<\/div>\n<\/div>\n<div id=\"\" class=\"brz-css-f1nL7 brz-wrapper\">\n<div class=\"brz-rich-text brz-rich-text__custom brz-css-bQsg8\" data-brz-custom-id=\"hdkVgQoLd3go\">\n<div data-brz-translate-text=\"1\">\n<p data-uniq-id=\"dctDn\" data-generated-css=\"brz-css-uFYkb\">Kunstner: Mischa Hendriksen<br \/>\nTitel: &#8216;Memory&#8217;<br \/>\nSt\u00f8rrelse: 40 x 30 cm (15,7 x 11,8 tommer)<br \/>\nMedia: 100% Handmade, 3-D art, acrylic on canvas<br \/>\nOplage: Original Artwork<br \/>\nPrice: \u20ac195,- (inclusief lijst)<\/p>\n<\/div>\n<\/div>\n<\/div>","protected":false},"featured_media":28106,"comment_status":"open","ping_status":"closed","template":"","meta":{"_acf_changed":false},"product_brand":[],"product_cat":[500,528],"product_tag":[],"class_list":{"0":"post-28105","1":"product","2":"type-product","3":"status-publish","4":"has-post-thumbnail","6":"product_cat-angel-heart","7":"product_cat-schapenvachten-voor-thuis","9":"first","10":"outofstock","11":"taxable","12":"shipping-taxable","13":"purchasable","14":"product-type-simple"},"acf":[],"_links":{"self":[{"href":"https:\/\/woolskins.eu\/da\/wp-json\/wp\/v2\/product\/28105","targetHints":{"allow":["GET"]}}],"collection":[{"href":"https:\/\/woolskins.eu\/da\/wp-json\/wp\/v2\/product"}],"about":[{"href":"https:\/\/woolskins.eu\/da\/wp-json\/wp\/v2\/types\/product"}],"replies":[{"embeddable":true,"href":"https:\/\/woolskins.eu\/da\/wp-json\/wp\/v2\/comments?post=28105"}],"wp:featuredmedia":[{"embeddable":true,"href":"https:\/\/woolskins.eu\/da\/wp-json\/wp\/v2\/media\/28106"}],"wp:attachment":[{"href":"https:\/\/woolskins.eu\/da\/wp-json\/wp\/v2\/media?parent=28105"}],"wp:term":[{"taxonomy":"product_brand","embeddable":true,"href":"https:\/\/woolskins.eu\/da\/wp-json\/wp\/v2\/product_brand?post=28105"},{"taxonomy":"product_cat","embeddable":true,"href":"https:\/\/woolskins.eu\/da\/wp-json\/wp\/v2\/product_cat?post=28105"},{"taxonomy":"product_tag","embeddable":true,"href":"https:\/\/woolskins.eu\/da\/wp-json\/wp\/v2\/product_tag?post=28105"}],"curies":[{"name":"wp","href":"https:\/\/api.w.org\/{rel}","templated":true}]}}