{"id":27924,"date":"2025-12-05T10:53:46","date_gmt":"2025-12-05T10:53:46","guid":{"rendered":"https:\/\/woolskins.eu\/?post_type=product&#038;p=27924"},"modified":"2026-03-13T12:49:14","modified_gmt":"2026-03-13T12:49:14","slug":"schapenvacht-voor-kinderwagen-natural-spotted-special-edition","status":"publish","type":"product","link":"https:\/\/woolskins.eu\/da\/schapenvacht-voor-kinderwagen-natural-spotted-special-edition\/","title":{"rendered":"Schapenvacht voor Kinderwagen &#8211; Natural Spotted Special Edition"},"content":{"rendered":"<p>Dette Eco Baby-Care lammeskind er sk\u00e5ret specielt til til brug i buggyen, vuggen, autostolen eller Moses-kurven. Meget behagelig til p\u00e5 farten og derhjemme. Ideel til lange ferierejser til varme lande. Det er yderst behageligt, fordi det \u00e5nder og absorberer sved med det samme uden at f\u00f8les v\u00e5dt\/klamt for dit barn.<\/p>\n<p>\u2013 M\u00e5l 75 x 45 cm, pels 2 cm.<br \/>\n\u2013 Indhak til sikkerhedsstropper 3 &amp; 5 punkter.<br \/>\n\u2013 Bl\u00f8d og kompakt pels.<br \/>\n\u2013 <strong>IKKE<\/strong> H\u00e5nd- og maskinvaskes og t\u00f8rres.<br \/>\n\u2013 Nem at vedligeholde.<\/p>\n<h5><b>Rejs komfortabelt<\/b><\/h5>\n<p>Uldfibre \u00e5nder og har den egenskab, at de fungerer som en naturlig termostat, der regulerer kropstemperaturen? Dette hj\u00e6lper din baby med at holde en stabil temperatur og holder din baby t\u00f8r og komfortabel. Det g\u00f8r dette &quot;dynamisk&quot;, hvilket betyder, at det sker, n\u00e5r det er n\u00f8dvendigt, og ikke n\u00e5r det ikke er n\u00f8dvendigt. Varmt om vinteren og k\u00f8ligt om sommeren.<\/p>\n<p>Woolskins Baby-Care frakker har en kortere pels, hvilket g\u00f8r dem babysikre. De er velegnede fra f\u00f8dslen, og fordi deres forarbejdning tager hensyn til milj\u00f8et, beskytter de b\u00e5de de sm\u00e5 og planeten. Derhjemme eller p\u00e5 farten skaber du et behageligt milj\u00f8, hvor dit barn f\u00f8ler sig glad og afslappet. Standard &#039;gaveklar&#039; pakket med en personlig note.<\/p>\n<h5><strong>Egenskaber Comfort f\u00e5reskind<\/strong><\/h5>\n<p>Dette Baby-Care f\u00e5reskind kommer fra engelske f\u00e5r. Det er en meget bl\u00f8d og smuk kompakt pels. Denne Comfort frakke er &#039;det&#039; f\u00e5reskind vi kender fra tidligere, vi har kun f\u00e5et den klippet til en kort l\u00e6ngde. Meget sikker. Som alle vores andre frakker \u00e5nder uldfibre. Dette hj\u00e6lper din baby med at holde en stabil temperatur og holder dit barn t\u00f8rt og godt tilpas. K\u00f8ligt om sommeren og varmt om vinteren.<\/p>\n<h5><b>Milj\u00f8venlig<\/b><\/h5>\n<p>Alle produkter, der anvendes til garvning og efterbehandling, overholder v\u00e6sentlige EU-direktiver vedr\u00f8rende bevarelse og beskyttelse af milj\u00f8et.<\/p>\n<p>Vores fleece er garvet i overensstemmelse med REACH-reglerne, som blev vedtaget for at forbedre beskyttelsen af menneskers sundhed og milj\u00f8et mod de risici, kemikalier kan udg\u00f8re, og samtidig \u00f8ge konkurrenceevnen for EU&#039;s kemiske industri. Der anvendes ingen AZO-farvestoffer i produktionen.<\/p>\n<p>\u00d8KOPRODUKTER \u2013 skind er milj\u00f8venlige skind, deres forarbejdning og behandling er sikker for voksne og b\u00f8rn. Huder er biologisk nedbrydelige, organiske.<\/p>\n<p>Woolskins s\u00e6lger ikke f\u00e5replader, som Mulesing er p\u00e5f\u00f8rt! Mulesing bruges ikke til europ\u00e6iske f\u00e5r, fordi parasitten, der f\u00e5r landm\u00e6ndene til at bruge Mulesing, ikke forekommer i Europa.<\/p>\n<h5><b>Mavesovere... bem\u00e6rk!<\/b><\/h5>\n<p>B\u00f8rn, der sover p\u00e5 maven de f\u00f8rste 12 m\u00e5neder, b\u00f8r af sikkerhedsm\u00e6ssige \u00e5rsager ikke sove p\u00e5 noget bl\u00f8dt, da det kan v\u00e6re farligt. Vi anbefaler derfor at bruge Woolskins frakken med omtanke! V\u00e6r altid opm\u00e6rksom, n\u00e5r dit barn ligger eller sover p\u00e5 maven og s\u00f8rg for, at dit barn altid er under opsyn.<\/p>","protected":false},"excerpt":{"rendered":"<p data-start=\"91\" data-end=\"164\"><strong data-start=\"91\" data-end=\"164\">Zacht, natuurlijk en exclusief schapenvachtje voor baby\u2019s \u2013 Woolskins<\/strong><\/p>\n<p data-start=\"166\" data-end=\"501\">Geef je kindje het allerbeste met dit hoogwaardige schapenvachtje van Woolskins. Deze <strong data-start=\"252\" data-end=\"280\">zeer gelimiteerde oplage<\/strong> is gemaakt van <strong data-start=\"296\" data-end=\"335\">puur natuurlijke, gevlekte vachtjes<\/strong> \u2013 dus <strong data-start=\"342\" data-end=\"358\">niet geverfd<\/strong>, zoals je vaak ziet bij collega-merken. Doordat de vachtjes volledig naturel zijn, is <strong data-start=\"445\" data-end=\"479\">ieder exemplaar absoluut uniek<\/strong> in kleur en tekening.<\/p>\n<p data-start=\"503\" data-end=\"857\">Alle vachten zijn afkomstig van <strong data-start=\"535\" data-end=\"555\">Europese schapen<\/strong> en worden ook <strong data-start=\"570\" data-end=\"591\">in Europa gelooid<\/strong> volgens hoge ecologische standaarden. Het vachtje is veilig kort geschoren voor baby\u2019s en ideaal voor gebruik in de kinderwagen, Maxi-Cosi of Mosesmand. Dankzij de handige openingen voor de 5-puntsgordel zet je je kindje veilig vast zonder in te leveren op comfort.<\/p>\n<p data-start=\"859\" data-end=\"1109\">De natuurlijke wol werkt temperatuurregulerend en is hypoallergeen, waardoor het zacht en veilig is voor de gevoelige babyhuid. Daarnaast heeft het een rustgevend, omhullend effect, waardoor je kindje zich ontspannen voelt \u2013 zowel onderweg als thuis.<\/p>\n<p data-start=\"1111\" data-end=\"1267\">Duurzaam, onderhoudsvriendelijk en extra bijzonder doordat <strong data-start=\"1170\" data-end=\"1205\">geen enkel vachtje hetzelfde is<\/strong>. Meer informatie lees je onder <em data-start=\"1237\" data-end=\"1256\">productinformatie<\/em> hieronder.<\/p>\n<p><strong>M\u00e6rke: Woolskins<\/strong><br \/>\n<strong>Land: Polen<\/strong><\/p>","protected":false},"featured_media":27933,"comment_status":"closed","ping_status":"closed","template":"","meta":{"_acf_changed":false},"product_brand":[],"product_cat":[499,222,354],"product_tag":[372],"class_list":{"0":"post-27924","1":"product","2":"type-product","3":"status-publish","4":"has-post-thumbnail","6":"product_cat-new-arrivals","7":"product_cat-buggy-schapenvachtjes","8":"product_cat-woolskins","9":"product_tag-populair","11":"first","12":"instock","13":"taxable","14":"shipping-taxable","15":"purchasable","16":"product-type-variable","17":"has-default-attributes"},"acf":[],"_links":{"self":[{"href":"https:\/\/woolskins.eu\/da\/wp-json\/wp\/v2\/product\/27924","targetHints":{"allow":["GET"]}}],"collection":[{"href":"https:\/\/woolskins.eu\/da\/wp-json\/wp\/v2\/product"}],"about":[{"href":"https:\/\/woolskins.eu\/da\/wp-json\/wp\/v2\/types\/product"}],"replies":[{"embeddable":true,"href":"https:\/\/woolskins.eu\/da\/wp-json\/wp\/v2\/comments?post=27924"}],"wp:featuredmedia":[{"embeddable":true,"href":"https:\/\/woolskins.eu\/da\/wp-json\/wp\/v2\/media\/27933"}],"wp:attachment":[{"href":"https:\/\/woolskins.eu\/da\/wp-json\/wp\/v2\/media?parent=27924"}],"wp:term":[{"taxonomy":"product_brand","embeddable":true,"href":"https:\/\/woolskins.eu\/da\/wp-json\/wp\/v2\/product_brand?post=27924"},{"taxonomy":"product_cat","embeddable":true,"href":"https:\/\/woolskins.eu\/da\/wp-json\/wp\/v2\/product_cat?post=27924"},{"taxonomy":"product_tag","embeddable":true,"href":"https:\/\/woolskins.eu\/da\/wp-json\/wp\/v2\/product_tag?post=27924"}],"curies":[{"name":"wp","href":"https:\/\/api.w.org\/{rel}","templated":true}]}}