{"id":27640,"date":"2025-11-21T13:28:22","date_gmt":"2025-11-21T13:28:22","guid":{"rendered":"https:\/\/woolskins.eu\/?post_type=product&#038;p=27640"},"modified":"2026-04-01T06:25:56","modified_gmt":"2026-04-01T06:25:56","slug":"wollen-slaapzak-voor-baby-teddy-amandel","status":"publish","type":"product","link":"https:\/\/woolskins.eu\/da\/wollen-slaapzak-voor-baby-teddy-amandel\/","title":{"rendered":"Wollen Slaapzak voor Baby | Teddy Amandel"},"content":{"rendered":"<p>Halsst\u00f8rrelsen er justerbar takket v\u00e6re de dobbelte trykknapper og den har en lang lynl\u00e5s, s\u00e5 hele soveposen nemt kan \u00e5bnes.<\/p>\n<p>\u2013 100% virgin uld Tommelfinger med Woolmark kvalitetsm\u00e6rke.<br \/>\n- Glat, bl\u00f8d og Teddy Plush-struktur, der bev\u00e6ger sig med dig.<br \/>\n- Lang lynl\u00e5s, s\u00e5 soveposen kan \u00e5bnes helt eller kun i bunden.<br \/>\n\u2013 Gode termiske egenskaber.<br \/>\n\u2013 Til hjemmet og p\u00e5 farten.<br \/>\n\u2013 St\u00f8rrelse: 0\/6 m\u00e5neder 67 cm, 6\/12 m\u00e5neder 82 cm.<br \/>\n\u2013 europ\u00e6isk produktion.<\/p>\n<p>Vores Eco Wool Soveposer er meget velegnede til de mindste takket v\u00e6re uldfibrenes naturlige egenskaber. Disse \u00e5nder og har den egenskab, at de fungerer som en naturlig termostat, der regulerer kropstemperaturen? Dette hj\u00e6lper din baby med at holde en stabil temperatur og holder din baby t\u00f8r og komfortabel. Det g\u00f8r dette &quot;dynamisk&quot;, hvilket betyder, at det sker, n\u00e5r det er n\u00f8dvendigt, og ikke n\u00e5r det ikke er n\u00f8dvendigt.<\/p>\n<p data-start=\"63\" data-end=\"427\"><strong data-start=\"63\" data-end=\"83\">Vaskeanvisning<\/strong><\/p>\n<p data-start=\"63\" data-end=\"427\">For at holde dette teddystof i uld smukt og bl\u00f8dt anbefaler vi h\u00e5ndvask ved en temperatur p\u00e5 maks. 30 \u00b0C. V\u00e6r forsigtig, og brug et mildt uldvaskemiddel. Undg\u00e5 blegemiddel, strygning, t\u00f8rretumbler og centrifugering. Lad stoffet t\u00f8rre fladt for at bevare formen. Renseri er ogs\u00e5 muligt.<\/p>\n<p data-start=\"429\" data-end=\"552\">\u2728 <strong data-start=\"431\" data-end=\"439\">Tip:<\/strong> Uld beh\u00f8ver ikke at blive vasket ofte. En hurtig luftning udenfor er ofte nok til at holde stoffet friskt.<\/p>\n<p data-start=\"554\" data-end=\"817\">\ud83c\udf3f <strong data-start=\"557\" data-end=\"588\">Hvorfor uld er noget s\u00e6rligt: <\/strong>Uld er naturligt selvrensende og smudsafvisende. Lugt forsvinder blot ved at lufte stoffet, og snavs s\u00e6tter sig ikke s\u00e5 let fast som i andre materialer. S\u00e5 dit uldstof holder sig friskt i l\u00e6ngere tid uden megen vedligeholdelse.<\/p>\n<h5>Etiket af uldskind<\/h5>\n<p>Efter mange \u00e5rs succesfuldt samarbejde med Alwero, kan vi stolt meddele, at vi nu f\u00f8rer vores produkter under vores eget Woolskins-m\u00e6rke.<\/p>\n<p>P\u00e5 denne m\u00e5de f\u00e5r du stadig den bedste kvalitet, men kombineret med de flotteste og unikke produkter og designs.<\/p>\n<p>Kvaliteten af stofferne og farverne forbliver, som de altid har v\u00e6ret, men der er nu et st\u00f8rre udvalg, som Woolskins mener kan udm\u00e6rke sig.<\/p>\n<p>Vores brede kollektion er sammensat p\u00e5 en s\u00e5dan m\u00e5de, at de er et godt supplement til ethvert babys\u00e6t, lavet af 100% europ\u00e6isk uld, der \u00e5nder og passer til enhver s\u00e6son.<\/p>\n<p>Vi g\u00e5r entusiastisk sammen om at skabe et b\u00e6redygtigt, naturligt og mest behageligt produkt til dit barn.<\/p>","protected":false},"excerpt":{"rendered":"<p>Hvis du leder efter en behagelig og varm sovepose til din baby, er uld et glimrende valg. Uld har mange fordele, der hj\u00e6lper din baby med at sove godt, hver s\u00e6son af \u00e5ret.<\/p>\n<p>Vores lette baby-sovepose i \u00f8ko-uld er \u00e5ndbar og fungerer som en naturlig termostat, der regulerer kropstemperaturen og hj\u00e6lper din baby med at hvile og sove godt. Denne sovepose er meget velegnet til sm\u00e5b\u00f8rn takket v\u00e6re de dobbelte trykknapper, der g\u00f8r det muligt at g\u00f8re hals\u00e5bningen st\u00f8rre og mindre. Den lange lynl\u00e5s \u00e5bner i to sider, s\u00e5 soveposen kan \u00e5bnes helt eller kun i bunden, n\u00e5r du skal skifte din baby. Uldsoveposen bev\u00e6ger sig med dig (str\u00e6kbar) og hj\u00e6lper din baby med at holde en stabil temperatur og holder din baby t\u00f8r og komfortabel. Det g\u00f8r den \u2018dynamisk\u2019, hvilket betyder, at den bev\u00e6ger sig, n\u00e5r der er brug for det, og ikke n\u00e5r der ikke er. Disse uldsoveposer er derfor varme om vinteren og k\u00f8lige om sommeren.<\/p>\n<p><strong>M\u00e6rke: Woolskins<\/strong><br \/>\n<strong>Produktion: Polen<\/strong><\/p>","protected":false},"featured_media":27643,"comment_status":"closed","ping_status":"closed","template":"","meta":{"_acf_changed":false},"product_brand":[],"product_cat":[361,360,364,196,370,194],"product_tag":[414],"class_list":{"0":"post-27640","1":"product","2":"type-product","3":"status-publish","4":"has-post-thumbnail","6":"product_cat-babyshower","7":"product_cat-cadeautips","8":"product_cat-cadeaus-vanaf-e50","9":"product_cat-slaapkleding-baby","10":"product_cat-slaapzakken","11":"product_cat-wollen-babyproducten","12":"product_tag-alwero-slaapzak","13":"pa_maat-0-6-maanden","14":"pa_maat-6-12-maanden","16":"first","17":"instock","18":"taxable","19":"shipping-taxable","20":"purchasable","21":"product-type-variable"},"acf":[],"_links":{"self":[{"href":"https:\/\/woolskins.eu\/da\/wp-json\/wp\/v2\/product\/27640","targetHints":{"allow":["GET"]}}],"collection":[{"href":"https:\/\/woolskins.eu\/da\/wp-json\/wp\/v2\/product"}],"about":[{"href":"https:\/\/woolskins.eu\/da\/wp-json\/wp\/v2\/types\/product"}],"replies":[{"embeddable":true,"href":"https:\/\/woolskins.eu\/da\/wp-json\/wp\/v2\/comments?post=27640"}],"wp:featuredmedia":[{"embeddable":true,"href":"https:\/\/woolskins.eu\/da\/wp-json\/wp\/v2\/media\/27643"}],"wp:attachment":[{"href":"https:\/\/woolskins.eu\/da\/wp-json\/wp\/v2\/media?parent=27640"}],"wp:term":[{"taxonomy":"product_brand","embeddable":true,"href":"https:\/\/woolskins.eu\/da\/wp-json\/wp\/v2\/product_brand?post=27640"},{"taxonomy":"product_cat","embeddable":true,"href":"https:\/\/woolskins.eu\/da\/wp-json\/wp\/v2\/product_cat?post=27640"},{"taxonomy":"product_tag","embeddable":true,"href":"https:\/\/woolskins.eu\/da\/wp-json\/wp\/v2\/product_tag?post=27640"}],"curies":[{"name":"wp","href":"https:\/\/api.w.org\/{rel}","templated":true}]}}