{"id":27525,"date":"2025-11-17T13:39:51","date_gmt":"2025-11-17T13:39:51","guid":{"rendered":"https:\/\/woolskins.eu\/?post_type=product&#038;p=27525"},"modified":"2025-11-17T13:43:15","modified_gmt":"2025-11-17T13:43:15","slug":"genopfyldning-af-uldbolde","status":"publish","type":"product","link":"https:\/\/woolskins.eu\/da\/bijvulling-wolbolletjes\/","title":{"rendered":"Uldbolde refill ammepude 300 gram"},"content":{"rendered":"","protected":false},"excerpt":{"rendered":"<p data-start=\"147\" data-end=\"234\"><strong data-start=\"147\" data-end=\"234\">Ekstra fyld af uldkugler - for en varig perfekt st\u00f8ttende ammepude<\/strong><\/p>\n<p data-start=\"236\" data-end=\"521\">Giv din Woolskins ammepude nyt liv med vores ekstra fyld af 100% naturlige uldperler. Disse luftige, elastiske perler af europ\u00e6isk f\u00e5reuld giver optimal st\u00f8tte, mens du fodrer, hviler eller sover - pr\u00e6cis som du er vant til fra Woolskins.<\/p>\n<p data-start=\"523\" data-end=\"788\">Uldkuglerne er allergivenlige, temperaturregulerende og holder sig friske i lang tid takket v\u00e6re uldens selvrensende egenskaber. Ideel, n\u00e5r din ammepude er blevet bl\u00f8d med tiden, eller n\u00e5r du gerne vil have lidt ekstra fasthed.<\/p>\n<p data-start=\"790\" data-end=\"900\">Med denne 300 grams refill kan du g\u00f8re din ammepude, som du vil have den: fyldigere, fastere og endnu mere komfortabel.<\/p>\n<p data-start=\"902\" data-end=\"916\"><strong data-start=\"902\" data-end=\"916\">Fordele:<\/strong><\/p>\n<ul data-start=\"917\" data-end=\"1132\">\n<li data-start=\"917\" data-end=\"958\">\n<p data-start=\"919\" data-end=\"958\">100% uldbolde (\u00f8kologisk uld)<\/p>\n<\/li>\n<li data-start=\"959\" data-end=\"1010\">\n<p data-start=\"961\" data-end=\"1010\">\u00c5ndbar, allergivenlig og temperaturregulerende<\/p>\n<\/li>\n<li data-start=\"1011\" data-end=\"1076\">\n<p data-start=\"1013\" data-end=\"1076\">Forbliver modstandsdygtig og frisk takket v\u00e6re selvrensende egenskaber<\/p>\n<\/li>\n<li data-start=\"1077\" data-end=\"1132\">\n<p data-start=\"1079\" data-end=\"1132\">Let at genopfylde for perfekt st\u00f8tte<\/p>\n<\/li>\n<\/ul>","protected":false},"featured_media":27526,"comment_status":"open","ping_status":"closed","template":"","meta":{"_acf_changed":false},"product_brand":[],"product_cat":[349,210],"product_tag":[],"class_list":{"0":"post-27525","1":"product","2":"type-product","3":"status-publish","4":"has-post-thumbnail","6":"product_cat-borstvoedingenvoedingskussens","7":"product_cat-wollen-voedingskussen","9":"first","10":"instock","11":"taxable","12":"shipping-taxable","13":"purchasable","14":"product-type-simple"},"acf":[],"_links":{"self":[{"href":"https:\/\/woolskins.eu\/da\/wp-json\/wp\/v2\/product\/27525","targetHints":{"allow":["GET"]}}],"collection":[{"href":"https:\/\/woolskins.eu\/da\/wp-json\/wp\/v2\/product"}],"about":[{"href":"https:\/\/woolskins.eu\/da\/wp-json\/wp\/v2\/types\/product"}],"replies":[{"embeddable":true,"href":"https:\/\/woolskins.eu\/da\/wp-json\/wp\/v2\/comments?post=27525"}],"wp:featuredmedia":[{"embeddable":true,"href":"https:\/\/woolskins.eu\/da\/wp-json\/wp\/v2\/media\/27526"}],"wp:attachment":[{"href":"https:\/\/woolskins.eu\/da\/wp-json\/wp\/v2\/media?parent=27525"}],"wp:term":[{"taxonomy":"product_brand","embeddable":true,"href":"https:\/\/woolskins.eu\/da\/wp-json\/wp\/v2\/product_brand?post=27525"},{"taxonomy":"product_cat","embeddable":true,"href":"https:\/\/woolskins.eu\/da\/wp-json\/wp\/v2\/product_cat?post=27525"},{"taxonomy":"product_tag","embeddable":true,"href":"https:\/\/woolskins.eu\/da\/wp-json\/wp\/v2\/product_tag?post=27525"}],"curies":[{"name":"wp","href":"https:\/\/api.w.org\/{rel}","templated":true}]}}