{"id":27456,"date":"2025-11-14T14:22:48","date_gmt":"2025-11-14T14:22:48","guid":{"rendered":"https:\/\/woolskins.eu\/?post_type=product&#038;p=27456"},"modified":"2026-03-20T12:41:01","modified_gmt":"2026-03-20T12:41:01","slug":"madpude-i-uld-filtet-l-hasselnod","status":"publish","type":"product","link":"https:\/\/woolskins.eu\/da\/wollen-voedingskussen-felted-l-hazelnoot\/","title":{"rendered":"Uldfodringspude Filtet-L | Hasseln\u00f8d"},"content":{"rendered":"<p>Ammepuden bruger du ved fx at klemme den nederste del fast mellem benene og hvile hovedet p\u00e5 den \u00f8verste del. Du placerer den midterste del under din gravide mave, s\u00e5 din v\u00e6gt bliver bedre fordelt. P\u00e5 den m\u00e5de bliver du krammet af kroppuden, og din ryg f\u00e5r ogs\u00e5 den n\u00f8dvendige st\u00f8tte.<\/p>\n<p>\u2013 Betr\u00e6kket er en uldblanding 56% ren ubearbejdet ny uld (Woolmark kvalitetsm\u00e6rke) 44% syntetisk fiber.<br \/>\n\u2013 100% jomfruuld Filtet med Woolmark kvalitetsm\u00e6rke.<br \/>\n\u2013 Glat, bl\u00f8d og kompakt struktur<br \/>\n\u2013 Fyldning af uldkugler (100% \u00f8kologisk uld).<br \/>\n\u2013 Inderpude (\u00f8ko bomuld) med lynl\u00e5s.<br \/>\n\u2013 Lydl\u00f8st naturligt fyld!<br \/>\n\u2013 Let v\u00e6gt (1,5 kg).<br \/>\n\u2013 Ammepude &amp; Graviditetspude.<br \/>\n\u2013 M\u00e5l 35 x 150 cm (midteromkreds 70 cm).<br \/>\n\u2013 Betr\u00e6k og inderpude kan vaskes ved 30\u00b0C uldvaskeprogram.<\/p>\n<p>Dette produkt har Safe for Children og Woolmark kvalitetsm\u00e6rket.<\/p>\n<h5>Etiket af uldskind<\/h5>\n<p>Efter mange \u00e5rs succesfuldt samarbejde med Alwero, kan vi stolt meddele, at vi nu f\u00f8rer vores produkter under vores eget Woolskins-m\u00e6rke.<\/p>\n<p>P\u00e5 denne m\u00e5de f\u00e5r du stadig den bedste kvalitet, men kombineret med de flotteste og unikke produkter og designs.<\/p>\n<p>Kvaliteten af stofferne og farverne forbliver, som de altid har v\u00e6ret, men der er nu et st\u00f8rre udvalg, som Woolskins mener kan udm\u00e6rke sig.<\/p>\n<p>Vores brede kollektion er sammensat p\u00e5 en s\u00e5dan m\u00e5de, at de er et godt supplement til ethvert babys\u00e6t, lavet af 100% europ\u00e6isk uld, der \u00e5nder og passer til enhver s\u00e6son.<\/p>\n<p>Vi g\u00e5r entusiastisk sammen om at skabe et b\u00e6redygtigt, naturligt og mest behageligt produkt til dit barn.<\/p>","protected":false},"excerpt":{"rendered":"<p>Denne ammepude i uld er yderst behagelig og beroligende for dit barn under fodring, fordi den er hviskende stille og med det samme tager dit barns kropstemperatur. Den st\u00f8tter din krop, mens du sover og sikrer en god nats s\u00f8vn, s\u00e5 du v\u00e5gner udhvilet om morgenen.<\/p>\n<p>Fordi puden og fyldet er lavet af uld, er puden \u00e5ndbar og allergivenlig. Uldfibre har den egenskab, at de fungerer som en naturlig termostat, der regulerer kropstemperaturen? Dette sikrer en stabil temperatur og holder dig og din baby t\u00f8rre og komfortable.<\/p>\n<p>Det unikke \u00f8kologiske uldkuglefyld giver god st\u00f8tte til din krop og dit barns og fordi fyldet ikke larmer (i mods\u00e6tning til f.eks. kernefyld) kan du fodre dit barn uforstyrret og dermed nyde hinanden i det uendelige. Ulden er renset og vasket med biologisk nedbrydelige reng\u00f8ringsmidler og den naturligt forekommende lanolin g\u00f8r ulden st\u00f8vfri og derfor anti-allergen.<\/p>\n<p><strong>M\u00e6rke: Woolskins<\/strong><br \/>\n<strong>Produktion: Polen<\/strong><\/p>","protected":false},"featured_media":27457,"comment_status":"closed","ping_status":"closed","template":"","meta":{"_acf_changed":false},"product_brand":[],"product_cat":[349,364,31,210,194],"product_tag":[],"class_list":{"0":"post-27456","1":"product","2":"type-product","3":"status-publish","4":"has-post-thumbnail","6":"product_cat-borstvoedingenvoedingskussens","7":"product_cat-cadeaus-vanaf-e50","8":"product_cat-yogamat-wol","9":"product_cat-wollen-voedingskussen","10":"product_cat-wollen-babyproducten","12":"first","13":"instock","14":"taxable","15":"shipping-taxable","16":"purchasable","17":"product-type-simple"},"acf":[],"_links":{"self":[{"href":"https:\/\/woolskins.eu\/da\/wp-json\/wp\/v2\/product\/27456","targetHints":{"allow":["GET"]}}],"collection":[{"href":"https:\/\/woolskins.eu\/da\/wp-json\/wp\/v2\/product"}],"about":[{"href":"https:\/\/woolskins.eu\/da\/wp-json\/wp\/v2\/types\/product"}],"replies":[{"embeddable":true,"href":"https:\/\/woolskins.eu\/da\/wp-json\/wp\/v2\/comments?post=27456"}],"wp:featuredmedia":[{"embeddable":true,"href":"https:\/\/woolskins.eu\/da\/wp-json\/wp\/v2\/media\/27457"}],"wp:attachment":[{"href":"https:\/\/woolskins.eu\/da\/wp-json\/wp\/v2\/media?parent=27456"}],"wp:term":[{"taxonomy":"product_brand","embeddable":true,"href":"https:\/\/woolskins.eu\/da\/wp-json\/wp\/v2\/product_brand?post=27456"},{"taxonomy":"product_cat","embeddable":true,"href":"https:\/\/woolskins.eu\/da\/wp-json\/wp\/v2\/product_cat?post=27456"},{"taxonomy":"product_tag","embeddable":true,"href":"https:\/\/woolskins.eu\/da\/wp-json\/wp\/v2\/product_tag?post=27456"}],"curies":[{"name":"wp","href":"https:\/\/api.w.org\/{rel}","templated":true}]}}