{"id":26900,"date":"2025-10-17T13:05:04","date_gmt":"2025-10-17T13:05:04","guid":{"rendered":"https:\/\/woolskins.eu\/?post_type=product&#038;p=26900"},"modified":"2025-12-20T10:36:34","modified_gmt":"2025-12-20T10:36:34","slug":"a-basic-brand-uldtofler-til-damer-100-jomfruuld-sort","status":"publish","type":"product","link":"https:\/\/woolskins.eu\/da\/a-basic-brand-wollen-sloffen-dames-100-scheerwol-zwart\/","title":{"rendered":"A Basic Brand - Uldt\u00f8fler til damer - 100% New Wool | sort"},"content":{"rendered":"<h3 data-start=\"115\" data-end=\"164\"><strong data-start=\"119\" data-end=\"164\">A Basic Brand - Uldt\u00f8fler til damer<\/strong><\/h3>\n<p data-start=\"166\" data-end=\"475\">Super varm og tr\u00f8stende, men ogs\u00e5 helt naturlig og \u00e5ndbar. Denne <strong data-start=\"237\" data-end=\"273\">hjemmesko i uld fra A Basic Brand<\/strong> er lavet til kvinder, der elsker komfort, enkelhed og naturlige materialer. De tilbyder den perfekte balance mellem varme, \u00e5ndbarhed og stil - ideelt til brug i hjemmet \u00e5ret rundt.<\/p>\n<h4 data-start=\"477\" data-end=\"509\"><strong data-start=\"482\" data-end=\"509\">100% Pile af ren ny uld<\/strong><\/h4>\n<p data-start=\"510\" data-end=\"780\">Indersiden af hjemmeskoene er lavet af <strong data-start=\"555\" data-end=\"578\">100% ren ny uld<\/strong>: Nyudvundet uld, der ikke er blevet behandlet f\u00f8r. Det giver en us\u00e6dvanlig bl\u00f8d, elastisk og \u00e5ndbar foring, der former sig efter dine f\u00f8dder og hele tiden holder en behagelig temperatur.<\/p>\n<h4 data-start=\"782\" data-end=\"811\"><strong data-start=\"787\" data-end=\"811\">Fordelene ved uld<\/strong><\/h4>\n<p data-start=\"812\" data-end=\"919\">Uld er en af de mest funktionelle naturfibre, der findes. Takket v\u00e6re dets unikke egenskaber:<\/p>\n<ul data-start=\"920\" data-end=\"1300\">\n<li data-start=\"920\" data-end=\"995\">\n<p data-start=\"922\" data-end=\"995\"><strong data-start=\"922\" data-end=\"954\">Uld regulerer temperaturen<\/strong> - Varm om vinteren, k\u00f8lig om sommeren.<\/p>\n<\/li>\n<li data-start=\"996\" data-end=\"1070\">\n<p data-start=\"998\" data-end=\"1070\"><strong data-start=\"998\" data-end=\"1035\">Er \u00e5ndbar og fugtregulerende<\/strong> - holder dine f\u00f8dder t\u00f8rre og friske.<\/p>\n<\/li>\n<li data-start=\"1071\" data-end=\"1147\">\n<p data-start=\"1073\" data-end=\"1147\"><strong data-start=\"1073\" data-end=\"1115\">Er selvrensende og antibakteriel<\/strong> - Lugte har ingen chance.<\/p>\n<\/li>\n<li data-start=\"1148\" data-end=\"1214\">\n<p data-start=\"1150\" data-end=\"1214\"><strong data-start=\"1150\" data-end=\"1174\">Er den allergivenlig?<\/strong> - Venlig over for f\u00f8lsom hud.<\/p>\n<\/li>\n<li data-start=\"1215\" data-end=\"1300\">\n<p data-start=\"1217\" data-end=\"1300\"><strong data-start=\"1217\" data-end=\"1262\">Er det b\u00e6redygtigt og biologisk nedbrydeligt?<\/strong> - Godt for dig og for planeten.<\/p>\n<\/li>\n<\/ul>\n<h4 data-start=\"1302\" data-end=\"1341\"><strong data-start=\"1307\" data-end=\"1341\">Varme og komfort i hvert skridt<\/strong><\/h4>\n<p data-start=\"1342\" data-end=\"1641\">A Basic Brands uldt\u00f8fler er lette, men giver alligevel et fast greb og naturlig st\u00f8tte. Den bl\u00f8de uld smyger sig om f\u00f8dderne som en varm omfavnelse og giver en \u00f8jeblikkelig f\u00f8lelse af afslapning. Perfekt til kolde morgener, stille aftener eller lange arbejdsdage hjemmefra.<\/p>\n<h4 data-start=\"1643\" data-end=\"1679\"><strong data-start=\"1648\" data-end=\"1679\">Enkelt og tidl\u00f8st design<\/strong><\/h4>\n<p data-start=\"1680\" data-end=\"1913\">Som navnet antyder, st\u00e5r det <strong data-start=\"1709\" data-end=\"1726\">Et grundl\u00e6ggende m\u00e6rke<\/strong> for ren enkelhed og naturlig kvalitet. Ingen un\u00f8dvendige detaljer - bare et tidl\u00f8st look og varig komfort. Den naturlige uldfarve passer til enhver stil og indretning.<\/p>\n<h4 data-start=\"1915\" data-end=\"1950\"><strong data-start=\"1920\" data-end=\"1950\">F\u00e5s i to st\u00f8rrelser<\/strong><\/h4>\n<p data-start=\"1951\" data-end=\"1985\">T\u00f8flerne f\u00e5s i:<\/p>\n<ul data-start=\"1986\" data-end=\"2023\">\n<li data-start=\"1986\" data-end=\"2004\">\n<p data-start=\"1988\" data-end=\"2004\"><strong data-start=\"1988\" data-end=\"2002\">St\u00f8rrelse 38\/39 (26 cm)<\/strong><\/p>\n<\/li>\n<li data-start=\"2005\" data-end=\"2023\">\n<p data-start=\"2007\" data-end=\"2023\"><strong data-start=\"2007\" data-end=\"2021\">St\u00f8rrelse 40\/41 (28 cm)<\/strong><\/p>\n<\/li>\n<\/ul>\n<p data-start=\"2025\" data-end=\"2167\">Takket v\u00e6re uldens naturlige elasticitet sidder de p\u00e6nt omkring foden uden at klemme og bevarer deres form ved regelm\u00e6ssig brug.<\/p>","protected":false},"excerpt":{"rendered":"<h3 data-start=\"115\" data-end=\"164\"><strong data-start=\"119\" data-end=\"164\">A Basic Brand - Uldt\u00f8fler til damer<\/strong><\/h3>\n<p>Oplev den ultimative komfort i hjemmet med <strong data-start=\"171\" data-end=\"218\">uldt\u00f8fler til kvinder fra A Basic Brand<\/strong>. De er lavet af dobbeltlag 100% ren ny uld og er vidunderligt varme, bl\u00f8de og \u00e5ndbare - ideelle til kolde dage og til dem, der elsker naturlige materialer. Ulden regulerer temperaturen, transporterer fugt v\u00e6k og holder f\u00f8dderne friske og t\u00f8rre uden at klemme. F\u00e5s i st\u00f8rrelse <strong data-start=\"486\" data-end=\"495\">38\/39<\/strong> og <strong data-start=\"499\" data-end=\"508\">40\/41<\/strong> for en perfekt pasform og ren afslapning ved hvert skridt. Desuden er disse hjemmesko udstyret med <strong data-start=\"594\" data-end=\"613\">Skridsikre s\u00e5ler<\/strong>, s\u00e5 du kan g\u00e5 sikkert og stabilt p\u00e5 alle gulve.<\/p>\n<p><strong>M\u00e6rke: Et grundl\u00e6ggende m\u00e6rke<\/strong><br \/>\n<strong>Land: Polen<\/strong><\/p>","protected":false},"featured_media":26897,"comment_status":"open","ping_status":"closed","template":"","meta":{"_acf_changed":false},"product_brand":[],"product_cat":[499,351,360,364,350,31],"product_tag":[],"class_list":{"0":"post-26900","1":"product","2":"type-product","3":"status-publish","4":"has-post-thumbnail","6":"product_cat-new-arrivals","7":"product_cat-accessoiresvoormama","8":"product_cat-cadeautips","9":"product_cat-cadeaus-vanaf-e50","10":"product_cat-fashion","11":"product_cat-yogamat-wol","13":"first","14":"instock","15":"taxable","16":"shipping-taxable","17":"purchasable","18":"product-type-variable"},"acf":[],"_links":{"self":[{"href":"https:\/\/woolskins.eu\/da\/wp-json\/wp\/v2\/product\/26900","targetHints":{"allow":["GET"]}}],"collection":[{"href":"https:\/\/woolskins.eu\/da\/wp-json\/wp\/v2\/product"}],"about":[{"href":"https:\/\/woolskins.eu\/da\/wp-json\/wp\/v2\/types\/product"}],"replies":[{"embeddable":true,"href":"https:\/\/woolskins.eu\/da\/wp-json\/wp\/v2\/comments?post=26900"}],"wp:featuredmedia":[{"embeddable":true,"href":"https:\/\/woolskins.eu\/da\/wp-json\/wp\/v2\/media\/26897"}],"wp:attachment":[{"href":"https:\/\/woolskins.eu\/da\/wp-json\/wp\/v2\/media?parent=26900"}],"wp:term":[{"taxonomy":"product_brand","embeddable":true,"href":"https:\/\/woolskins.eu\/da\/wp-json\/wp\/v2\/product_brand?post=26900"},{"taxonomy":"product_cat","embeddable":true,"href":"https:\/\/woolskins.eu\/da\/wp-json\/wp\/v2\/product_cat?post=26900"},{"taxonomy":"product_tag","embeddable":true,"href":"https:\/\/woolskins.eu\/da\/wp-json\/wp\/v2\/product_tag?post=26900"}],"curies":[{"name":"wp","href":"https:\/\/api.w.org\/{rel}","templated":true}]}}