{"id":26851,"date":"2025-10-15T13:08:42","date_gmt":"2025-10-15T13:08:42","guid":{"rendered":"https:\/\/woolskins.eu\/?post_type=product&#038;p=26851"},"modified":"2025-11-11T14:06:48","modified_gmt":"2025-11-11T14:06:48","slug":"multifunktionel-baeresele-zaffiro-be-close-bomuld-hasselnod","status":"publish","type":"product","link":"https:\/\/woolskins.eu\/da\/multifunctionele-draagdoek-voor-baby-zaffiro-be-close-katoen-hazelnoot\/","title":{"rendered":"Multifunktionel b\u00e6resele - Zaffiro \u2018Be Close\u2019| Bomuld Hazelnut"},"content":{"rendered":"<h2 data-start=\"188\" data-end=\"260\"><strong data-start=\"191\" data-end=\"260\">Zaffiro Be Close - Multifunktionel v\u00e6vet babyslynge<\/strong><\/h2>\n<p data-start=\"262\" data-end=\"614\">Opdag den perfekte <strong data-start=\"281\" data-end=\"302\">V\u00e6vet slynge<\/strong> til din baby: den <strong data-start=\"322\" data-end=\"352\">Zaffiro Be Close-slynge<\/strong> er en alsidig, sikker og komfortabel l\u00f8sning til for\u00e6ldre, der gerne vil have deres baby t\u00e6t p\u00e5 sig. Den er velegnet fra f\u00f8dslen til omkring 2 \u00e5r (3,5-13 kg) og kombinerer <strong data-start=\"539\" data-end=\"569\">multifunktionel slynge<\/strong> brugervenlighed med et ergonomisk design.<\/p>\n<h3 data-start=\"616\" data-end=\"659\"><strong data-start=\"623\" data-end=\"659\">Komfortabel, \u00e5ndbar og holdbar<\/strong><\/h3>\n<p data-start=\"660\" data-end=\"957\">Slyngen er lavet af 100% \u00e5ndbar, allergivenlig bomuld. Takket v\u00e6re den robuste sildebensv\u00e6vning f\u00f8les stoffet bl\u00f8dt, men giver alligevel optimal st\u00f8tte til b\u00e5de dig og din baby. Den naturlige bomuld giver ventilation og holder kluden behagelig selv i varmt vejr.<\/p>\n<h3 data-start=\"959\" data-end=\"998\"><strong data-start=\"966\" data-end=\"998\">Ergonomisk og sikker b\u00e6ring<\/strong><\/h3>\n<p data-start=\"999\" data-end=\"1327\">Zaffiro Be Close-slyngen st\u00f8tter barnets naturlige C-formede ryg og fremmer en sund hofteudvikling gennem korrekt b\u00e6kkenpositionering - den velkendte <strong data-start=\"1165\" data-end=\"1178\">Holdning<\/strong>, hvor kn\u00e6ene er lidt h\u00f8jere end bagdelen. Det g\u00f8r sejlet ikke bare behageligt, men ogs\u00e5 sikkert og ergonomisk forsvarligt.<\/p>\n<h3 data-start=\"1329\" data-end=\"1376\"><strong data-start=\"1336\" data-end=\"1376\">Let at binde og justere<\/strong><\/h3>\n<p data-start=\"1377\" data-end=\"1699\">Med en l\u00e6ngde p\u00e5 <strong data-start=\"1396\" data-end=\"1406\">460 cm<\/strong> og en markeret midterlinje er Be Close-slyngen nem at binde og passer til enhver kropsholdning. Du kan bruge slyngen til forskellige b\u00e6restillinger: foran, p\u00e5 hoften eller p\u00e5 ryggen. Rygb\u00e6ring anbefales, s\u00e5 snart din baby kan sidde op uden hj\u00e6lp (normalt fra omkring 12 m\u00e5neder).<\/p>\n<h3 data-start=\"1701\" data-end=\"1741\"><strong data-start=\"1708\" data-end=\"1741\">Lettere at b\u00e6re, mere frihed<\/strong><\/h3>\n<p data-start=\"1742\" data-end=\"1986\">Takket v\u00e6re den j\u00e6vne v\u00e6gtfordeling f\u00f8les din baby lettere i slyngen. Det betyder mindre pres p\u00e5 din ryg og dine skuldre, s\u00e5 du kan b\u00e6re komfortabelt i l\u00e6ngere tid - ideelt til hverdagsbrug, g\u00e5ture eller p\u00e5 farten.<\/p>\n<h3 data-start=\"1988\" data-end=\"2033\"><strong data-start=\"1995\" data-end=\"2033\">Praktisk og let at vedligeholde<\/strong><\/h3>\n<p data-start=\"2034\" data-end=\"2330\">Zaffiro Be Close-sejlet fylder ikke meget, n\u00e5r det er foldet sammen, og det er nemt at b\u00e6re. Sejlet leveres med en klar brugsanvisning og overholder de europ\u00e6iske sikkerhedsstandarder.<br data-start=\"2234\" data-end=\"2237\" \/>Du kan vaske kluden ved 40\u00b0C p\u00e5 et sk\u00e5neprogram; m\u00e5 ikke bleges eller t\u00f8rretumbles.<\/p>\n<h3 data-start=\"2332\" data-end=\"2392\"><strong data-start=\"2339\" data-end=\"2392\">Hvorfor v\u00e6lge Zaffiro Be Close-slyngen?<\/strong><\/h3>\n<ul data-start=\"2393\" data-end=\"2745\">\n<li data-start=\"2393\" data-end=\"2443\">\n<p data-start=\"2395\" data-end=\"2443\">Velegnet fra f\u00f8dsel til 2 \u00e5r (3,5-13 kg)<\/p>\n<\/li>\n<li data-start=\"2444\" data-end=\"2485\">\n<p data-start=\"2446\" data-end=\"2485\">100% \u00e5ndbar og allergivenlig bomuld<\/p>\n<\/li>\n<li data-start=\"2486\" data-end=\"2545\">\n<p data-start=\"2488\" data-end=\"2545\">Ergonomisk design med naturlig C-form og M-stilling<\/p>\n<\/li>\n<li data-start=\"2546\" data-end=\"2603\">\n<p data-start=\"2548\" data-end=\"2603\">L\u00e6ngde: 460 cm - nem at binde og justere<\/p>\n<\/li>\n<li data-start=\"2604\" data-end=\"2640\">\n<p data-start=\"2606\" data-end=\"2640\">B\u00e6restillinger: mave, hofte og ryg<\/p>\n<\/li>\n<li data-start=\"2641\" data-end=\"2686\">\n<p data-start=\"2643\" data-end=\"2686\">Holdbar, kompakt og nem at bruge<\/p>\n<\/li>\n<li data-start=\"2687\" data-end=\"2745\">\n<p data-start=\"2689\" data-end=\"2745\">Designet og testet i henhold til europ\u00e6iske sikkerhedsstandarder<\/p>\n<\/li>\n<\/ul>\n<p data-start=\"2747\" data-end=\"3004\">Den <strong data-start=\"2750\" data-end=\"2780\">Zaffiro Be Close-slynge<\/strong> er det ideelle valg for for\u00e6ldre, der s\u00e6tter pris p\u00e5 komfort, sikkerhed og samh\u00f8righed. Uanset om du er hjemme eller ude, kan du med denne <strong data-start=\"2913\" data-end=\"2939\">ergonomisk slynge<\/strong> Du har altid din baby t\u00e6t p\u00e5 dig - varm, tryg og afslappet.<\/p>","protected":false},"excerpt":{"rendered":"<p><strong data-start=\"122\" data-end=\"188\">Zaffiro Be Close slynge - sikker, komfortabel og alsidig<br \/>\n<\/strong><br data-start=\"188\" data-end=\"191\" \/>Zaffiro Be Close er en <strong data-start=\"218\" data-end=\"239\">V\u00e6vet slynge<\/strong> Fremstillet af 100% \u00e5ndbar, allergivenlig bomuld. Denne slynge kan bruges p\u00e5 flere m\u00e5der. Velegnet fra f\u00f8dsel til ca. 2 \u00e5r (3,5-13 kg). Den robuste sildebensv\u00e6vning sikrer optimal st\u00f8tte til din baby og en j\u00e6vn v\u00e6gtfordeling, s\u00e5 det f\u00f8les lettere og mere behageligt at b\u00e6re. Med en l\u00e6ngde p\u00e5 460 cm og en markeret midterlinje er kluden nem at binde og tilpasse til enhver statur. Et praktisk, stilfuldt og sikkert valg til hverdagsbrug. L\u00e6s mere under produktinformation.<\/p>\n<p><strong>M\u00e6rke: Zaffiro<\/strong><br \/>\n<strong>Land: Polen<\/strong><\/p>","protected":false},"featured_media":26862,"comment_status":"open","ping_status":"closed","template":"","meta":{"_acf_changed":false},"product_brand":[],"product_cat":[531,364,31,352,502],"product_tag":[],"class_list":{"0":"post-26851","1":"product","2":"type-product","3":"status-publish","4":"has-post-thumbnail","6":"product_cat-babydraagdoeken","7":"product_cat-cadeaus-vanaf-e50","8":"product_cat-yogamat-wol","9":"product_cat-merken","10":"product_cat-zaffiro","12":"first","13":"instock","14":"taxable","15":"shipping-taxable","16":"purchasable","17":"product-type-simple"},"acf":[],"_links":{"self":[{"href":"https:\/\/woolskins.eu\/da\/wp-json\/wp\/v2\/product\/26851","targetHints":{"allow":["GET"]}}],"collection":[{"href":"https:\/\/woolskins.eu\/da\/wp-json\/wp\/v2\/product"}],"about":[{"href":"https:\/\/woolskins.eu\/da\/wp-json\/wp\/v2\/types\/product"}],"replies":[{"embeddable":true,"href":"https:\/\/woolskins.eu\/da\/wp-json\/wp\/v2\/comments?post=26851"}],"wp:featuredmedia":[{"embeddable":true,"href":"https:\/\/woolskins.eu\/da\/wp-json\/wp\/v2\/media\/26862"}],"wp:attachment":[{"href":"https:\/\/woolskins.eu\/da\/wp-json\/wp\/v2\/media?parent=26851"}],"wp:term":[{"taxonomy":"product_brand","embeddable":true,"href":"https:\/\/woolskins.eu\/da\/wp-json\/wp\/v2\/product_brand?post=26851"},{"taxonomy":"product_cat","embeddable":true,"href":"https:\/\/woolskins.eu\/da\/wp-json\/wp\/v2\/product_cat?post=26851"},{"taxonomy":"product_tag","embeddable":true,"href":"https:\/\/woolskins.eu\/da\/wp-json\/wp\/v2\/product_tag?post=26851"}],"curies":[{"name":"wp","href":"https:\/\/api.w.org\/{rel}","templated":true}]}}