{"id":26717,"date":"2025-10-08T11:37:00","date_gmt":"2025-10-08T11:37:00","guid":{"rendered":"https:\/\/woolskins.eu\/?post_type=product&#038;p=26717"},"modified":"2026-01-10T08:48:57","modified_gmt":"2026-01-10T08:48:57","slug":"uld_fodpose","status":"publish","type":"product","link":"https:\/\/woolskins.eu\/da\/wollen_voetenzak\/","title":{"rendered":"Zaffiro | Uldfodpose 0-3 \u00e5r EverGrow | Beige"},"content":{"rendered":"<h3 data-start=\"196\" data-end=\"251\">Zaffiro - EverGrow fodpose i uld<\/h3>\n<p data-start=\"252\" data-end=\"301\">Varme, komfort og beskyttelse - p\u00e5 alle \u00e5rstider<\/p>\n<p data-start=\"303\" data-end=\"1048\">Zafiros EverGrow uldfodpose er designet til for\u00e6ldre, der \u00f8nsker at give deres baby den bedste komfort, selv p\u00e5 kolde dage. Denne luksuri\u00f8se vinterfodpose er foret med 100% naturlig f\u00e5reuld af h\u00f8j kvalitet. Uld har naturlige temperaturregulerende egenskaber: det holder p\u00e5 varmen i kulden, men lader overskydende varme og fugt slippe let ud. S\u00e5 din baby har altid en behagelig temperatur uden at svede. Desuden er uld allergivenligt, selvrensende og \u00e5ndbart, hvilket g\u00f8r det ideelt til f\u00f8lsom babyhud. EverGrow-fodposen giver en sund, naturlig beskyttelse og f\u00e5r din baby til at f\u00f8le sig tryg - uanset om I g\u00e5r en tur eller er ude at rejse.<\/p>\n<h4 data-start=\"1050\" data-end=\"1078\">Vigtige funktioner<\/h4>\n<ul data-start=\"1079\" data-end=\"1935\">\n<li data-start=\"1079\" data-end=\"1160\">\n<p data-start=\"1081\" data-end=\"1160\">100% naturlig f\u00e5reuld premium - bl\u00f8d, \u00e5ndbar og temperaturregulerende<\/p>\n<\/li>\n<li data-start=\"1161\" data-end=\"1243\">\n<p data-start=\"1163\" data-end=\"1243\">Perfekt varmeisolering - holder dit barn behageligt varmt, selv i frostgrader<\/p>\n<\/li>\n<li data-start=\"1244\" data-end=\"1346\">\n<p data-start=\"1246\" data-end=\"1346\">V\u00e6kstmodel med justerbar l\u00e6ngde (88-107 cm) - velegnet fra f\u00f8dslen til ca. 3-4 \u00e5rs alderen<\/p>\n<\/li>\n<li data-start=\"1347\" data-end=\"1445\">\n<p data-start=\"1349\" data-end=\"1445\">Universelle sele\u00e5bninger - passer til stort set alle barnevogne, klapvogne, autostole og k\u00e6lke<\/p>\n<\/li>\n<li data-start=\"1446\" data-end=\"1542\">\n<p data-start=\"1448\" data-end=\"1542\">Vand- og smudsafvisende yderlag (W\/R-bel\u00e6gning) - beskytter mod regn, sne og pletter<\/p>\n<\/li>\n<li data-start=\"1543\" data-end=\"1622\">\n<p data-start=\"1545\" data-end=\"1622\">Forst\u00e6rket, vandafvisende bund - ideel til sm\u00e5 b\u00f8rn med sko<\/p>\n<\/li>\n<li data-start=\"1623\" data-end=\"1741\">\n<p data-start=\"1625\" data-end=\"1741\">Aftagelig front - nem at \u00e5bne eller fjerne helt; brug ogs\u00e5 fodposen som varm underbekl\u00e6dning<\/p>\n<\/li>\n<li data-start=\"1742\" data-end=\"1862\">\n<p data-start=\"1744\" data-end=\"1862\">Varmt h\u00e6ttedesign - toppen kan tr\u00e6kkes sammen til en hyggelig h\u00e6tte for ekstra beskyttelse mod vind og kulde<\/p>\n<\/li>\n<li data-start=\"1863\" data-end=\"1935\">\n<p data-start=\"1865\" data-end=\"1935\">Skridsikker bagside - forhindrer, at den glider i klapvognen eller barnevognen<\/p>\n<\/li>\n<\/ul>\n<h4 data-start=\"1937\" data-end=\"1965\">Hvorfor v\u00e6lge uld?<\/h4>\n<p data-start=\"1966\" data-end=\"2424\">Den anvendte f\u00f8rsteklasses f\u00e5reuld er af enest\u00e5ende kvalitet og v\u00e6vet p\u00e5 begge sider af stoffet. Det giver ekstra varme og optimal fugtstyring, samtidig med at materialet er naturligt selvrensende og lugtneutraliserende. Uld er ogs\u00e5 allergivenligt og forhindrer v\u00e6kst af st\u00f8vmider - perfekt til babyer med f\u00f8lsom hud. De naturlige fibre sikrer et permanent friskt og hygiejnisk milj\u00f8 for din baby.<\/p>\n<h4 data-start=\"2426\" data-end=\"2444\">Specifikationer<\/h4>\n<ul data-start=\"2445\" data-end=\"2644\">\n<li data-start=\"2445\" data-end=\"2500\">\n<p data-start=\"2447\" data-end=\"2500\">M\u00e5l: 88 \/ 107 cm (justerbar) x 45 cm bred<\/p>\n<\/li>\n<li data-start=\"2501\" data-end=\"2528\">\n<p data-start=\"2503\" data-end=\"2528\">Velegnet til: 0-4 \u00e5r<\/p>\n<\/li>\n<li data-start=\"2529\" data-end=\"2576\">\n<p data-start=\"2531\" data-end=\"2576\">Udvendigt: 100% polyester (vandafvisende)<\/p>\n<\/li>\n<li data-start=\"2577\" data-end=\"2616\">\n<p data-start=\"2579\" data-end=\"2616\">Indvendigt: 100% f\u00e5reuld premium<\/p>\n<\/li>\n<li data-start=\"2617\" data-end=\"2644\">\n<p data-start=\"2619\" data-end=\"2644\">Fyld: 100% polyester<\/p>\n<\/li>\n<\/ul>\n<h4 data-start=\"2646\" data-end=\"2660\">Vedligeholdelse<\/h4>\n<p data-start=\"2661\" data-end=\"2852\">M\u00e5 ikke vaskes, ikke bleges, ikke stryges. M\u00e5 kun renses forsigtigt og t\u00f8rres fladt. Takket v\u00e6re uldens naturlige selvrensende egenskaber er hyppig reng\u00f8ring ikke n\u00f8dvendig.<\/p>","protected":false},"excerpt":{"rendered":"<p data-start=\"265\" data-end=\"310\"><strong data-start=\"265\" data-end=\"308\">Zaffiro uldfodpose - EverGrow beige<\/strong><\/p>\n<p data-start=\"312\" data-end=\"597\">Giv din baby varmen og trygheden fra naturlig uld. EverGrow uldfodluffer er foret med 100% f\u00e5reuld af h\u00f8j kvalitet, som naturligt regulerer temperaturen og \u00e5nder. S\u00e5 din baby har det altid behageligt - varmt om vinteren og luftigt i mildere vejr. Takket v\u00e6re det justerbare design vokser fodposen med dit barn, fra nyf\u00f8dt til sm\u00e5barn. Det vandafvisende yderlag beskytter mod vind, sne og regn, mens den bl\u00f8de uld indeni giver beroligende varme. EverGrow passer til n\u00e6sten alle barnevogne, klapvogne og autostole og er designet til hverdagsbrug - praktisk, holdbar og selvf\u00f8lgelig smuk.<\/p>\n<p data-start=\"177\" data-end=\"224\"><strong data-start=\"177\" data-end=\"222\">Hvorfor v\u00e6lge EverGrow-fodposen?<\/strong><\/p>\n<ul>\n<li data-start=\"227\" data-end=\"289\">100% naturlig f\u00e5reuld - varm, \u00e5ndbar og allergivenlig<\/li>\n<li data-start=\"227\" data-end=\"289\">Justerbar l\u00e6ngde - vokser fra baby til sm\u00e5b\u00f8rn (0-4 \u00e5r)<\/li>\n<li data-start=\"227\" data-end=\"289\">Vand- og smudsafvisende yderlag - ideelt til alle \u00e5rstider<\/li>\n<li data-start=\"227\" data-end=\"289\">Passer til stort set alle vogne, barnevogne og autostole<\/li>\n<\/ul>\n<p><strong>M\u00e6rke: Zaffiro<\/strong><br \/>\n<strong>Produktion: Polen<br \/>\nKeur: Oeko-Tex Standard<\/strong><\/p>\n<p><img loading=\"lazy\" decoding=\"async\" class=\"alignnone wp-image-28173 entered lazyloaded\" src=\"https:\/\/woolskins.eu\/wp-content\/uploads\/2024\/05\/csm_OEKO-TEX_Logo_2022_rgb_c1aaeb5ceb-300x300.jpg\" alt=\"\" width=\"89\" height=\"89\" data-lazy-src=\"https:\/\/woolskins.eu\/wp-content\/uploads\/2024\/05\/csm_OEKO-TEX_Logo_2022_rgb_c1aaeb5ceb-300x300.jpg\" data-ll-status=\"loaded\" srcset=\"https:\/\/woolskins.eu\/wp-content\/uploads\/2024\/05\/csm_OEKO-TEX_Logo_2022_rgb_c1aaeb5ceb-300x300.jpg 300w, https:\/\/woolskins.eu\/wp-content\/uploads\/2024\/05\/csm_OEKO-TEX_Logo_2022_rgb_c1aaeb5ceb-150x150.jpg 150w, https:\/\/woolskins.eu\/wp-content\/uploads\/2024\/05\/csm_OEKO-TEX_Logo_2022_rgb_c1aaeb5ceb-768x769.jpg 768w, https:\/\/woolskins.eu\/wp-content\/uploads\/2024\/05\/csm_OEKO-TEX_Logo_2022_rgb_c1aaeb5ceb-12x12.jpg 12w, https:\/\/woolskins.eu\/wp-content\/uploads\/2024\/05\/csm_OEKO-TEX_Logo_2022_rgb_c1aaeb5ceb-600x601.jpg 600w, https:\/\/woolskins.eu\/wp-content\/uploads\/2024\/05\/csm_OEKO-TEX_Logo_2022_rgb_c1aaeb5ceb-100x100.jpg 100w, https:\/\/woolskins.eu\/wp-content\/uploads\/2024\/05\/csm_OEKO-TEX_Logo_2022_rgb_c1aaeb5ceb-64x64.jpg 64w, https:\/\/woolskins.eu\/wp-content\/uploads\/2024\/05\/csm_OEKO-TEX_Logo_2022_rgb_c1aaeb5ceb.jpg 885w\" sizes=\"auto, (max-width: 89px) 100vw, 89px\" \/><\/p>","protected":false},"featured_media":26724,"comment_status":"open","ping_status":"closed","template":"","meta":{"_acf_changed":false},"product_brand":[],"product_cat":[499,360,364,352,196,336,502],"product_tag":[],"class_list":{"0":"post-26717","1":"product","2":"type-product","3":"status-publish","4":"has-post-thumbnail","6":"product_cat-new-arrivals","7":"product_cat-cadeautips","8":"product_cat-cadeaus-vanaf-e50","9":"product_cat-merken","10":"product_cat-slaapkleding-baby","11":"product_cat-voetenzakken","12":"product_cat-zaffiro","14":"first","15":"instock","16":"taxable","17":"shipping-taxable","18":"purchasable","19":"product-type-simple"},"acf":[],"_links":{"self":[{"href":"https:\/\/woolskins.eu\/da\/wp-json\/wp\/v2\/product\/26717","targetHints":{"allow":["GET"]}}],"collection":[{"href":"https:\/\/woolskins.eu\/da\/wp-json\/wp\/v2\/product"}],"about":[{"href":"https:\/\/woolskins.eu\/da\/wp-json\/wp\/v2\/types\/product"}],"replies":[{"embeddable":true,"href":"https:\/\/woolskins.eu\/da\/wp-json\/wp\/v2\/comments?post=26717"}],"wp:featuredmedia":[{"embeddable":true,"href":"https:\/\/woolskins.eu\/da\/wp-json\/wp\/v2\/media\/26724"}],"wp:attachment":[{"href":"https:\/\/woolskins.eu\/da\/wp-json\/wp\/v2\/media?parent=26717"}],"wp:term":[{"taxonomy":"product_brand","embeddable":true,"href":"https:\/\/woolskins.eu\/da\/wp-json\/wp\/v2\/product_brand?post=26717"},{"taxonomy":"product_cat","embeddable":true,"href":"https:\/\/woolskins.eu\/da\/wp-json\/wp\/v2\/product_cat?post=26717"},{"taxonomy":"product_tag","embeddable":true,"href":"https:\/\/woolskins.eu\/da\/wp-json\/wp\/v2\/product_tag?post=26717"}],"curies":[{"name":"wp","href":"https:\/\/api.w.org\/{rel}","templated":true}]}}