{"id":26677,"date":"2025-10-07T12:00:11","date_gmt":"2025-10-07T12:00:11","guid":{"rendered":"https:\/\/woolskins.eu\/?post_type=product&#038;p=26677"},"modified":"2026-01-10T08:51:27","modified_gmt":"2026-01-10T08:51:27","slug":"uldvanter-til-barn-3-5-ar-zaffiro-filtet-beige","status":"publish","type":"product","link":"https:\/\/woolskins.eu\/da\/wollen-wanten-voor-kind-3-5-jaar-zaffiro-felted-beige\/","title":{"rendered":"Uldvanter til barn 3-5 \u00e5r - Zaffiro | Filtet beige"},"content":{"rendered":"<h5>Uldvanter til b\u00f8rn p\u00e5 3-5 \u00e5r - Zaffiro<\/h5>\n<p>Houd de kleine handjes warm en comfortabel met de wollen wanten van Zaffiro. Deze schattige wantjes zijn ideaal voor koude dagen en gemaakt van zachte, natuurlijke felted premium wol, die vriendelijk is voor de gevoelige huid van je kindje.\u00a0Dankzij het <strong data-start=\"318\" data-end=\"337\">handige koortje<\/strong> blijven de wantjes bij elkaar en raak je ze <strong data-start=\"382\" data-end=\"417\">veel minder snel kwijt onderweg<\/strong> \u2013 superpraktisch tijdens wandelingen of uitstapjes. De wollen wanten bieden uitstekende isolatie en zijn geschikt voor kindjes van 3 tot 5 jaar.<\/p>\n<p>Et par funktioner:<\/p>\n<ul>\n<li>Varme: Uld isolerer naturligt og holder din babys h\u00e6nder dejlig varme selv i det koldeste vejr.<\/li>\n<li>Bl\u00f8dhed: Vanterne er lavet af luksuri\u00f8st bl\u00f8dt uld, der ikke vil irritere din babys hud.<\/li>\n<li>\u00c5ndbarhed: Uld er naturligt \u00e5ndbart og holder din babys h\u00e6nder behagelige og svedfri.<\/li>\n<li>Nem at tage af og p\u00e5: Vanterne har en manchet, s\u00e5 de er nemme at tage p\u00e5 og af, selv for vrikkende sm\u00e5.<\/li>\n<li>Vanterne kan nemt kombineres med alle andre produkter fra vores Filted kollektion.<\/li>\n<\/ul>\n<p data-sourcepos=\"5:1-5:57\">St\u00f8rrelse: 3-5 \u00e5r.<\/p>\n<h5>Zaffiro<\/h5>\n<p>Zaffiro-virksomheden er en polsk familievirksomhed. Siden vores begyndelse i 1989 har vi specialiseret os i produktion af baby- og b\u00f8rneprodukter, og det meste af det, vi producerer, eksporteres til mere end 40 lande. Vi skabte Zaffiro-m\u00e6rket for at promovere produkter, der st\u00f8tter for\u00e6ldre, der er opm\u00e6rksomme p\u00e5 vigtigheden af intimitet og binding til deres baby fra de f\u00f8rste timer efter f\u00f8dslen. Vi fremmer konceptet med at b\u00e6re b\u00f8rn &#039;hjerte udenad&#039; i sejl og b\u00e6reseler, genintroducere, genopdage og udvikle tidligere generationers kloge tradition under hensyntagen til nutidig psykologisk forskning.<\/p>","protected":false},"excerpt":{"rendered":"<p>Houd de kleine handjes warm en comfortabel met de wollen wanten van Zaffiro. Deze schattige wantjes zijn ideaal voor koude dagen en gemaakt van zachte, natuurlijke felted premium wol, die vriendelijk is voor de gevoelige huid van je kindje.\u00a0Dankzij het <strong data-start=\"318\" data-end=\"337\">handige koortje<\/strong> blijven de wantjes bij elkaar en raak je ze <strong data-start=\"382\" data-end=\"417\">veel minder snel kwijt onderweg<\/strong> \u2013 superpraktisch tijdens wandelingen of uitstapjes. De wollen wanten bieden uitstekende isolatie en zijn geschikt voor kindjes van 3 tot 5 jaar.<\/p>\n<div class=\"woocommerce-product-details__short-description\">\n<p><strong>M\u00e6rke: Zaffiro<\/strong><br \/>\n<strong>Produktion: Polen<br \/>\nKeur: Oeko-Tex Standard<\/strong><\/p>\n<p><img loading=\"lazy\" decoding=\"async\" class=\"alignnone wp-image-28173 entered lazyloaded\" src=\"https:\/\/woolskins.eu\/wp-content\/uploads\/2024\/05\/csm_OEKO-TEX_Logo_2022_rgb_c1aaeb5ceb-300x300.jpg\" alt=\"\" width=\"89\" height=\"89\" data-lazy-src=\"https:\/\/woolskins.eu\/wp-content\/uploads\/2024\/05\/csm_OEKO-TEX_Logo_2022_rgb_c1aaeb5ceb-300x300.jpg\" data-ll-status=\"loaded\" srcset=\"https:\/\/woolskins.eu\/wp-content\/uploads\/2024\/05\/csm_OEKO-TEX_Logo_2022_rgb_c1aaeb5ceb-300x300.jpg 300w, https:\/\/woolskins.eu\/wp-content\/uploads\/2024\/05\/csm_OEKO-TEX_Logo_2022_rgb_c1aaeb5ceb-150x150.jpg 150w, https:\/\/woolskins.eu\/wp-content\/uploads\/2024\/05\/csm_OEKO-TEX_Logo_2022_rgb_c1aaeb5ceb-768x769.jpg 768w, https:\/\/woolskins.eu\/wp-content\/uploads\/2024\/05\/csm_OEKO-TEX_Logo_2022_rgb_c1aaeb5ceb-12x12.jpg 12w, https:\/\/woolskins.eu\/wp-content\/uploads\/2024\/05\/csm_OEKO-TEX_Logo_2022_rgb_c1aaeb5ceb-600x601.jpg 600w, https:\/\/woolskins.eu\/wp-content\/uploads\/2024\/05\/csm_OEKO-TEX_Logo_2022_rgb_c1aaeb5ceb-100x100.jpg 100w, https:\/\/woolskins.eu\/wp-content\/uploads\/2024\/05\/csm_OEKO-TEX_Logo_2022_rgb_c1aaeb5ceb-64x64.jpg 64w, https:\/\/woolskins.eu\/wp-content\/uploads\/2024\/05\/csm_OEKO-TEX_Logo_2022_rgb_c1aaeb5ceb.jpg 885w\" sizes=\"auto, (max-width: 89px) 100vw, 89px\" \/><\/p>\n<\/div>","protected":false},"featured_media":20252,"comment_status":"open","ping_status":"closed","template":"","meta":{"_acf_changed":false},"product_brand":[],"product_cat":[502,345,361,362,200,196,346],"product_tag":[],"class_list":{"0":"post-26677","1":"product","2":"type-product","3":"status-publish","4":"has-post-thumbnail","6":"product_cat-zaffiro","7":"product_cat-accessoires","8":"product_cat-babyshower","9":"product_cat-cadeaus-tot-e-25","10":"product_cat-wollen-babykleding","11":"product_cat-slaapkleding-baby","12":"product_cat-mutsjesensjaaltjes","14":"first","15":"instock","16":"taxable","17":"shipping-taxable","18":"purchasable","19":"product-type-simple"},"acf":[],"_links":{"self":[{"href":"https:\/\/woolskins.eu\/da\/wp-json\/wp\/v2\/product\/26677","targetHints":{"allow":["GET"]}}],"collection":[{"href":"https:\/\/woolskins.eu\/da\/wp-json\/wp\/v2\/product"}],"about":[{"href":"https:\/\/woolskins.eu\/da\/wp-json\/wp\/v2\/types\/product"}],"replies":[{"embeddable":true,"href":"https:\/\/woolskins.eu\/da\/wp-json\/wp\/v2\/comments?post=26677"}],"wp:featuredmedia":[{"embeddable":true,"href":"https:\/\/woolskins.eu\/da\/wp-json\/wp\/v2\/media\/20252"}],"wp:attachment":[{"href":"https:\/\/woolskins.eu\/da\/wp-json\/wp\/v2\/media?parent=26677"}],"wp:term":[{"taxonomy":"product_brand","embeddable":true,"href":"https:\/\/woolskins.eu\/da\/wp-json\/wp\/v2\/product_brand?post=26677"},{"taxonomy":"product_cat","embeddable":true,"href":"https:\/\/woolskins.eu\/da\/wp-json\/wp\/v2\/product_cat?post=26677"},{"taxonomy":"product_tag","embeddable":true,"href":"https:\/\/woolskins.eu\/da\/wp-json\/wp\/v2\/product_tag?post=26677"}],"curies":[{"name":"wp","href":"https:\/\/api.w.org\/{rel}","templated":true}]}}