{"id":26227,"date":"2025-09-16T13:23:05","date_gmt":"2025-09-16T13:23:05","guid":{"rendered":"https:\/\/woolskins.eu\/?post_type=product&#038;p=26227"},"modified":"2025-11-06T14:07:19","modified_gmt":"2025-11-06T14:07:19","slug":"merino-baby-starter-kit-gaveaeske-lyserod","status":"publish","type":"product","link":"https:\/\/woolskins.eu\/da\/merino-baby-starterset-geschenkdoos-vaalroze\/","title":{"rendered":"Merino Baby Starter Set + gave\u00e6ske | lyser\u00f8d"},"content":{"rendered":"<p data-start=\"187\" data-end=\"259\"><strong data-start=\"187\" data-end=\"259\">Det ultimative uldne babys\u00e6t - bl\u00f8dt, naturligt og lavet med k\u00e6rlighed<\/strong><\/p>\n<p data-start=\"261\" data-end=\"586\">Giv din lille baby den allerbedste komfort med dette komplette babys\u00e6t i uld, der best\u00e5r af en superbl\u00f8d <em data-start=\"365\" data-end=\"386\">Babybukser i uld<\/em>, en vidunderlig varm <em data-start=\"406\" data-end=\"427\">Babytr\u00f8je i uld<\/em> og en hyggelig <em data-start=\"440\" data-end=\"458\">Vugget\u00e6ppe i uld<\/em>. Alt sammen fremstillet af 100% bl\u00f8d merinould fra Italien med fokus p\u00e5 kvalitet, holdbarhed og dit barns velbefindende.<\/p>\n<p data-start=\"588\" data-end=\"947\">Dette s\u00e6t er perfekt skr\u00e6ddersyet til at holde din baby komfortabel og sikker hele \u00e5ret rundt. Merinoulden fra Europa giver en naturlig temperaturregulering, \u00e5nder ekstremt godt og er sk\u00e5nsom mod babys mest f\u00f8lsomme hud. Uanset om den lille sover, kravler eller leger, vil dette ulds\u00e6t altid f\u00e5 ham eller hende til at f\u00f8le sig dejlig fri og varm.<\/p>\n<p data-start=\"949\" data-end=\"983\"><strong data-start=\"949\" data-end=\"981\">Hvorfor dette uldne babys\u00e6t?<\/strong><\/p>\n<ul data-start=\"984\" data-end=\"1560\">\n<li data-start=\"984\" data-end=\"1097\">\n<p data-start=\"986\" data-end=\"1097\"><strong data-start=\"986\" data-end=\"1019\">Superbl\u00f8d og hudvenlig<\/strong>: fin italiensk merinould svier ikke og f\u00f8les som en bl\u00f8d omfavnelse<\/p>\n<\/li>\n<li data-start=\"1098\" data-end=\"1196\">\n<p data-start=\"1100\" data-end=\"1196\"><strong data-start=\"1100\" data-end=\"1136\">\u00c5ndbar og temperaturregulerende<\/strong>: holder din baby varm uden at overophede, p\u00e5 alle \u00e5rstider<\/p>\n<\/li>\n<li data-start=\"1197\" data-end=\"1291\">\n<p data-start=\"1199\" data-end=\"1291\"><strong data-start=\"1199\" data-end=\"1232\">B\u00e6redygtig og milj\u00f8venlig<\/strong>: fremstillet i Europa med respekt for mennesker, dyr og natur<\/p>\n<\/li>\n<li data-start=\"1292\" data-end=\"1454\">\n<p data-start=\"1294\" data-end=\"1454\"><strong data-start=\"1294\" data-end=\"1325\">Multifunktionel og praktisk<\/strong>: Vugget\u00e6ppet er let og nemt at b\u00e6re, underdelen og tr\u00f8jen passer perfekt til din babys bev\u00e6gelser og v\u00e6kst.<\/p>\n<\/li>\n<li data-start=\"1455\" data-end=\"1560\">\n<p data-start=\"1457\" data-end=\"1560\"><strong data-start=\"1457\" data-end=\"1485\">Let at vedligeholde<\/strong>: Ulden er selvrensende og lugtbestandig, s\u00e5 du skal vaske mindre ofte<\/p>\n<\/li>\n<\/ul>\n<p data-start=\"1562\" data-end=\"1761\"><strong data-start=\"1562\" data-end=\"1585\">Eksklusiv fordel:<\/strong> K\u00f8b hele s\u00e6ttet og f\u00e5 en attraktiv rabat! P\u00e5 den m\u00e5de sparer du ikke kun p\u00e5 prisen, men giver ogs\u00e5 din baby et smukt, naturligt og b\u00e6redygtigt starts\u00e6t.<\/p>\n<p data-start=\"1763\" data-end=\"1957\">Dette babys\u00e6t i uld er et k\u00e6rligt og praktisk valg for for\u00e6ldre, der g\u00e5r op i kvalitet, komfort og en sund start for deres barn. Kombiner stil, bekvemmelighed og ren natur i \u00e9n pakke.<\/p>","protected":false},"excerpt":{"rendered":"<p><strong data-start=\"109\" data-end=\"195\">Komplet babys\u00e6t i uld fra 100% italiensk merinould - bl\u00f8dt, varmt og naturligt<\/strong><br data-start=\"195\" data-end=\"198\" \/>Dette s\u00e6t indeholder en uldunderdel, en tr\u00f8je og et vugget\u00e6ppe, alt sammen fremstillet af bl\u00f8d merinould fra Italien. \u00c5ndbart, temperaturregulerende og perfekt til f\u00f8lsom babyhud. Praktisk, multifunktionelt og b\u00e6redygtigt produceret i Europa. Udnyt rabatten nu, n\u00e5r du k\u00f8ber hele s\u00e6ttet!<br data-start=\"500\" data-end=\"503\" \/><em data-start=\"503\" data-end=\"587\">Pakket specielt til dig i vores smukke gave\u00e6ske - perfekt til gaver.<\/em><\/p>\n<p><strong>M\u00e6rke: Woolskins<\/strong><br \/>\n<strong>Produktion: Polen<\/strong><\/p>","protected":false},"featured_media":26230,"comment_status":"open","ping_status":"closed","template":"","meta":{"_acf_changed":false},"product_brand":[],"product_cat":[499,360,364,200,196,322,337,344,194],"product_tag":[],"class_list":{"0":"post-26227","1":"product","2":"type-product","3":"status-publish","4":"has-post-thumbnail","6":"product_cat-new-arrivals","7":"product_cat-cadeautips","8":"product_cat-cadeaus-vanaf-e50","9":"product_cat-wollen-babykleding","10":"product_cat-slaapkleding-baby","11":"product_cat-broekjes","12":"product_cat-vestjes","13":"product_cat-kleertjes","14":"product_cat-wollen-babyproducten","15":"pa_maat-2-6-maanden","16":"pa_maat-6-12-maanden","18":"first","19":"instock","20":"sale","21":"taxable","22":"shipping-taxable","23":"purchasable","24":"product-type-variable"},"acf":[],"_links":{"self":[{"href":"https:\/\/woolskins.eu\/da\/wp-json\/wp\/v2\/product\/26227","targetHints":{"allow":["GET"]}}],"collection":[{"href":"https:\/\/woolskins.eu\/da\/wp-json\/wp\/v2\/product"}],"about":[{"href":"https:\/\/woolskins.eu\/da\/wp-json\/wp\/v2\/types\/product"}],"replies":[{"embeddable":true,"href":"https:\/\/woolskins.eu\/da\/wp-json\/wp\/v2\/comments?post=26227"}],"wp:featuredmedia":[{"embeddable":true,"href":"https:\/\/woolskins.eu\/da\/wp-json\/wp\/v2\/media\/26230"}],"wp:attachment":[{"href":"https:\/\/woolskins.eu\/da\/wp-json\/wp\/v2\/media?parent=26227"}],"wp:term":[{"taxonomy":"product_brand","embeddable":true,"href":"https:\/\/woolskins.eu\/da\/wp-json\/wp\/v2\/product_brand?post=26227"},{"taxonomy":"product_cat","embeddable":true,"href":"https:\/\/woolskins.eu\/da\/wp-json\/wp\/v2\/product_cat?post=26227"},{"taxonomy":"product_tag","embeddable":true,"href":"https:\/\/woolskins.eu\/da\/wp-json\/wp\/v2\/product_tag?post=26227"}],"curies":[{"name":"wp","href":"https:\/\/api.w.org\/{rel}","templated":true}]}}