{"id":26020,"date":"2025-09-05T10:24:39","date_gmt":"2025-09-05T10:24:39","guid":{"rendered":"https:\/\/woolskins.eu\/?post_type=product&#038;p=26020"},"modified":"2026-03-02T10:53:44","modified_gmt":"2026-03-02T10:53:44","slug":"uldvanter-til-barn-1-3-ar-zaffiro-filtet-valnod","status":"publish","type":"product","link":"https:\/\/woolskins.eu\/da\/wollen-wanten-voor-kind-1-3-jaar-zaffiro-felted-walnoot\/","title":{"rendered":"Uldvanter til barn 1-3 \u00e5r - Zaffiro | Filtet hasseln\u00f8d"},"content":{"rendered":"<h5>Uldvanter til b\u00f8rn 1-3 \u00e5r \u2013 Zaffiro<\/h5>\n<p>Hold sm\u00e5 h\u00e6nder dejlig varme og behagelige med Zaffiro uldvanterne. Disse s\u00f8de uldvanter er den perfekte m\u00e5de at holde dit barns h\u00e6nder varme p\u00e5 p\u00e5 kolde dage. De uldne b\u00f8rnevanter er udstyret med en handy elastik, der sikrer, at vanterne bliver p\u00e5 plads. De er lavet af bl\u00f8d, naturlig filtet premium uld og er sk\u00e5nsomme mod dit barns f\u00f8lsomme hud. Uldvanterne giver fremragende isolering, og takket v\u00e6re den praktiske blonde vil du ikke nemt miste vanterne.<\/p>\n<p>Et par funktioner:<\/p>\n<ul>\n<li>Varme: Uld isolerer naturligt og holder din babys h\u00e6nder dejlig varme selv i det koldeste vejr.<\/li>\n<li>Bl\u00f8dhed: Vanterne er lavet af luksuri\u00f8st bl\u00f8dt uld, der ikke vil irritere din babys hud.<\/li>\n<li>\u00c5ndbarhed: Uld er naturligt \u00e5ndbart og holder din babys h\u00e6nder behagelige og svedfri.<\/li>\n<li>Nem at tage af og p\u00e5: Vanterne har en manchet, s\u00e5 de er nemme at tage p\u00e5 og af, selv for vrikkende sm\u00e5.<\/li>\n<li>Vanterne kan nemt kombineres med alle andre produkter fra vores Filted kollektion.<\/li>\n<\/ul>\n<p data-sourcepos=\"5:1-5:57\">Maat: 1-3 jaar.<\/p>\n<h5>Zaffiro<\/h5>\n<p>Zaffiro-virksomheden er en polsk familievirksomhed. Siden vores begyndelse i 1989 har vi specialiseret os i produktion af baby- og b\u00f8rneprodukter, og det meste af det, vi producerer, eksporteres til mere end 40 lande. Vi skabte Zaffiro-m\u00e6rket for at promovere produkter, der st\u00f8tter for\u00e6ldre, der er opm\u00e6rksomme p\u00e5 vigtigheden af intimitet og binding til deres baby fra de f\u00f8rste timer efter f\u00f8dslen. Vi fremmer konceptet med at b\u00e6re b\u00f8rn &#039;hjerte udenad&#039; i sejl og b\u00e6reseler, genintroducere, genopdage og udvikle tidligere generationers kloge tradition under hensyntagen til nutidig psykologisk forskning.<\/p>","protected":false},"excerpt":{"rendered":"<p>Hold sm\u00e5 h\u00e6nder dejlig varme og behagelige med Zaffiro uldvanterne. Disse s\u00f8de uldvanter er den perfekte m\u00e5de at holde dit barns h\u00e6nder varme p\u00e5 p\u00e5 kolde dage. De uldne b\u00f8rnevanter er udstyret med en handy elastik, der sikrer, at vanterne bliver p\u00e5 plads. De er lavet af bl\u00f8d, naturlig filtet premium uld og er sk\u00e5nsomme mod dit barns f\u00f8lsomme hud. Uldvanterne giver fremragende isolering, og takket v\u00e6re den praktiske blonde vil du ikke nemt miste vanterne. Velegnet til b\u00f8rn fra 1 til 3 \u00e5r.<\/p>\n<div class=\"woocommerce-product-details__short-description\">\n<p><strong>M\u00e6rke: Zaffiro<\/strong><br \/>\n<strong>Produktion: Polen<br \/>\nKeur: Oeko-Tex Standard<\/strong><\/p>\n<p><img loading=\"lazy\" decoding=\"async\" class=\"alignnone wp-image-28173 entered lazyloaded\" src=\"https:\/\/woolskins.eu\/wp-content\/uploads\/2024\/05\/csm_OEKO-TEX_Logo_2022_rgb_c1aaeb5ceb-300x300.jpg\" alt=\"\" width=\"89\" height=\"89\" data-lazy-src=\"https:\/\/woolskins.eu\/wp-content\/uploads\/2024\/05\/csm_OEKO-TEX_Logo_2022_rgb_c1aaeb5ceb-300x300.jpg\" data-ll-status=\"loaded\" srcset=\"https:\/\/woolskins.eu\/wp-content\/uploads\/2024\/05\/csm_OEKO-TEX_Logo_2022_rgb_c1aaeb5ceb-300x300.jpg 300w, https:\/\/woolskins.eu\/wp-content\/uploads\/2024\/05\/csm_OEKO-TEX_Logo_2022_rgb_c1aaeb5ceb-150x150.jpg 150w, https:\/\/woolskins.eu\/wp-content\/uploads\/2024\/05\/csm_OEKO-TEX_Logo_2022_rgb_c1aaeb5ceb-768x769.jpg 768w, https:\/\/woolskins.eu\/wp-content\/uploads\/2024\/05\/csm_OEKO-TEX_Logo_2022_rgb_c1aaeb5ceb-12x12.jpg 12w, https:\/\/woolskins.eu\/wp-content\/uploads\/2024\/05\/csm_OEKO-TEX_Logo_2022_rgb_c1aaeb5ceb-600x601.jpg 600w, https:\/\/woolskins.eu\/wp-content\/uploads\/2024\/05\/csm_OEKO-TEX_Logo_2022_rgb_c1aaeb5ceb-100x100.jpg 100w, https:\/\/woolskins.eu\/wp-content\/uploads\/2024\/05\/csm_OEKO-TEX_Logo_2022_rgb_c1aaeb5ceb-64x64.jpg 64w, https:\/\/woolskins.eu\/wp-content\/uploads\/2024\/05\/csm_OEKO-TEX_Logo_2022_rgb_c1aaeb5ceb.jpg 885w\" sizes=\"auto, (max-width: 89px) 100vw, 89px\" \/><\/p>\n<\/div>","protected":false},"featured_media":26022,"comment_status":"open","ping_status":"closed","template":"","meta":{"_acf_changed":false},"product_brand":[],"product_cat":[502,345,361,362,200,499,196,346],"product_tag":[],"class_list":{"0":"post-26020","1":"product","2":"type-product","3":"status-publish","4":"has-post-thumbnail","6":"product_cat-zaffiro","7":"product_cat-accessoires","8":"product_cat-babyshower","9":"product_cat-cadeaus-tot-e-25","10":"product_cat-wollen-babykleding","11":"product_cat-new-arrivals","12":"product_cat-slaapkleding-baby","13":"product_cat-mutsjesensjaaltjes","15":"first","16":"instock","17":"taxable","18":"shipping-taxable","19":"purchasable","20":"product-type-simple"},"acf":[],"_links":{"self":[{"href":"https:\/\/woolskins.eu\/da\/wp-json\/wp\/v2\/product\/26020","targetHints":{"allow":["GET"]}}],"collection":[{"href":"https:\/\/woolskins.eu\/da\/wp-json\/wp\/v2\/product"}],"about":[{"href":"https:\/\/woolskins.eu\/da\/wp-json\/wp\/v2\/types\/product"}],"replies":[{"embeddable":true,"href":"https:\/\/woolskins.eu\/da\/wp-json\/wp\/v2\/comments?post=26020"}],"wp:featuredmedia":[{"embeddable":true,"href":"https:\/\/woolskins.eu\/da\/wp-json\/wp\/v2\/media\/26022"}],"wp:attachment":[{"href":"https:\/\/woolskins.eu\/da\/wp-json\/wp\/v2\/media?parent=26020"}],"wp:term":[{"taxonomy":"product_brand","embeddable":true,"href":"https:\/\/woolskins.eu\/da\/wp-json\/wp\/v2\/product_brand?post=26020"},{"taxonomy":"product_cat","embeddable":true,"href":"https:\/\/woolskins.eu\/da\/wp-json\/wp\/v2\/product_cat?post=26020"},{"taxonomy":"product_tag","embeddable":true,"href":"https:\/\/woolskins.eu\/da\/wp-json\/wp\/v2\/product_tag?post=26020"}],"curies":[{"name":"wp","href":"https:\/\/api.w.org\/{rel}","templated":true}]}}