{"id":25978,"date":"2025-09-02T13:06:34","date_gmt":"2025-09-02T13:06:34","guid":{"rendered":"https:\/\/woolskins.eu\/?post_type=product&#038;p=25978"},"modified":"2026-05-13T12:08:19","modified_gmt":"2026-05-13T12:08:19","slug":"woolskins-blode-elastiske-hjemmesko","status":"publish","type":"product","link":"https:\/\/woolskins.eu\/da\/woolskins-wolknuffel-slofjes-zacht-elastisch\/","title":{"rendered":"Woolskins Wool Cuddly Shoes | Bl\u00f8de og str\u00e6kbare"},"content":{"rendered":"<p data-start=\"0\" data-end=\"79\"><strong data-start=\"0\" data-end=\"77\">Woolskins Wool Baby Slippers - bl\u00f8de, elastiske og altid med perfekt pasform<\/strong><\/p>\n<p data-start=\"81\" data-end=\"467\">Hold din babys sm\u00e5 f\u00f8dder varme og sikre med <strong data-start=\"140\" data-end=\"176\">Babyhjemmesko i uld fra Woolskins<\/strong>. Fremstillet af <strong data-start=\"190\" data-end=\"226\">elastik, 100% naturlig uld<\/strong> Disse hjemmesko lukker altid bl\u00f8dt og behageligt om f\u00f8dderne uden at klemme. Takket v\u00e6re deres naturlige elasticitet forbliver de <strong data-start=\"357\" data-end=\"375\">sidde perfekt<\/strong>, selv med de mest adr\u00e6tte babyer - og er stadig nemme at tage af og p\u00e5.<\/p>\n<p data-start=\"469\" data-end=\"743\">Denne s\u00f8de <strong data-start=\"484\" data-end=\"502\">hjemmesko i uld<\/strong> Desuden kan de b\u00e6res p\u00e5 to m\u00e5der: med kanten <strong data-start=\"561\" data-end=\"575\">vendt<\/strong> For en klassisk og kortere model, eller bare <strong data-start=\"620\" data-end=\"637\">uden d\u00e6ksel<\/strong> for en ekstra hyggelig, h\u00f8j hjemmesko. S\u00e5 du nemt kan justere dem, uanset om du hygger dig derhjemme eller er p\u00e5 farten.<\/p>\n<p data-start=\"745\" data-end=\"814\"><strong data-start=\"745\" data-end=\"812\">Hvorfor m\u00f8dre v\u00e6lger Woolskins babyt\u00f8fler i uld:<\/strong><\/p>\n<ul data-start=\"815\" data-end=\"1238\">\n<li data-start=\"815\" data-end=\"910\">\n<p data-start=\"817\" data-end=\"910\"><strong data-start=\"817\" data-end=\"835\">Elastisk uld<\/strong>: let at tage p\u00e5 og bliver siddende selv med aktive f\u00f8dder<\/p>\n<\/li>\n<li data-start=\"911\" data-end=\"964\">\n<p data-start=\"913\" data-end=\"964\"><strong data-start=\"913\" data-end=\"940\">To m\u00e5der at b\u00e6re p\u00e5<\/strong>: med eller uden l\u00e5g<\/p>\n<\/li>\n<li data-start=\"965\" data-end=\"1041\">\n<p data-start=\"967\" data-end=\"1041\"><strong data-start=\"967\" data-end=\"1001\">100% naturlig, europ\u00e6isk uld<\/strong> - Holdbar, sikker og hudvenlig<\/p>\n<\/li>\n<li data-start=\"1042\" data-end=\"1143\">\n<p data-start=\"1044\" data-end=\"1143\"><strong data-start=\"1044\" data-end=\"1083\">Varm om vinteren, k\u00f8lig om sommeren<\/strong> - takket v\u00e6re uldens temperaturregulerende egenskaber<\/p>\n<\/li>\n<li data-start=\"1144\" data-end=\"1238\">\n<p data-start=\"1146\" data-end=\"1238\"><strong data-start=\"1146\" data-end=\"1180\">Allergivenlig og selvrensende<\/strong> - ideel til f\u00f8lsomme babyf\u00f8dder og lav vedligeholdelse<\/p>\n<\/li>\n<\/ul>\n<p>St\u00f8rrelse: 3-6 m\u00e5neder (indvendig l\u00e6ngde 9 cm)<\/p>\n<p data-start=\"1240\" data-end=\"1487\">Uld har naturligvis mange fordele: Det er <strong data-start=\"1287\" data-end=\"1298\">\u00e5ndbar<\/strong>, <strong data-start=\"1300\" data-end=\"1325\">temperaturregulerende<\/strong> og <strong data-start=\"1329\" data-end=\"1344\">ultrabl\u00f8d<\/strong> for din babys sarte hud. S\u00e5 f\u00f8dderne altid har den rette temperatur og f\u00f8les t\u00f8rre og behagelige - p\u00e5 alle \u00e5rstider.<\/p>\n<p data-start=\"1489\" data-end=\"1672\">Med den <strong data-start=\"1496\" data-end=\"1532\">Babyhjemmesko i uld fra Woolskins<\/strong> Giv dit barn det bedste fra begge verdener: naturlig komfort og funktionalitet, pakket ind i et tidl\u00f8st, stilfuldt design.<\/p>","protected":false},"excerpt":{"rendered":"<p>Disse Woolskins babysutsko i uld er lavet af bl\u00f8d, elastisk 100% naturuld og bliver siddende perfekt, selv med trykbev\u00e6gelige babyf\u00f8dder. Takket v\u00e6re den elastiske uld er de nemme at tage af og p\u00e5 og ideelle til de mindste. Brug hjemmeskoene med eller uden vikle for et klassisk eller ekstra varmt look. Disse slidst\u00e6rke babyt\u00f8fler er temperaturregulerende, \u00e5ndbare og allergivenlige, s\u00e5 din babys f\u00f8dder altid er komfortable og beskyttede - perfekte til hverdagsbrug, hjemme eller p\u00e5 farten.<\/p>\n<p>St\u00f8rrelse: 3-6 m\u00e5neder (indvendig l\u00e6ngde 9 cm)<\/p>\n<p><strong>M\u00e6rke: Woolskins<\/strong><br \/>\n<strong>Produktion: Polen<\/strong><\/p>","protected":false},"featured_media":25982,"comment_status":"open","ping_status":"closed","template":"","meta":{"_acf_changed":false},"product_brand":[],"product_cat":[360,362,200,499,323,194],"product_tag":[],"class_list":{"0":"post-25978","1":"product","2":"type-product","3":"status-publish","4":"has-post-thumbnail","6":"product_cat-cadeautips","7":"product_cat-cadeaus-tot-e-25","8":"product_cat-wollen-babykleding","9":"product_cat-new-arrivals","10":"product_cat-slofjes","11":"product_cat-wollen-babyproducten","13":"first","14":"instock","15":"taxable","16":"shipping-taxable","17":"purchasable","18":"product-type-simple"},"acf":[],"_links":{"self":[{"href":"https:\/\/woolskins.eu\/da\/wp-json\/wp\/v2\/product\/25978","targetHints":{"allow":["GET"]}}],"collection":[{"href":"https:\/\/woolskins.eu\/da\/wp-json\/wp\/v2\/product"}],"about":[{"href":"https:\/\/woolskins.eu\/da\/wp-json\/wp\/v2\/types\/product"}],"replies":[{"embeddable":true,"href":"https:\/\/woolskins.eu\/da\/wp-json\/wp\/v2\/comments?post=25978"}],"wp:featuredmedia":[{"embeddable":true,"href":"https:\/\/woolskins.eu\/da\/wp-json\/wp\/v2\/media\/25982"}],"wp:attachment":[{"href":"https:\/\/woolskins.eu\/da\/wp-json\/wp\/v2\/media?parent=25978"}],"wp:term":[{"taxonomy":"product_brand","embeddable":true,"href":"https:\/\/woolskins.eu\/da\/wp-json\/wp\/v2\/product_brand?post=25978"},{"taxonomy":"product_cat","embeddable":true,"href":"https:\/\/woolskins.eu\/da\/wp-json\/wp\/v2\/product_cat?post=25978"},{"taxonomy":"product_tag","embeddable":true,"href":"https:\/\/woolskins.eu\/da\/wp-json\/wp\/v2\/product_tag?post=25978"}],"curies":[{"name":"wp","href":"https:\/\/api.w.org\/{rel}","templated":true}]}}