{"id":25921,"date":"2025-08-29T14:31:09","date_gmt":"2025-08-29T14:31:09","guid":{"rendered":"https:\/\/woolskins.eu\/?post_type=product&#038;p=25921"},"modified":"2025-12-17T13:01:00","modified_gmt":"2025-12-17T13:01:00","slug":"woolskins-uld-babyfrakke-kimono-jakke-thumbled-ecru","status":"publish","type":"product","link":"https:\/\/woolskins.eu\/da\/woolskins-wollen-babyjas-kimonojas-thumbled-ecru\/","title":{"rendered":"Woolskins Uldbabyfrakke - Kimono-frakke | Tumbled ecru"},"content":{"rendered":"<p data-start=\"0\" data-end=\"81\"><strong data-start=\"0\" data-end=\"79\">Woolskins Wollen Kimonojasje \u2013 zacht, warm en puur comfort voor je kleintje<\/strong><\/p>\n<p data-start=\"83\" data-end=\"355\">Pak din baby ind i varme og sikkerhed med\u00a0<strong data-start=\"132\" data-end=\"168\">Woolskins kimonojakke i uld<\/strong>. Denne s\u00f8de\u00a0<strong data-start=\"180\" data-end=\"200\">Babyjakke i uld<\/strong>\u00a0er specielt designet til m\u00f8dre, der vil have det allerbedste: en jakke, der er bl\u00f8d mod babys f\u00f8lsomme hud, behagelig at have p\u00e5 og ser godt ud.<\/p>\n<p data-start=\"357\" data-end=\"637\">Jakken har en\u00a0<strong data-start=\"377\" data-end=\"397\">dobbelt overlapning<\/strong>\u00a0som du blot lukker med de bl\u00f8de snore. S\u00e5 bliver den perfekt p\u00e5 plads, uanset om den lille ligger stille eller bev\u00e6ger sig lystigt. Ideel som\u00a0<strong data-start=\"536\" data-end=\"569\">Hyggelig badek\u00e5be efter badet<\/strong>\u00a0eller hvis\u00a0<strong data-start=\"577\" data-end=\"599\">Stilfuld overfrakke<\/strong>\u00a0til at have med p\u00e5 farten p\u00e5 k\u00f8lige dage. Den legesyge pose i form af en m\u00e5ne kan f.eks. rumme dit barns klud, s\u00e5 den altid er lige ved h\u00e5nden.<\/p>\n<p data-start=\"639\" data-end=\"975\">Fremstillet af\u00a0<strong>zuivere scheerwol<\/strong>, biedt dit jasje meer dan alleen zachtheid. Wol\u00a0<strong data-start=\"745\" data-end=\"754\">tr\u00e6kker vejret<\/strong>, er\u00a0<strong data-start=\"759\" data-end=\"784\">temperaturregulerende<\/strong>\u00a0og holder din baby varm om vinteren og k\u00f8lig om sommeren. Desuden er uld\u00a0<strong data-start=\"858\" data-end=\"875\">hypoallergenisk<\/strong>\u00a0og\u00a0<strong data-start=\"879\" data-end=\"896\">selvrensende<\/strong>\u00a0\u2013 perfect voor de tere huid van je kleintje \u00e9n praktisch voor drukke mama\u2019s.<\/p>\n<p data-start=\"977\" data-end=\"1036\"><strong data-start=\"977\" data-end=\"1034\">Hvorfor m\u00f8dre elsker Woolskins kimonojakke:<\/strong><\/p>\n<ul data-start=\"1037\" data-end=\"1352\">\n<li data-start=\"1037\" data-end=\"1097\">\n<p data-start=\"1039\" data-end=\"1097\">Smukt design med dobbelt klap og bl\u00f8de snore<\/p>\n<\/li>\n<li data-start=\"1098\" data-end=\"1156\">\n<p data-start=\"1100\" data-end=\"1156\">Vidunderligt bl\u00f8d og varm, velegnet til indend\u00f8rs og udend\u00f8rs brug<\/p>\n<\/li>\n<li data-start=\"1157\" data-end=\"1219\">\n<p data-start=\"1159\" data-end=\"1219\">Zuivere scheerwol met Oeko-Tex keur, Europese wol \u2013 veilig en huidvriendelijk<\/p>\n<\/li>\n<li data-start=\"1220\" data-end=\"1286\">\n<p data-start=\"1222\" data-end=\"1286\">Holder din baby komfortabel: varm om vinteren, k\u00f8lig om sommeren<\/p>\n<\/li>\n<li data-start=\"1287\" data-end=\"1352\">\n<p data-start=\"1289\" data-end=\"1352\">Hypoallergeen en zelfreinigend \u2013 minder wassen, meer genieten<\/p>\n<\/li>\n<li data-start=\"1287\" data-end=\"1352\">1 st\u00f8rrelse 12-24 m\u00e5neder (se m\u00e5l nedenfor)<\/li>\n<\/ul>\n<p data-start=\"1354\" data-end=\"1551\">Lad den lille blive omsluttet af uldens naturlige luksus. Denne\u00a0<strong data-start=\"1423\" data-end=\"1443\">Babyjakke i uld<\/strong>\u00a0er ikke kun en praktisk bekl\u00e6dningsgenstand, men ogs\u00e5 en tidl\u00f8s genstand, som du elsker at bruge hver dag.<\/p>\n<p data-start=\"0\" data-end=\"81\">.<\/p>\n<p data-start=\"1354\" data-end=\"1551\"><img loading=\"lazy\" decoding=\"async\" class=\"alignnone wp-image-25914\" src=\"https:\/\/woolskins.eu\/wp-content\/uploads\/2025\/08\/Afmetingen-Kimonojasje-Middel-300x300.png\" alt=\"Woolskins baby kimono jakke i uld\" width=\"339\" height=\"339\" srcset=\"https:\/\/woolskins.eu\/wp-content\/uploads\/2025\/08\/Afmetingen-Kimonojasje-Middel-300x300.png 300w, https:\/\/woolskins.eu\/wp-content\/uploads\/2025\/08\/Afmetingen-Kimonojasje-Middel-150x150.png 150w, https:\/\/woolskins.eu\/wp-content\/uploads\/2025\/08\/Afmetingen-Kimonojasje-Middel-768x765.png 768w, https:\/\/woolskins.eu\/wp-content\/uploads\/2025\/08\/Afmetingen-Kimonojasje-Middel-12x12.png 12w, https:\/\/woolskins.eu\/wp-content\/uploads\/2025\/08\/Afmetingen-Kimonojasje-Middel-600x598.png 600w, https:\/\/woolskins.eu\/wp-content\/uploads\/2025\/08\/Afmetingen-Kimonojasje-Middel-100x100.png 100w, https:\/\/woolskins.eu\/wp-content\/uploads\/2025\/08\/Afmetingen-Kimonojasje-Middel-64x64.png 64w, https:\/\/woolskins.eu\/wp-content\/uploads\/2025\/08\/Afmetingen-Kimonojasje-Middel.png 771w\" sizes=\"auto, (max-width: 339px) 100vw, 339px\" \/><\/p>","protected":false},"excerpt":{"rendered":"<p data-start=\"87\" data-end=\"443\">Dit wollen kimonojasje van Woolskins omhult je baby met natuurlijke warmte en geborgenheid. Dit zachte en stijlvolle jasje is perfect als wollen babyjas voor buiten of als knusse badjas voor binnen. Dankzij de dubbele overslag met zachte koortjes sluit het jasje altijd mooi aan en blijft het comfortabel zitten, of je kleintje nu rustig ligt of beweegt.<\/p>\n<p data-start=\"445\" data-end=\"828\" data-is-last-node=\"\" data-is-only-node=\"\">Fremstillet af\u00a0<strong>zuivere scheerwol <\/strong>is het jasje ademend en temperatuurregulerend: warm in de winter en verkoelend in de zomer. De wol is bovendien hypoallergeen en zelfreinigend, waardoor het extra zacht is voor de gevoelige babyhuid \u00e9n praktisch voor dagelijks gebruik. Zo voelt je baby zich in elk seizoen veilig, comfortabel en geborgen.<\/p>\n<p>St\u00f8rrelse: 12-24 m\u00e5neder (se produktbeskrivelsen for st\u00f8rrelse nedenfor)<\/p>\n<p>Nieuw binnen! Meer detailfoto\u2019s volgen. Voor vragen of meer details over dit product stuur ons een whatsapp op nummer +31202044557<\/p>\n<p><strong>M\u00e6rke: Woolskins<\/strong><br \/>\n<strong>Produktion: Polen<br \/>\n<\/strong><\/p>","protected":false},"featured_media":25922,"comment_status":"open","ping_status":"closed","template":"","meta":{"_acf_changed":false},"product_brand":[],"product_cat":[360,364,200,337,194],"product_tag":[],"class_list":{"0":"post-25921","1":"product","2":"type-product","3":"status-publish","4":"has-post-thumbnail","6":"product_cat-cadeautips","7":"product_cat-cadeaus-vanaf-e50","8":"product_cat-wollen-babykleding","9":"product_cat-vestjes","10":"product_cat-wollen-babyproducten","12":"first","13":"instock","14":"taxable","15":"shipping-taxable","16":"purchasable","17":"product-type-simple"},"acf":[],"_links":{"self":[{"href":"https:\/\/woolskins.eu\/da\/wp-json\/wp\/v2\/product\/25921","targetHints":{"allow":["GET"]}}],"collection":[{"href":"https:\/\/woolskins.eu\/da\/wp-json\/wp\/v2\/product"}],"about":[{"href":"https:\/\/woolskins.eu\/da\/wp-json\/wp\/v2\/types\/product"}],"replies":[{"embeddable":true,"href":"https:\/\/woolskins.eu\/da\/wp-json\/wp\/v2\/comments?post=25921"}],"wp:featuredmedia":[{"embeddable":true,"href":"https:\/\/woolskins.eu\/da\/wp-json\/wp\/v2\/media\/25922"}],"wp:attachment":[{"href":"https:\/\/woolskins.eu\/da\/wp-json\/wp\/v2\/media?parent=25921"}],"wp:term":[{"taxonomy":"product_brand","embeddable":true,"href":"https:\/\/woolskins.eu\/da\/wp-json\/wp\/v2\/product_brand?post=25921"},{"taxonomy":"product_cat","embeddable":true,"href":"https:\/\/woolskins.eu\/da\/wp-json\/wp\/v2\/product_cat?post=25921"},{"taxonomy":"product_tag","embeddable":true,"href":"https:\/\/woolskins.eu\/da\/wp-json\/wp\/v2\/product_tag?post=25921"}],"curies":[{"name":"wp","href":"https:\/\/api.w.org\/{rel}","templated":true}]}}