{"id":25516,"date":"2025-07-09T09:48:05","date_gmt":"2025-07-09T09:48:05","guid":{"rendered":"https:\/\/woolskins.eu\/?post_type=product&#038;p=25516"},"modified":"2025-09-26T09:35:22","modified_gmt":"2025-09-26T09:35:22","slug":"babyuldbukser-100-merinould-lysegra","status":"publish","type":"product","link":"https:\/\/woolskins.eu\/da\/wollen-babybroekje-100-merinowol-lichtgrijs\/","title":{"rendered":"Babyuldbukser 100% Merinould | Lysegr\u00e5"},"content":{"rendered":"<p data-start=\"261\" data-end=\"352\"><strong data-start=\"261\" data-end=\"352\">Bl\u00f8d, varm og naturlig - babybukserne i uld, der vil g\u00f8re dig og din baby glade<\/strong><\/p>\n<p data-start=\"354\" data-end=\"626\">Forestil dig, at din baby ruller, kravler eller sover i fred, dejligt varm og omsluttet af den bl\u00f8deste uld, du kan forestille dig. Denne <em data-start=\"494\" data-end=\"515\">Babybukser i uld<\/em>, lavet af 100% italiensk merinould, f\u00f8les som en anden hud - bl\u00f8d, \u00e5ndbar og helt naturlig.<\/p>\n<p data-start=\"628\" data-end=\"924\">Kun Europas fineste merinould fra Italien er blevet brugt til disse shorts. Merinould er ikke kun kendt for sin bl\u00f8dhed, men ogs\u00e5 for sine temperaturregulerende egenskaber: varm om vinteren, k\u00f8lig om sommeren. S\u00e5 din baby f\u00f8ler sig altid godt tilpas uden at svede eller blive afk\u00f8let.<\/p>\n<p data-start=\"926\" data-end=\"958\">Hvad g\u00f8r disse shorts til noget s\u00e6rligt:<\/p>\n<ul data-start=\"959\" data-end=\"1402\">\n<li data-start=\"959\" data-end=\"1050\">\n<p data-start=\"961\" data-end=\"1050\"><strong data-start=\"961\" data-end=\"980\">Bl\u00f8d og smidig<\/strong> - ingen kildren, men ren bl\u00f8dhed for babyens sarte hud<\/p>\n<\/li>\n<li data-start=\"1051\" data-end=\"1142\">\n<p data-start=\"1053\" data-end=\"1142\"><strong data-start=\"1053\" data-end=\"1089\">\u00c5ndbar og temperaturregulerende<\/strong> - din baby forbliver t\u00f8r og lun, dag og nat<\/p>\n<\/li>\n<li data-start=\"1143\" data-end=\"1223\">\n<p data-start=\"1145\" data-end=\"1223\"><strong data-start=\"1145\" data-end=\"1162\">Selvrensende<\/strong> - En hurtig udluftning er ofte nok, ideelt til travle dage<\/p>\n<\/li>\n<li data-start=\"1224\" data-end=\"1312\">\n<p data-start=\"1226\" data-end=\"1312\"><strong data-start=\"1226\" data-end=\"1258\">Lavet med k\u00e6rlighed i Europa<\/strong> - b\u00e6redygtig, dyrevenlig og fair produceret<\/p>\n<\/li>\n<li data-start=\"1313\" data-end=\"1402\">\n<p data-start=\"1315\" data-end=\"1402\"><strong data-start=\"1315\" data-end=\"1341\">Str\u00e6kbar og behagelig<\/strong> - s\u00e5 dit barn kan bev\u00e6ge sig, opdage og vokse frit<\/p>\n<\/li>\n<\/ul>\n<p data-start=\"1404\" data-end=\"1573\">Uanset om du er p\u00e5 udkig efter det f\u00f8rste outfit til din nyf\u00f8dte eller en velkendt buks til din kravlende opdagelsesrejsende: Disse babybukser i uld passer ubesv\u00e6ret til alle stadier.<\/p>\n<p data-start=\"1575\" data-end=\"1885\"><strong data-start=\"1575\" data-end=\"1618\">Hvorfor v\u00e6lge babyt\u00f8j af uld?<\/strong><br data-start=\"1618\" data-end=\"1621\" \/>Uld er et af naturens vidundere. Det er antibakterielt, stopper ubehagelige lugte og beh\u00f8ver n\u00e6sten ikke at blive vasket. Og m\u00e5ske det bedste af det hele er, at uld \u00e5nder. Det betyder, at din baby altid vil have den helt rigtige varme uden at blive overophedet.<\/p>\n<p data-start=\"1887\" data-end=\"2016\">Babybukser i uld er ikke en un\u00f8dvendig luksus, men et bevidst valg for komfort, sundhed og bekvemmelighed - for dig og din baby.<\/p>\n<p data-start=\"2018\" data-end=\"2152\"><strong data-start=\"2018\" data-end=\"2045\">Tip fra andre m\u00f8dre:<\/strong> Kombiner shortsene med en uldtr\u00f8je eller cardigan, og find selv ud af, hvorfor uld er s\u00e5 popul\u00e6rt.<\/p>","protected":false},"excerpt":{"rendered":"<p><strong data-start=\"165\" data-end=\"238\">Uldbabybukser i 100% merinould - bl\u00f8de, \u00e5ndbare og naturlige<\/strong><br data-start=\"238\" data-end=\"241\" \/>Denne fine <em data-start=\"251\" data-end=\"272\">Babybukser i uld<\/em> er lavet af superbl\u00f8d merinould fra Italien. Ulden er \u00e5ndbar, temperaturregulerende og perfekt til din babys f\u00f8lsomme hud. Varm om vinteren, k\u00f8lig om sommeren - ideel til alle \u00e5rstider. Takket v\u00e6re den naturlige elasticitet sidder bukserne p\u00e6nt uden at klemme, s\u00e5 din baby kan bev\u00e6ge sig frit. Fremstillet i Europa med k\u00e6rlighed og omtanke for mennesker, dyr og natur. F\u00e5s i fire farver: ecru, beige, lysegr\u00e5 og lyser\u00f8d i st\u00f8rrelserne 2-6 mdr. &amp; 6-12 m\u00e5neder.<\/p>\n<p><strong>M\u00e6rke: Woolskins<\/strong><br \/>\n<strong>Produkt: Polen<\/strong><\/p>","protected":false},"featured_media":25519,"comment_status":"open","ping_status":"closed","template":"","meta":{"_acf_changed":false},"product_brand":[],"product_cat":[360,364,200,499,322,344,194],"product_tag":[],"class_list":{"0":"post-25516","1":"product","2":"type-product","3":"status-publish","4":"has-post-thumbnail","6":"product_cat-cadeautips","7":"product_cat-cadeaus-vanaf-e50","8":"product_cat-wollen-babykleding","9":"product_cat-new-arrivals","10":"product_cat-broekjes","11":"product_cat-kleertjes","12":"product_cat-wollen-babyproducten","13":"pa_maat-2-6-maanden","14":"pa_maat-6-12-maanden","16":"first","17":"instock","18":"taxable","19":"shipping-taxable","20":"purchasable","21":"product-type-variable"},"acf":[],"_links":{"self":[{"href":"https:\/\/woolskins.eu\/da\/wp-json\/wp\/v2\/product\/25516","targetHints":{"allow":["GET"]}}],"collection":[{"href":"https:\/\/woolskins.eu\/da\/wp-json\/wp\/v2\/product"}],"about":[{"href":"https:\/\/woolskins.eu\/da\/wp-json\/wp\/v2\/types\/product"}],"replies":[{"embeddable":true,"href":"https:\/\/woolskins.eu\/da\/wp-json\/wp\/v2\/comments?post=25516"}],"wp:featuredmedia":[{"embeddable":true,"href":"https:\/\/woolskins.eu\/da\/wp-json\/wp\/v2\/media\/25519"}],"wp:attachment":[{"href":"https:\/\/woolskins.eu\/da\/wp-json\/wp\/v2\/media?parent=25516"}],"wp:term":[{"taxonomy":"product_brand","embeddable":true,"href":"https:\/\/woolskins.eu\/da\/wp-json\/wp\/v2\/product_brand?post=25516"},{"taxonomy":"product_cat","embeddable":true,"href":"https:\/\/woolskins.eu\/da\/wp-json\/wp\/v2\/product_cat?post=25516"},{"taxonomy":"product_tag","embeddable":true,"href":"https:\/\/woolskins.eu\/da\/wp-json\/wp\/v2\/product_tag?post=25516"}],"curies":[{"name":"wp","href":"https:\/\/api.w.org\/{rel}","templated":true}]}}