{"id":25345,"date":"2025-06-20T09:09:46","date_gmt":"2025-06-20T09:09:46","guid":{"rendered":"https:\/\/woolskins.eu\/?post_type=product&#038;p=25345"},"modified":"2026-05-13T11:32:34","modified_gmt":"2026-05-13T11:32:34","slug":"zaffiro-uldfodpose-0-3-ar-igrow-beige","status":"publish","type":"product","link":"https:\/\/woolskins.eu\/da\/zaffiro-wollen-voetenzak-0-3-jaar-igrow-beige\/","title":{"rendered":"Zaffiro | Uldfodpose 0-3 \u00e5r - iGrow | Filtet hasseln\u00f8d"},"content":{"rendered":"<p data-start=\"159\" data-end=\"496\"><strong data-start=\"159\" data-end=\"217\">Varmt, luksuri\u00f8st og naturligt behageligt - hele \u00e5ret rundt.<br \/>\n<\/strong><br data-start=\"217\" data-end=\"220\" \/>G\u00e5 ubekymret p\u00e5 farten med din baby i denne smukke uldfodpose fra\u00a0<strong data-start=\"293\" data-end=\"304\">Zaffiro<\/strong>, Den er lavet udelukkende af naturlig premium-uld af h\u00f8j kvalitet. Denne fodpose giver ikke kun varme og komfort, men ogs\u00e5 et gennemt\u00e6nkt design, der vokser med dit barn - op til 3 \u00e5r.<\/p>\n<p data-start=\"498\" data-end=\"786\">Takket v\u00e6re det smarte forl\u00e6ngerstykke kan fodposen nemt justeres i l\u00e6ngden. Den nederste del kan lynes op og skabe ekstra plads til voksende ben med et enkelt greb. P\u00e5 den m\u00e5de er denne fodpose et holdbart og praktisk valg i flere s\u00e6soner.<\/p>\n<p data-start=\"788\" data-end=\"1048\">Fodposen har lodrette \u00e5bninger til sikkerhedsseler og passer til n\u00e6sten alle systemer: fra 3- og 5-punktsseler til barnevogne og klapvogne med fastgjorte stropper. S\u00e5 du kan fastg\u00f8re den nemt og sikkert, uanset hvor du g\u00e5r.<\/p>\n<p data-start=\"1050\" data-end=\"1369\">Det, der g\u00f8r denne fodpose til noget helt s\u00e6rligt, er det dobbelte lag af bl\u00f8d ulvefleece. Denne naturlige uld giver en fremragende temperaturregulering: vidunderligt varm om vinteren og overraskende k\u00f8lig om sommeren. Toppen af fodposen er helt aftagelig, s\u00e5 du kan tilpasse den til temperaturen p\u00e5 alle \u00e5rstider.<\/p>\n<p data-start=\"1371\" data-end=\"1553\">Med sit tidl\u00f8se look, materialer af h\u00f8j kvalitet og komfortable interi\u00f8r er denne Zaffiro-fodpose et luksuri\u00f8st must-have for for\u00e6ldre, der kun vil have det bedste til deres barn.<\/p>\n<p data-start=\"1555\" data-end=\"1583\"><strong data-start=\"1555\" data-end=\"1583\">Et overblik over funktionerne:<\/strong><\/p>\n<ul data-start=\"1584\" data-end=\"1967\">\n<li data-start=\"1584\" data-end=\"1633\">\n<p data-start=\"1586\" data-end=\"1633\">100% zuiver scheerwolvezel, Felted.<\/p>\n<\/li>\n<li data-start=\"1584\" data-end=\"1633\">\n<p data-start=\"1586\" data-end=\"1633\">Heeft het Oeko-Tex Standard keurmerk.<\/p>\n<\/li>\n<li data-start=\"1584\" data-end=\"1633\">\n<p data-start=\"1586\" data-end=\"1633\">Egnet op til ca. 3 \u00e5r takket v\u00e6re det udvidelige design<\/p>\n<\/li>\n<li data-start=\"1584\" data-end=\"1633\">\n<p data-start=\"1586\" data-end=\"1633\">Kan justeres i l\u00e6ngden takket v\u00e6re den aftagelige fodsektion<\/p>\n<\/li>\n<li data-start=\"1584\" data-end=\"1633\">\n<p data-start=\"1586\" data-end=\"1633\">To lag uld giver ekstra varme og komfort<\/p>\n<\/li>\n<li data-start=\"1584\" data-end=\"1633\">\n<p data-start=\"1586\" data-end=\"1633\">Toppen er fuldt aftagelig - ideel til enhver s\u00e6son<\/p>\n<\/li>\n<li data-start=\"1584\" data-end=\"1633\">\n<p data-start=\"1586\" data-end=\"1633\">Kompatibel med 3-punkts- og 5-punktsb\u00e6lter samt modeller med faste stropper<\/p>\n<\/li>\n<li data-start=\"1584\" data-end=\"1633\">\n<p data-start=\"1586\" data-end=\"1633\">Tidl\u00f8st design, b\u00e6redygtigt produceret<\/p>\n<\/li>\n<\/ul>\n<p data-start=\"1969\" data-end=\"2053\">Fork\u00e6l dit barn med det bedste fra naturen - varmt, sikkert og altid behageligt p\u00e5 farten.<\/p>\n<h3 data-start=\"324\" data-end=\"388\"><strong data-start=\"328\" data-end=\"388\">Premium uldfodpose lavet af 100% naturlig f\u00e5reuld<\/strong><\/h3>\n<p data-start=\"390\" data-end=\"796\">Denne\u00a0<strong data-start=\"395\" data-end=\"438\">Fodpose i uld til babyer og sm\u00e5b\u00f8rn<\/strong>\u00a0is gemaakt van\u00a0<strong data-start=\"459\" data-end=\"481\">premium scheerwol,<\/strong>\u00a0et naturmateriale, der er kendt for sin enest\u00e5ende varme, bl\u00f8dhed og \u00e5ndbarhed. Takket v\u00e6re en s\u00e6rlig forarbejdning har stoffet en bl\u00f8d h\u00e5rstruktur p\u00e5 begge sider, hvilket giver ekstra komfort og optimal isolering. Ideel til brug b\u00e5de om vinteren og p\u00e5 k\u00f8lige sommerdage.<\/p>\n<p data-start=\"798\" data-end=\"1067\">Det dobbelte lag\u00a0<strong data-start=\"814\" data-end=\"827\">Ulvev\u00e6v<\/strong>\u00a0giver fremragende beskyttelse mod kulde og vind. Samtidig er den naturlige\u00a0<strong data-start=\"907\" data-end=\"926\">termoregulering<\/strong>\u00a0af uld sikrer, at dit barn ikke bliver overophedet p\u00e5 varme dage. Denne\u00a0<strong data-start=\"1001\" data-end=\"1027\">Fodpose i babyuld<\/strong>\u00a0Derfor er den perfekt til alle \u00e5rstider.<\/p>\n<p data-start=\"1069\" data-end=\"1106\"><strong data-start=\"1069\" data-end=\"1106\">Fordele ved f\u00f8rsteklasses f\u00e5reuld:<\/strong><\/p>\n<ul data-start=\"1107\" data-end=\"1464\">\n<li data-start=\"1107\" data-end=\"1184\">\n<p data-start=\"1109\" data-end=\"1184\"><strong data-start=\"1109\" data-end=\"1145\">Naturligt temperaturregulerende<\/strong>: varm om vinteren, k\u00f8lig om sommeren<\/p>\n<\/li>\n<li data-start=\"1185\" data-end=\"1257\">\n<p data-start=\"1187\" data-end=\"1257\"><strong data-start=\"1187\" data-end=\"1204\">Hygroskopisk<\/strong>: absorberer fugt effektivt og holder din baby t\u00f8r<\/p>\n<\/li>\n<li data-start=\"1258\" data-end=\"1333\">\n<p data-start=\"1260\" data-end=\"1333\"><strong data-start=\"1260\" data-end=\"1299\">Selvrensende og lugtneutraliserende<\/strong>: Afviser snavs og ubehagelige lugte<\/p>\n<\/li>\n<li data-start=\"1334\" data-end=\"1402\">\n<p data-start=\"1336\" data-end=\"1402\"><strong data-start=\"1336\" data-end=\"1369\">Anti-allergisk og mide-resistent<\/strong>: sikker for f\u00f8lsom hud<\/p>\n<\/li>\n<li data-start=\"1403\" data-end=\"1464\">\n<p data-start=\"1405\" data-end=\"1464\"><strong data-start=\"1405\" data-end=\"1431\">Holdbar og hygiejnisk<\/strong>: egnet til daglig brug<\/p>\n<\/li>\n<\/ul>\n<p data-start=\"1466\" data-end=\"1687\">Denne luksus\u00a0<strong data-start=\"1476\" data-end=\"1504\">Fodpose af f\u00e5reuld<\/strong>\u00a0er et must-have for for\u00e6ldre, der er p\u00e5 udkig efter en \u00f8kologisk, komfortabel og funktionel l\u00f8sning, n\u00e5r de er p\u00e5 farten. Det perfekte valg til barnevognen, klapvognen eller autostolen.<\/p>","protected":false},"excerpt":{"rendered":"<p data-start=\"133\" data-end=\"435\"><strong data-start=\"133\" data-end=\"211\">Hyg dig med din baby i denne varme uldne fodpose fra Zaffiro.<br \/>\n<\/strong><br data-start=\"211\" data-end=\"214\" \/>Volledig gemaakt van natuurlijk, premium wolfleece en geschikt voor gebruik tot wel 3 jaar dankzij het slimme verlengstuk. Het onderste deel is namelijk los te ritsen, waardoor de voetenzak in lengte kan worden aangepast. Dankzij de openingen in de lengterichting voor veiligheidsgordels is deze voetenzak geschikt voor zowel 3- als 5-punts gordelsystemen en ook voor modellen met aangesloten riempjes. De Zaffiro wollen voetenzak is luxe, warm \u00e9n comfortabel. Met twee lagen wolfleece biedt hij extra warmte in de winter, terwijl de bovenkant volledig afgeritst kan worden voor gebruik in warmere seizoenen. Zo weet je zeker dat je kindje het hele jaar door comfortabel zit. Bekijk hieronder alle details en specificaties.<\/p>\n<p><strong>M\u00e6rke: Zaffiro<\/strong><br \/>\n<strong>Produktion: Polen<br \/>\nKeur: Oeko-Tex Standard<\/strong><\/p>\n<p><img loading=\"lazy\" decoding=\"async\" class=\"alignnone wp-image-28173 entered lazyloaded\" src=\"https:\/\/woolskins.eu\/wp-content\/uploads\/2024\/05\/csm_OEKO-TEX_Logo_2022_rgb_c1aaeb5ceb-300x300.jpg\" alt=\"\" width=\"89\" height=\"89\" data-lazy-src=\"https:\/\/woolskins.eu\/wp-content\/uploads\/2024\/05\/csm_OEKO-TEX_Logo_2022_rgb_c1aaeb5ceb-300x300.jpg\" data-ll-status=\"loaded\" srcset=\"https:\/\/woolskins.eu\/wp-content\/uploads\/2024\/05\/csm_OEKO-TEX_Logo_2022_rgb_c1aaeb5ceb-300x300.jpg 300w, https:\/\/woolskins.eu\/wp-content\/uploads\/2024\/05\/csm_OEKO-TEX_Logo_2022_rgb_c1aaeb5ceb-150x150.jpg 150w, https:\/\/woolskins.eu\/wp-content\/uploads\/2024\/05\/csm_OEKO-TEX_Logo_2022_rgb_c1aaeb5ceb-768x769.jpg 768w, https:\/\/woolskins.eu\/wp-content\/uploads\/2024\/05\/csm_OEKO-TEX_Logo_2022_rgb_c1aaeb5ceb-12x12.jpg 12w, https:\/\/woolskins.eu\/wp-content\/uploads\/2024\/05\/csm_OEKO-TEX_Logo_2022_rgb_c1aaeb5ceb-600x601.jpg 600w, https:\/\/woolskins.eu\/wp-content\/uploads\/2024\/05\/csm_OEKO-TEX_Logo_2022_rgb_c1aaeb5ceb-100x100.jpg 100w, https:\/\/woolskins.eu\/wp-content\/uploads\/2024\/05\/csm_OEKO-TEX_Logo_2022_rgb_c1aaeb5ceb-64x64.jpg 64w, https:\/\/woolskins.eu\/wp-content\/uploads\/2024\/05\/csm_OEKO-TEX_Logo_2022_rgb_c1aaeb5ceb.jpg 885w\" sizes=\"auto, (max-width: 89px) 100vw, 89px\" \/><\/p>","protected":false},"featured_media":25387,"comment_status":"closed","ping_status":"closed","template":"","meta":{"_acf_changed":false},"product_brand":[],"product_cat":[352,499,336,502],"product_tag":[],"class_list":{"0":"post-25345","1":"product","2":"type-product","3":"status-publish","4":"has-post-thumbnail","6":"product_cat-merken","7":"product_cat-new-arrivals","8":"product_cat-voetenzakken","9":"product_cat-zaffiro","11":"first","12":"instock","13":"taxable","14":"shipping-taxable","15":"purchasable","16":"product-type-simple"},"acf":[],"_links":{"self":[{"href":"https:\/\/woolskins.eu\/da\/wp-json\/wp\/v2\/product\/25345","targetHints":{"allow":["GET"]}}],"collection":[{"href":"https:\/\/woolskins.eu\/da\/wp-json\/wp\/v2\/product"}],"about":[{"href":"https:\/\/woolskins.eu\/da\/wp-json\/wp\/v2\/types\/product"}],"replies":[{"embeddable":true,"href":"https:\/\/woolskins.eu\/da\/wp-json\/wp\/v2\/comments?post=25345"}],"wp:featuredmedia":[{"embeddable":true,"href":"https:\/\/woolskins.eu\/da\/wp-json\/wp\/v2\/media\/25387"}],"wp:attachment":[{"href":"https:\/\/woolskins.eu\/da\/wp-json\/wp\/v2\/media?parent=25345"}],"wp:term":[{"taxonomy":"product_brand","embeddable":true,"href":"https:\/\/woolskins.eu\/da\/wp-json\/wp\/v2\/product_brand?post=25345"},{"taxonomy":"product_cat","embeddable":true,"href":"https:\/\/woolskins.eu\/da\/wp-json\/wp\/v2\/product_cat?post=25345"},{"taxonomy":"product_tag","embeddable":true,"href":"https:\/\/woolskins.eu\/da\/wp-json\/wp\/v2\/product_tag?post=25345"}],"curies":[{"name":"wp","href":"https:\/\/api.w.org\/{rel}","templated":true}]}}